{"id":29430,"date":"2020-04-06T15:24:11","date_gmt":"2020-04-06T15:24:11","guid":{"rendered":"http:\/\/www.hgi-cgs.hr\/?page_id=29430"},"modified":"2026-04-28T09:39:51","modified_gmt":"2026-04-28T09:39:51","slug":"zavod-za-geologiju-nacionalni-kompetativni-projekti","status":"publish","type":"page","link":"https:\/\/www.hgi-cgs.hr\/en\/zavod-za-geologiju-nacionalni-kompetativni-projekti\/","title":{"rendered":"Zavod za geologiju &#8211; Nacionalni kompetativni projekti"},"content":{"rendered":"<p>[et_pb_section fb_built=&#8221;1&#8243; fullwidth=&#8221;on&#8221; _builder_version=&#8221;4.16&#8243; custom_padding=&#8221;0px||0px|||&#8221; global_colors_info=&#8221;{}&#8221;][et_pb_fullwidth_slider _builder_version=&#8221;4.16&#8243; min_height=&#8221;112px&#8221; height=&#8221;400px&#8221; custom_margin=&#8221;0px||||false|false&#8221; custom_padding=&#8221;0px||18px||false|false&#8221; auto=&#8221;on&#8221; auto_ignore_hover=&#8221;on&#8221; locked=&#8221;off&#8221; global_colors_info=&#8221;{}&#8221;][et_pb_slide heading=&#8221;Hrvatski geolo\u0161ki institut&#8221; _builder_version=&#8221;4.16&#8243; header_font=&#8221;|||on|||||&#8221; background_image=&#8221;https:\/\/www.hgi-cgs.hr\/wp-content\/uploads\/2020\/03\/Br\u010di\u0107_Drvenik02-scaled.jpg&#8221; background_enable_image=&#8221;on&#8221; locked=&#8221;off&#8221; global_colors_info=&#8221;{}&#8221; sticky_transition=&#8221;on&#8221;][\/et_pb_slide][et_pb_slide heading=&#8221;Hrvatski geolo\u0161ki institut&#8221; _builder_version=&#8221;4.16&#8243; header_font=&#8221;|||on|||||&#8221; background_image=&#8221;https:\/\/www.hgi-cgs.hr\/wp-content\/uploads\/2020\/03\/ban2-scaled.jpg&#8221; background_enable_image=&#8221;on&#8221; locked=&#8221;off&#8221; global_colors_info=&#8221;{}&#8221; sticky_transition=&#8221;on&#8221;][\/et_pb_slide][et_pb_slide heading=&#8221;Hrvatski geolo\u0161ki institut&#8221; _builder_version=&#8221;4.16&#8243; header_font=&#8221;|||on|||||&#8221; background_image=&#8221;https:\/\/www.hgi-cgs.hr\/wp-content\/uploads\/2020\/03\/20190228_094232-scaled.jpg&#8221; background_enable_image=&#8221;on&#8221; locked=&#8221;off&#8221; global_colors_info=&#8221;{}&#8221; sticky_transition=&#8221;on&#8221;][\/et_pb_slide][et_pb_slide heading=&#8221;Hrvatski geolo\u0161ki institut&#8221; _builder_version=&#8221;4.16&#8243; header_font=&#8221;|||on|||||&#8221; background_image=&#8221;https:\/\/www.hgi-cgs.hr\/wp-content\/uploads\/2020\/03\/ban3-scaled.jpg&#8221; background_enable_image=&#8221;on&#8221; locked=&#8221;off&#8221; global_colors_info=&#8221;{}&#8221; sticky_transition=&#8221;on&#8221;][\/et_pb_slide][et_pb_slide heading=&#8221;Hrvatski geolo\u0161ki institut&#8221; _builder_version=&#8221;4.16&#8243; header_font=&#8221;|||on|||||&#8221; background_image=&#8221;https:\/\/www.hgi-cgs.hr\/wp-content\/uploads\/2020\/03\/Bijele_stijene-Gorski_kotar-scaled.jpg&#8221; background_enable_image=&#8221;on&#8221; locked=&#8221;off&#8221; global_colors_info=&#8221;{}&#8221; sticky_transition=&#8221;on&#8221;][\/et_pb_slide][et_pb_slide heading=&#8221;Hrvatski geolo\u0161ki institut&#8221; _builder_version=&#8221;4.16&#8243; header_font=&#8221;|||on|||||&#8221; background_image=&#8221;https:\/\/www.hgi-cgs.hr\/wp-content\/uploads\/2020\/03\/ban4-scaled.jpg&#8221; background_enable_image=&#8221;on&#8221; locked=&#8221;off&#8221; global_colors_info=&#8221;{}&#8221; sticky_transition=&#8221;on&#8221;][\/et_pb_slide][et_pb_slide heading=&#8221;Hrvatski geolo\u0161ki institut&#8221; _builder_version=&#8221;4.16&#8243; header_font=&#8221;|||on|||||&#8221; background_image=&#8221;https:\/\/www.hgi-cgs.hr\/wp-content\/uploads\/2020\/03\/ban5-scaled.jpg&#8221; background_enable_image=&#8221;on&#8221; locked=&#8221;off&#8221; global_colors_info=&#8221;{}&#8221; sticky_transition=&#8221;on&#8221;][\/et_pb_slide][\/et_pb_fullwidth_slider][\/et_pb_section][et_pb_section fb_built=&#8221;1&#8243; _builder_version=&#8221;4.16&#8243; global_colors_info=&#8221;{}&#8221;][et_pb_row _builder_version=&#8221;4.16&#8243; global_colors_info=&#8221;{}&#8221;][et_pb_column type=&#8221;4_4&#8243; _builder_version=&#8221;4.16&#8243; global_colors_info=&#8221;{}&#8221;][et_pb_text _builder_version=&#8221;4.16&#8243; text_font_size=&#8221;32px&#8221; header_2_text_color=&#8221;#1e5096&#8243; global_colors_info=&#8221;{}&#8221;]<\/p>\n<h2 style=\"text-align: center; color: #1e5096;\"><strong>ZAVOD ZA GEOLOGIJU<\/strong><\/h2>\n<h2 style=\"text-align: center; color: #1e5096;\"><strong>Nacionalni kompetativni projekti <br \/><\/strong><\/h2>\n<p>[\/et_pb_text][et_pb_image src=&#8221;https:\/\/www.hgi-cgs.hr\/wp-content\/uploads\/2018\/08\/HRZZ_Logo.jpg&#8221; align=&#8221;center&#8221; _builder_version=&#8221;4.16&#8243; width=&#8221;30%&#8221; global_colors_info=&#8221;{}&#8221;][\/et_pb_image][\/et_pb_column][\/et_pb_row][\/et_pb_section][et_pb_section fb_built=&#8221;1&#8243; _builder_version=&#8221;4.16&#8243; custom_padding=&#8221;20px||41px|||&#8221; global_colors_info=&#8221;{}&#8221;][et_pb_row _builder_version=&#8221;4.16&#8243; custom_padding=&#8221;||50px&#8221; global_colors_info=&#8221;{}&#8221;][et_pb_column type=&#8221;4_4&#8243; _builder_version=&#8221;4.16&#8243; custom_padding=&#8221;|||&#8221; global_colors_info=&#8221;{}&#8221; custom_padding__hover=&#8221;|||&#8221;][et_pb_tabs _builder_version=&#8221;4.27.6&#8243; custom_padding=&#8221;|0px||||&#8221; hover_enabled=&#8221;0&#8243; global_colors_info=&#8221;{}&#8221; sticky_enabled=&#8221;0&#8243;][et_pb_tab title=&#8221;Nacionalni kompetitivni projekti&#8221; _builder_version=&#8221;4.27.6&#8243; hover_enabled=&#8221;0&#8243; global_colors_info=&#8221;{}&#8221; sticky_enabled=&#8221;0&#8243;]<\/p>\n<p><a href=\"https:\/\/www.hgi-cgs.hr\/pyroska\/\"><em><strong><\/strong><\/em><\/a><a href=\"https:\/\/www.hgi-cgs.hr\/istrazivanje-eocenskih-klimatskih-promjena-istarskog-bazena-neotetisa\/\" role=\"link\"><em><strong>TEaCh-IN \u2013 Istra\u017eivanje eocenskih klimatskih promjena Istarskog bazena Neotetisa (<\/strong><strong><\/strong><strong>Tracking Eocene climate change in the Istrian basin (Croatia) of the Neotethys (TEaCh-IN)<\/strong><\/em><\/a><\/p>\n<p><em><strong><a href=\"https:\/\/www.hgi-cgs.hr\/nagle-klimatske-promjene-dokazi-iz-kvartarnih-sedimentoloskih-zapisa-u-hrvatskoj-abrupt-climate-changes-evidence-from-quaternary-sedimentological-sequences-in-croatia-accent\/\"><\/a><\/strong><\/em><\/p>\n<p>&nbsp;<\/p>\n<p>[\/et_pb_tab][et_pb_tab title=&#8221;Program geolo\u0161kih karata&#8221; _builder_version=&#8221;4.16&#8243; global_colors_info=&#8221;{}&#8221;]<\/p>\n<p><a href=\"https:\/\/www.hgi-cgs.hr\/program-geoloskih-karata-osnovna-geoloska-karta-rh\/\"><em><strong><\/strong><strong>Osnovna geolo\u0161ka karta RH<\/strong><\/em><\/a><\/p>\n<p><strong><em><a href=\"https:\/\/www.hgi-cgs.hr\/program-geoloskih-karata-osnovna-geokemijska-karta-rh\/\">Osnovna geokemijska karta RH<\/a><\/em><\/strong><\/p>\n<p>[\/et_pb_tab][et_pb_tab title=&#8221;Projekti EU fondova&#8221; _builder_version=&#8221;4.27.4&#8243; global_colors_info=&#8221;{}&#8221;][\/et_pb_tab][et_pb_tab title=&#8221;Gospodarstveni projekti&#8221; _builder_version=&#8221;4.27.4&#8243; global_colors_info=&#8221;{}&#8221;]<\/p>\n<p><em><strong><a href=\"https:\/\/www.hgi-cgs.hr\/geolokaliteti-parka-prirode-biokovo\/\">Geolokaliteti Parka prirode Biokovo\u00a0<\/a><\/strong><\/em><\/p>\n<p><em><strong><a href=\"https:\/\/www.hgi-cgs.hr\/gospodarstveni-projekti-bisevo\/\">Studije valorizacije prirodne ba\u0161tine otoka Bi\u0161eva<\/a><\/strong><\/em><\/p>\n<p>[\/et_pb_tab][et_pb_tab title=&#8221;Zavr\u0161eni projekti&#8221; _builder_version=&#8221;4.27.6&#8243; hover_enabled=&#8221;0&#8243; global_colors_info=&#8221;{}&#8221; sticky_enabled=&#8221;0&#8243;]<\/p>\n<p><a href=\"https:\/\/www.hgi-cgs.hr\/pyroska\/\"><em><strong><\/strong><\/em><\/a><em><strong><a href=\"https:\/\/www.hgi-cgs.hr\/nagle-klimatske-promjene-dokazi-iz-kvartarnih-sedimentoloskih-zapisa-u-hrvatskoj-abrupt-climate-changes-evidence-from-quaternary-sedimentological-sequences-in-croatia-accent\/\">ACCENT &#8211; Nagle klimatske promjene \u2013 Dokazi iz kvartarnih sedimentolo\u0161kih zapisa u Hrvatskoj (Abrupt climate changes \u2013 Evidence from Quaternary sedimentological sequences in Croatia)<\/a><\/strong><\/em><\/p>\n<p><em><a href=\"https:\/\/www.hgi-cgs.hr\/pyroska\/\"><strong>PYROSKA &#8211; Miocenska sin-riftna evolucija Sjevernohrvatskog bazena (Karpatsko-Panonska regija): \u201cmulti-proxy\u201d pristup, korelacija i integriranje sedimentnog i vulkanskog zapisa (UIP-2019-04-7761)<\/strong><\/a><\/em><\/p>\n<p><strong><em><a href=\"https:\/\/www.hgi-cgs.hr\/nacionalni-kompetativni-projekti-geosekva\/\">GEOSEKVA: Geological and seismological aspect of geodynamics in Kvarner area \u2013 unveiling of the Kvarner fault<\/a><\/em><\/strong><\/p>\n<p><strong><em><a href=\"https:\/\/www.hgi-cgs.hr\/gost\/\" target=\"_blank\" rel=\"noopener noreferrer\">GOST (Vulkano-sedimentne sukcesije sjeverozapadne Hrvatske i njihova uloga u razumijevanju geodinamike Paleotetisa tijekom srednjeg trijasa)<\/a><\/em><\/strong><\/p>\n<p><a href=\"https:\/\/www.hgi-cgs.hr\/gospodarstveni-projekti-geopark-imotski\/\" role=\"link\"><em><strong>Geopark Imotski<\/strong><\/em><\/a><\/p>\n<p><em><strong><a href=\"https:\/\/www.hgi-cgs.hr\/gospodarstveni-projekti-pp-biokovo\/\" role=\"link\">PP Biokovo \u2013 OGK i inventarizacija geolo\u0161ke ba\u0161tine<\/a><\/strong><\/em><\/p>\n<p><em><strong><a href=\"https:\/\/www.hgi-cgs.hr\/projekti-eu-fondova-geotwinn\/\" role=\"link\">Strengthening research in the Croatian Geological Survey: Geoscience-Twinning to develop state-of-the-art subsurface modelling capability and scientific impact (GeoTwin)<\/a><\/strong><\/em><\/p>\n<p><em><strong><a href=\"https:\/\/www.hgi-cgs.hr\/projekti-eu-fondova-geoconnect%c2%b3d\/\" role=\"link\">Cross-border, cross-thematic multiscale framework for combining geological models and data for resource appraisal and policy support (GeoConnect\u00b3d)<\/a><\/strong><\/em><\/p>\n<p><em><strong><a href=\"https:\/\/www.hgi-cgs.hr\/projekti-eu-fondova-eurolithos\/\" role=\"link\">EuroLithos: European Ornamental stone resources<\/a><\/strong><\/em><\/p>\n<p><em><strong><a href=\"https:\/\/www.hgi-cgs.hr\/projekti-eu-fondova-geoera-information-platform-project\/\" role=\"link\">GeoERA Information Platform project<\/a><\/strong><\/em><\/p>\n<p><em><strong><a href=\"https:\/\/www.hgi-cgs.hr\/projekti-eu-fondova-simona\/\" role=\"link\">SIMONA \u2013 Sediment-quality Information, Monitoring and Assessment System to support transnational cooperation for joint Danube Basin water management<\/a><\/strong><\/em><\/p>\n<p><a href=\"https:\/\/www.hgi-cgs.hr\/sapiq\/\"><em><strong>SAPIQ: Standardisation and applyed investigation of quaternary sediments in Croatia<\/strong><\/em><\/a><\/p>\n<p><em><strong><a href=\"https:\/\/www.hgi-cgs.hr\/diacromixpest\/\">DIACROMIXPEST: Razvoj formulacija novih prirodnih insekticida na osnovi inertnih i botani\u010dkih insekticida i njihovih kombinacija kao zamjena za sintetske konvencionalne insekticide<\/a><\/strong><\/em><\/p>\n<p><em><strong><a href=\"https:\/\/www.hgi-cgs.hr\/rgsp-rfmp\/\">RGSP\/RFMP: Rimski grobni spomenici jugozapadne Panonije u svom materijalnom, dru\u0161tvenom i religijskom kontekstu<\/a><\/strong><\/em><\/p>\n<p><strong><em><a href=\"https:\/\/www.hgi-cgs.hr\/projekti-eu-fondova-safearth\/\">safEarth &#8211; Transnational advanced management of land use risk through landslide susceptibility maps design<\/a><\/em><\/strong><\/p>\n<p><strong><em><a href=\"https:\/\/www.hgi-cgs.hr\/projekti-eu-fondova-darlinge\/\">DARLINGe \u2013 Danube Region Leading Geothermal Energy<\/a><\/em><\/strong><\/p>\n<p><strong><em><a href=\"https:\/\/www.hgi-cgs.hr\/projekti-eu-fondova-iquame-2500\/\">The Project on the Review and Harmonisation of the International Quaternary Map, scale 1:2,5 Million IQUAME 2500 EU<\/a><\/em><\/strong><\/p>\n<p><strong><em><a href=\"https:\/\/www.hgi-cgs.hr\/projekti-eu-fondova-stratigraphy-and-correlation\/\">Stratigraphy and correlation of Upper Miocene\u2013Pliocene sediments along the Croatian-Hungarian border; Stratigrafija i korelacija gornjomiocensko-pliocenskih sedimenata du\u017e hrvatsko-ma\u0111arske granice<\/a><\/em><\/strong><\/p>\n<p><em><strong><a href=\"https:\/\/www.hgi-cgs.hr\/projekti-eu-fondova-trans-boundary\/\">Trans-boundary contamination risk assessment and modelling for sustainable soil management, food safety and natural riverine habitat protection in the Drava River floodplain &#8211; Geokemijska istra\u017eivanja tla poplavne ravnice rijeke Drave i procjena one\u010di\u0161\u0107enja od potencijalno \u0161kodljivih elemenata<\/a><\/strong><\/em><\/p>\n<p><em><strong><a href=\"https:\/\/www.hgi-cgs.hr\/projekti-eu-fondova-urge\/\">URGE \u2013 Urban Geochemistry in Europe<\/a><\/strong><\/em><\/p>\n<p><em><strong><a href=\"https:\/\/www.hgi-cgs.hr\/zavrseni-projekti-geoloska-karta-konavala\/\">Geolo\u0161ka karta Konavala 1:50.000 \u2013 nu\u017ena pretpostavka odr\u017eivog razvoja (Geological Map of Konavle 1:50.000 a Necessary Precondition of Sustainable Development)<\/a><\/strong><\/em><\/p>\n<p><em><strong><a href=\"https:\/\/www.hgi-cgs.hr\/zavrseni-projekti-strukturno-geomorfoloska-karta-rh\/\">Strukturno-geomorfolo\u0161ka karta Republike Hrvatske 1:100.000<\/a><\/strong><\/em><\/p>\n<p><em><strong><a href=\"https:\/\/www.hgi-cgs.hr\/tektonska-karta-rh\/\">Tektonska karta Republike Hrvatske 1:300.000<\/a><\/strong><\/em><\/p>\n<p><em><strong><a href=\"https:\/\/www.hgi-cgs.hr\/stratigrafska-evolucija-trijasa-hrvatske\/\">Stratigrafska evolucija trijasa Hrvatske<\/a><\/strong><\/em><\/p>\n<p><em><strong><a href=\"https:\/\/www.hgi-cgs.hr\/zavrseni-projekti-holocenski-sedimenti\/\">Holocenski sedimenti kao zapis promjena u okoli\u0161u Jadranskih slivova (Holocene sediments as a record of changes in catchments of the Adriatic Coastal region)<\/a><\/strong><\/em><\/p>\n<p><em><strong><a href=\"https:\/\/www.hgi-cgs.hr\/zavrseni-projekti-stratigrafija-naslaga-krede\/\">Stratigrafija naslaga krede u okviru geodinamike jadranskog podru\u010dja Hrvatske (Stratigraphy and geodynamic context of Cretaceous deposits in the northeastern Adriatic region)<\/a><\/strong><\/em><\/p>\n<p><em><strong><a href=\"https:\/\/www.hgi-cgs.hr\/zavrseni-projekti-mezozojske-magmatske\/\">Mezozojske magmatske, pla\u0161tne i piroklasti\u010dne stijene sjeverozapadne Hrvatske (Mesozoic igneous, mantle and pyroclastic rocks of Northwestern Croatia)<\/a><\/strong><\/em><\/p>\n<p><em><strong><a href=\"https:\/\/www.hgi-cgs.hr\/zavrseni-projekti-odraz-paleoklimatskih-promjena\/\">Odraz paleoklimatskih promjena u jursko-krednim sedimentima Kr\u0161kih Dinarida<\/a><\/strong><\/em><\/p>\n<p><em><strong><a href=\"https:\/\/www.hgi-cgs.hr\/zavrseni-projekti-grada-facijesa\/\">Gra\u0111a facijesa i sekvencijalna stratigrafija Promina formacije u Dalmaciji (Facies Architecture and Sequence Stratigraphy of the Promina Formation in Dalmatia)<\/a><\/strong><\/em><\/p>\n<p><em><strong><a href=\"https:\/\/www.hgi-cgs.hr\/zavrseni-projekti-euoga\/\">EUOGA &#8211; Geolo\u0161ka procjena potencijalnih nekonvencionalnih naftnih i plinskih resursa u Europi; Geological Evaluation of Potential Unconventional Oil and Gas Resources in Europe (EUOGA)<\/a><\/strong><\/em><\/p>\n<p><em><strong><a href=\"https:\/\/www.hgi-cgs.hr\/zavrseni-projekti-roofofrock\/\">RoofOfRock &#8211; Geolo\u0161ka istra\u017eivanja arhitektonsko-gra\u0111evnog i plo\u010dastog vapnenca du\u017e jadranskog kr\u0161kog pojasa Hrvatske<\/a><\/strong><\/em><\/p>\n<p><em><strong><a href=\"https:\/\/www.hgi-cgs.hr\/zavrseni-projekti-paleoklimatska-i-geokronoloska-rekonstrukcija-lesnih-sekvencija-s-paleolitima-kvartarnih-eolskih-naslaga-istre-i-kvarnera\/\">Paleoklimatska i geokronolo\u0161ka rekonstrukcija lesnih sekvencija s paleolitima (kvartarnih eolskih naslaga) Istre i Kvarnera<\/a><\/strong><\/em><\/p>\n<p><em><strong><a href=\"https:\/\/www.hgi-cgs.hr\/zavrseni-projekti-gemas\/(opens%20in%20a new tab)\">GEMAS \u2013 Geochemical Atlas of Agricultural and Grazing Land Soils in Europe<\/a><\/strong><\/em><\/p>\n<p><em><strong><a href=\"https:\/\/www.hgi-cgs.hr\/zavrseni-projekti-joint-u-s\/\">Joint U.S. \u2013 Croatian cooperative research project: Greenhouse and transitional climates in 50 m.y. carbonate record of the Late Jurassic \u2013 Early Cretaceous Dinaric Carbonate Platfrom<\/a><\/strong><\/em><\/p>\n<p><em><strong><a href=\"https:\/\/www.hgi-cgs.hr\/zavrseni-projekti-korelacija-prapor-paleotlo-sekvencija-jugoistocne-transdanubije\/\">Korelacija prapor\/paleotlo sekvencija jugoisto\u010dne Transdanubije s isto\u010dnim i jadranskim dijelom Hrvatske (Correlation of loess\/paleosoil sequences of southeastern Transdanubia with eastern and Adriatic part of Croatia)<\/a><\/strong><\/em><\/p>\n<p><em><strong><a href=\"https:\/\/www.hgi-cgs.hr\/zavrseni-projekti-geochemistry-of-european-bottled-waters\/\">Geochemistry of European bottled waters<\/a><\/strong><\/em><\/p>\n<p><em><strong><a href=\"https:\/\/www.hgi-cgs.hr\/zavrseni-projekti-okolisno-geokemijska-istrazivanja-rijecnih-sedimenata-u-podrucju-rijeke-drave\/\">Okoli\u0161no-geokemijska istra\u017eivanja rije\u010dnih sedimenata u podru\u010dju rijeke Drave (Austrija, Slovenija, Hrvatska) na temelju mineralo\u0161ko-mikrokemijske fazne analize \u2013 dopuna metode geoke-mijskog istra\u017eivanja u Hrvatskoj i Sloveniji\u00ab (\u00bbEnvironmental geochemical investigations of stream sediments in the Drau\/Drava region (Austria, Slovenia, Croatia by mineralogical and microprobe techniques \u2013 an additional methodological approach to geochemical projects in Croatia and Slovenia\u00ab)<\/a><\/strong><\/em><\/p>\n<p><em><strong><a href=\"https:\/\/www.hgi-cgs.hr\/zavrseni-projekti-uskladivanje-i-korelacija-rezultata-kartiranja-kvartarnih-naslaga-u-dravskoj-depresiji\/\">Uskla\u0111ivanje i korelacija rezultata kartiranja kvartarnih naslaga u dravskoj depresiji (Harmonization and Correlation of Quaternary Mapping Results in the Drava Basin)<\/a><\/strong><\/em><\/p>\n<p><em><strong><a href=\"https:\/\/www.hgi-cgs.hr\/zavrseni-projekti-osnovna-geoloska-karta-nacionalnog-parka-kornati-m-150-000\/\">Osnovna geolo\u0161ka karta Nacionalnog parka Kornati M 1:50 000<\/a> <\/strong><\/em><o:p><\/o:p><\/p>\n<p><em><strong><a href=\"https:\/\/www.hgi-cgs.hr\/zavrseni-projekti-osnovna-geoloska-karta-nacionalnog-parka-kornati-m-150-000\/\">Geostaza Sutivan<\/a> <\/strong><\/em><o:p><\/o:p><\/p>\n<p><em><strong><a href=\"https:\/\/www.hgi-cgs.hr\/zavrseni-projekti-geostaze-na-podrucju-gradova-komize-i-visa-za-potrebe-geoparka-viski-arhipelag\/\">Geostaze na podru\u010dju gradova Komi\u017ee i Visa za potrebe geoparka Vi\u0161ki arhipelag<\/a> <\/strong><\/em><o:p><\/o:p><\/p>\n<p><em><strong><a href=\"https:\/\/www.hgi-cgs.hr\/zavrseni-projekti-geoloska-istrazivanja-dijapirskih-kompleksa-komiza-i-palagruza\/\">Geolo\u0161ka istra\u017eivanja dijapirskih kompleksa Komi\u017ea i Palagru\u017ea<\/a><span style=\"font-size: 12.0pt; line-height: 107%; font-family: 'Times New Roman','serif';\"> <\/span><\/strong><\/em><o:p><\/o:p><\/p>\n<p><em><strong><a href=\"https:\/\/www.hgi-cgs.hr\/zavrseni-projekti-korelacija-i-interpretacija-naslaga-trijasa-srednjeg-jadrana\/(opens%20in%20a new tab)\">Korelacija i interpretacija naslaga trijasa srednjeg Jadrana<\/a><span style=\"font-size: 12.0pt; line-height: 107%; font-family: 'Times New Roman','serif';\"> <\/span><\/strong><\/em><o:p><\/o:p><\/p>\n<p><em><strong><a href=\"https:\/\/www.hgi-cgs.hr\/zavrseni-projekti-ispitivanje-tla-u-povrsinskom-dijelu-i-po-dubini-na-organska-oneciscivala-u-dijelu-tvornice-herbos-d-d-u-stecaju-u-sisku\/\">Ispitivanje tla u povr\u0161inskom dijelu i po dubini na organska one\u010di\u0161\u0107ivala u dijelu tvornice HERBOS d.d. u ste\u010daju u Sisku<\/a> <\/strong><\/em><o:p><\/o:p><\/p>\n<p><em><strong><a href=\"https:\/\/www.hgi-cgs.hr\/zavrseni-projekti-ispitivanje-tla-u-povrsinskom-dijelu-i-po-dubini-na-teske-metale-u-dijelu-tvornice-herbos-d-d-u-stecaju-u-sisku\/\">Ispitivanje tla u povr\u0161inskom dijelu i po dubini na te\u0161ke metale u dijelu tvornice HERBOS d.d. u ste\u010daju u Sisku<\/a> <\/strong><\/em><o:p><\/o:p><\/p>\n<p>[\/et_pb_tab][\/et_pb_tabs][\/et_pb_column][\/et_pb_row][\/et_pb_section]<\/p>\n","protected":false},"excerpt":{"rendered":"<p>ZAVOD ZA GEOLOGIJU Nacionalni kompetativni projekti TEaCh-IN \u2013 Istra\u017eivanje eocenskih klimatskih promjena Istarskog bazena Neotetisa (Tracking Eocene climate change in the Istrian basin (Croatia) of the Neotethys (TEaCh-IN) &nbsp;Osnovna geolo\u0161ka karta RH Osnovna geokemijska karta RHGeolokaliteti Parka prirode Biokovo\u00a0 Studije valorizacije prirodne ba\u0161tine otoka Bi\u0161evaACCENT &#8211; Nagle klimatske promjene \u2013 Dokazi iz kvartarnih sedimentolo\u0161kih zapisa [&hellip;]<\/p>\n","protected":false},"author":1,"featured_media":0,"parent":0,"menu_order":0,"comment_status":"closed","ping_status":"closed","template":"","meta":{"_et_pb_use_builder":"on","_et_pb_old_content":"","_et_gb_content_width":"","footnotes":""},"class_list":["post-29430","page","type-page","status-publish","hentry"],"aioseo_notices":[],"_links":{"self":[{"href":"https:\/\/www.hgi-cgs.hr\/en\/wp-json\/wp\/v2\/pages\/29430","targetHints":{"allow":["GET"]}}],"collection":[{"href":"https:\/\/www.hgi-cgs.hr\/en\/wp-json\/wp\/v2\/pages"}],"about":[{"href":"https:\/\/www.hgi-cgs.hr\/en\/wp-json\/wp\/v2\/types\/page"}],"author":[{"embeddable":true,"href":"https:\/\/www.hgi-cgs.hr\/en\/wp-json\/wp\/v2\/users\/1"}],"replies":[{"embeddable":true,"href":"https:\/\/www.hgi-cgs.hr\/en\/wp-json\/wp\/v2\/comments?post=29430"}],"version-history":[{"count":26,"href":"https:\/\/www.hgi-cgs.hr\/en\/wp-json\/wp\/v2\/pages\/29430\/revisions"}],"predecessor-version":[{"id":48068,"href":"https:\/\/www.hgi-cgs.hr\/en\/wp-json\/wp\/v2\/pages\/29430\/revisions\/48068"}],"wp:attachment":[{"href":"https:\/\/www.hgi-cgs.hr\/en\/wp-json\/wp\/v2\/media?parent=29430"}],"curies":[{"name":"wp","href":"https:\/\/api.w.org\/{rel}","templated":true}]}}