{"id":29413,"date":"2020-04-06T15:08:46","date_gmt":"2020-04-06T15:08:46","guid":{"rendered":"http:\/\/www.hgi-cgs.hr\/?page_id=29413"},"modified":"2025-05-09T07:43:19","modified_gmt":"2025-05-09T07:43:19","slug":"zavod-za-mineralne-sirovine-znanstveni-projekti-domaci","status":"publish","type":"page","link":"https:\/\/www.hgi-cgs.hr\/en\/zavod-za-mineralne-sirovine-znanstveni-projekti-domaci\/","title":{"rendered":"Zavod za mineralne sirovine &#8211; Znanstveni projekti (doma\u0107i)"},"content":{"rendered":"<p>[et_pb_section fb_built=&#8221;1&#8243; fullwidth=&#8221;on&#8221; _builder_version=&#8221;4.16&#8243; custom_padding=&#8221;0px||0px|||&#8221; global_colors_info=&#8221;{}&#8221;][et_pb_fullwidth_slider _builder_version=&#8221;4.16&#8243; min_height=&#8221;112px&#8221; height=&#8221;400px&#8221; custom_margin=&#8221;0px||||false|false&#8221; custom_padding=&#8221;0px||18px||false|false&#8221; auto=&#8221;on&#8221; auto_ignore_hover=&#8221;on&#8221; locked=&#8221;off&#8221; global_colors_info=&#8221;{}&#8221;][et_pb_slide heading=&#8221;Hrvatski geolo\u0161ki institut&#8221; _builder_version=&#8221;4.16&#8243; header_font=&#8221;|||on|||||&#8221; background_image=&#8221;https:\/\/www.hgi-cgs.hr\/wp-content\/uploads\/2020\/03\/Br\u010di\u0107_Drvenik02-scaled.jpg&#8221; background_enable_image=&#8221;on&#8221; locked=&#8221;off&#8221; global_colors_info=&#8221;{}&#8221; sticky_transition=&#8221;on&#8221;][\/et_pb_slide][et_pb_slide heading=&#8221;Hrvatski geolo\u0161ki institut&#8221; _builder_version=&#8221;4.16&#8243; header_font=&#8221;|||on|||||&#8221; background_image=&#8221;https:\/\/www.hgi-cgs.hr\/wp-content\/uploads\/2020\/03\/ban2-scaled.jpg&#8221; background_enable_image=&#8221;on&#8221; locked=&#8221;off&#8221; global_colors_info=&#8221;{}&#8221; sticky_transition=&#8221;on&#8221;][\/et_pb_slide][et_pb_slide heading=&#8221;Hrvatski geolo\u0161ki institut&#8221; _builder_version=&#8221;4.16&#8243; header_font=&#8221;|||on|||||&#8221; background_image=&#8221;https:\/\/www.hgi-cgs.hr\/wp-content\/uploads\/2020\/03\/20190228_094232-scaled.jpg&#8221; background_enable_image=&#8221;on&#8221; locked=&#8221;off&#8221; global_colors_info=&#8221;{}&#8221; sticky_transition=&#8221;on&#8221;][\/et_pb_slide][et_pb_slide heading=&#8221;Hrvatski geolo\u0161ki institut&#8221; _builder_version=&#8221;4.16&#8243; header_font=&#8221;|||on|||||&#8221; background_image=&#8221;https:\/\/www.hgi-cgs.hr\/wp-content\/uploads\/2020\/03\/ban3-scaled.jpg&#8221; background_enable_image=&#8221;on&#8221; locked=&#8221;off&#8221; global_colors_info=&#8221;{}&#8221; sticky_transition=&#8221;on&#8221;][\/et_pb_slide][et_pb_slide heading=&#8221;Hrvatski geolo\u0161ki institut&#8221; _builder_version=&#8221;4.16&#8243; header_font=&#8221;|||on|||||&#8221; background_image=&#8221;https:\/\/www.hgi-cgs.hr\/wp-content\/uploads\/2020\/03\/Bijele_stijene-Gorski_kotar-scaled.jpg&#8221; background_enable_image=&#8221;on&#8221; locked=&#8221;off&#8221; global_colors_info=&#8221;{}&#8221; sticky_transition=&#8221;on&#8221;][\/et_pb_slide][et_pb_slide heading=&#8221;Hrvatski geolo\u0161ki institut&#8221; _builder_version=&#8221;4.16&#8243; header_font=&#8221;|||on|||||&#8221; background_image=&#8221;https:\/\/www.hgi-cgs.hr\/wp-content\/uploads\/2020\/03\/ban4-scaled.jpg&#8221; background_enable_image=&#8221;on&#8221; locked=&#8221;off&#8221; global_colors_info=&#8221;{}&#8221; sticky_transition=&#8221;on&#8221;][\/et_pb_slide][et_pb_slide heading=&#8221;Hrvatski geolo\u0161ki institut&#8221; _builder_version=&#8221;4.16&#8243; header_font=&#8221;|||on|||||&#8221; background_image=&#8221;https:\/\/www.hgi-cgs.hr\/wp-content\/uploads\/2020\/03\/ban5-scaled.jpg&#8221; background_enable_image=&#8221;on&#8221; locked=&#8221;off&#8221; global_colors_info=&#8221;{}&#8221; sticky_transition=&#8221;on&#8221;][\/et_pb_slide][\/et_pb_fullwidth_slider][\/et_pb_section][et_pb_section fb_built=&#8221;1&#8243; _builder_version=&#8221;4.16&#8243; global_colors_info=&#8221;{}&#8221;][et_pb_row _builder_version=&#8221;4.16&#8243; global_colors_info=&#8221;{}&#8221;][et_pb_column type=&#8221;4_4&#8243; _builder_version=&#8221;4.16&#8243; global_colors_info=&#8221;{}&#8221;][et_pb_text _builder_version=&#8221;4.23.4&#8243; text_font_size=&#8221;32px&#8221; header_2_text_color=&#8221;#1e5096&#8243; global_colors_info=&#8221;{}&#8221;]<\/p>\n<h2 style=\"text-align: center; color: #1e5096;\"><strong>ZAVOD ZA MINERALNE SIROVINE I MARINSKU GEOLOGIJU<br \/><\/strong><\/h2>\n<h2 style=\"text-align: center; color: #1e5096;\"><strong>Nacionalni kompetitivni projekti<\/strong><\/h2>\n<p>[\/et_pb_text][et_pb_image src=&#8221;https:\/\/www.hgi-cgs.hr\/wp-content\/uploads\/2018\/08\/HRZZ_Logo.jpg&#8221; align=&#8221;center&#8221; _builder_version=&#8221;4.16&#8243; width=&#8221;30%&#8221; global_colors_info=&#8221;{}&#8221;][\/et_pb_image][\/et_pb_column][\/et_pb_row][\/et_pb_section][et_pb_section fb_built=&#8221;1&#8243; _builder_version=&#8221;4.16&#8243; custom_padding=&#8221;20px||41px|||&#8221; global_colors_info=&#8221;{}&#8221;][et_pb_row _builder_version=&#8221;4.16&#8243; width=&#8221;100%&#8221; max_width=&#8221;1250px&#8221; custom_margin=&#8221;||20px&#8221; custom_padding=&#8221;||50px&#8221; global_colors_info=&#8221;{}&#8221;][et_pb_column type=&#8221;4_4&#8243; _builder_version=&#8221;4.16&#8243; custom_padding=&#8221;|||&#8221; global_colors_info=&#8221;{}&#8221; custom_padding__hover=&#8221;|||&#8221;][et_pb_tabs _builder_version=&#8221;4.27.4&#8243; max_width=&#8221;100%&#8221; module_alignment=&#8221;center&#8221; hover_enabled=&#8221;0&#8243; global_colors_info=&#8221;{}&#8221; sticky_enabled=&#8221;0&#8243;][et_pb_tab title=&#8221;Nacionalni kompetativni projekti&#8221; _builder_version=&#8221;4.27.4&#8243; global_colors_info=&#8221;{}&#8221;]<\/p>\n<p><strong><em><a href=\"https:\/\/www.hgi-cgs.hr\/unlock-cave-istrazivanje-paleoklimatske-varijabilnosti-visoke-rezolucije-pomocu-posrednih-pokazatelja-u-sigama-iz-nove-grgosove-spilje-unlocking-high-resolution-palaeoclimate-variability-from\/\">UNLOCK-CAVE: Istra\u017eivanje paleoklimatske varijabilnosti visoke rezolucije pomo\u0107u posrednih pokazatelja u sigama iz Nove Grgosove spilje\u00a0 (Unlocking high-resolution palaeoclimate variability from Nova Grgosova cave multi-proxy speleothem record)<\/a><\/em><\/strong><\/p>\n<p><strong><em><a href=\"https:\/\/www.hgi-cgs.hr\/projekt-razvoja-karijera-mladih-istrazivaca-izobrazba-novih-doktora-znanosti-qmad\/\"><\/a><\/em><\/strong><\/p>\n<p><a href=\"https:\/\/www.hgi-cgs.hr\/o-nama-zavod-za-mineralne-sirovine\/mineralne-sirovine-projekti-hrvatske-zaklade-za-znanost\/projekt-razvoja-karijera-mladih-istrazivaca-izobrazba-novih-doktora-znanosti\/\"><em><\/em><\/a><\/p>\n<p>[\/et_pb_tab][et_pb_tab title=&#8221;Program geolo\u0161kih karata&#8221; _builder_version=&#8221;4.16&#8243; global_colors_info=&#8221;{}&#8221;]<\/p>\n<p><a href=\"https:\/\/www.hgi-cgs.hr\/karta-mineralnih-sirovina-rh\/\"><em><strong>Karta mineralnih sirovina RH<\/strong><\/em><\/a><\/p>\n<p><em><a href=\"https:\/\/www.hgi-cgs.hr\/o-nama-zavod-za-mineralne-sirovine\/mineralne-sirovine-program-geoloskih-karata\/geokemijska-karta-rh\/\"><strong>Geokemijska karta RH<\/strong><\/a> (Zavod za geologiju)<br \/> <\/em><\/p>\n<p><a href=\"https:\/\/www.hgi-cgs.hr\/o-nama-zavod-za-mineralne-sirovine\/mineralne-sirovine-program-geoloskih-karata\/geoloska-karta-podmorja\/\"><em><strong>Geolo\u0161ka karta podmorja<\/strong><\/em><\/a><\/p>\n<p>[\/et_pb_tab][et_pb_tab title=&#8221;Projekti EU fondova&#8221; _builder_version=&#8221;4.27.4&#8243; hover_enabled=&#8221;0&#8243; global_colors_info=&#8221;{}&#8221; sticky_enabled=&#8221;0&#8243;]<\/p>\n<p><strong><em><a href=\"https:\/\/www.hgi-cgs.hr\/timrex-crm\/\">TIMREX-CRM<\/a><\/em><\/strong><\/p>\n<p><strong><em><a href=\"https:\/\/www.hgi-cgs.hr\/emodnet-geologija-5-ii\/\">EMODnet-5 (II)<\/a><\/em><\/strong><\/p>\n<p><strong><em><a href=\"https:\/\/www.hgi-cgs.hr\/geological-service-for-europe-gseu\/\">Geological Service for Europe (GSEU)<\/a><\/em><\/strong><\/p>\n<p>[\/et_pb_tab][et_pb_tab title=&#8221;Gospodarstveni (tr\u017ei\u0161ni) projekti&#8221; _builder_version=&#8221;4.27.4&#8243; global_colors_info=&#8221;{}&#8221;]<\/p>\n<p><strong><em><a href=\"https:\/\/www.hgi-cgs.hr\/suradnja-s-tvrtkom-geomar\/\" target=\"_blank\" rel=\"noopener noreferrer\"><\/a><\/em><\/strong><\/p>\n<p>[\/et_pb_tab][et_pb_tab title=&#8221;Zavr\u0161eni projekti&#8221; _builder_version=&#8221;4.27.4&#8243; global_colors_info=&#8221;{}&#8221;]<\/p>\n<p><strong><em><a href=\"https:\/\/www.hgi-cgs.hr\/suradnja-s-tvrtkom-geomar\/\" target=\"_blank\" rel=\"noopener noreferrer\">Suradnja s tvrtkom GEOmar<\/a><\/em><\/strong><\/p>\n<p><strong><em><a href=\"https:\/\/www.hgi-cgs.hr\/projekt-razvoja-karijera-mladih-istrazivaca-izobrazba-novih-doktora-znanosti-qmad\/\">Projekt razvoja karijera mladih istra\u017eiva\u010da \u2013 izobrazba novih doktora znanosti<\/a><\/em><\/strong><\/p>\n<p><a href=\"https:\/\/www.hgi-cgs.hr\/loladria-lost-lake-landscapes-of-the-eastern-adriatic-shelf\/\"><strong><em><\/em><\/strong><\/a><strong><em><a href=\"https:\/\/www.hgi-cgs.hr\/qmad\/\" target=\"_blank\" rel=\"noopener noreferrer\"><\/a><a href=\"https:\/\/www.hgi-cgs.hr\/qmad\/\">QMAD: Porijeklo i talo\u017eenje sedimenata u vrijeme kasno kvartarnih promjena morske razine: Sustav rijeke Krke i Srednjojadranske kotline (Sediments between source and sink during a Late Quaternary eustatic cycle: The Krka and the Mid Adriatic Deep System-QMAD)<\/a><\/em><\/strong><\/p>\n<p><em><strong><\/strong><\/em><\/p>\n<p><em><strong><a href=\"https:\/\/www.hgi-cgs.hr\/loladria-lost-lake-landscapes-of-the-eastern-adriatic-shelf\/\">LoLADRIA: Lost Lake Landscapes of the Eastern Adriatic Shelf<\/a> <\/strong><\/em><\/p>\n<p><a href=\"https:\/\/www.hgi-cgs.hr\/projekt-razvoja-karijera-mladih-istrazivaca-izobrazba-novih-doktora-znanosti-loladria\/\"><em><strong>Projekt razvoja karijera mladih istra\u017eiva\u010da \u2013 izobrazba novih doktora znanosti<\/strong><\/em><\/a><\/p>\n<p><em><strong><a href=\"https:\/\/www.hgi-cgs.hr\/elaborat-o-rezervama-gradevnog-pijeska-i-sljunka-na-eksploatacijskom-polju-brezovi-rebar-cetvrta-obnova\/\">Elaborat o rezervama gra\u0111evnog pijeska i \u0161ljunka na eksploatacijskom polju \u201eBrezovi rebar\u201c \u2013 \u010cetvrta obnova<\/a><\/strong><\/em><\/p>\n<p><a href=\"https:\/\/www.hgi-cgs.hr\/preliminarna-geoloska-istrazivanja-lezista-hrastovo-rebro\/\"><strong>Preliminarna geolo\u0161ka istra\u017eivanja le\u017ei\u0161ta \u201eHrastovo rebro\u201c<\/strong><\/a><\/p>\n<p><a href=\"https:\/\/www.hgi-cgs.hr\/rudarsko-geoloska-studija-bjelovarsko-bilogorske-zupanije\/\" target=\"_blank\" rel=\"noopener noreferrer\"><em><strong>Rudarsko-geolo\u0161ka studija Bjelovarsko-bilogorske \u017eupanije<\/strong><\/em><\/a><\/p>\n<p><em><strong><a href=\"https:\/\/www.hgi-cgs.hr\/promjena-zaliha-ugljika-u-tlu-i-izracun-trendova-ukupnog-dusika-i-organskog-ugljika-u-tlu-te-odnosa-cn\/\" target=\"_blank\" rel=\"noopener noreferrer\">Promjena zaliha ugljika u tlu i izra\u010dun trendova ukupnog du\u0161ika i organskog ugljika u tlu te odnosa C:N<\/a> <\/strong><br \/><\/em><\/p>\n<p><a href=\"https:\/\/www.hgi-cgs.hr\/istrazivanja-paleorazina-vranskog-jezera-na-cresu\/\"><em><strong>Istra\u017eivanja paleorazina Vranskog jezera na Cresu<\/strong><\/em><\/a><\/p>\n<p><em><strong><a href=\"https:\/\/www.hgi-cgs.hr\/hidrogeoloska-i-paleolimnoloska-istrazivanja-bacinska-jezera\/\" target=\"_blank\" rel=\"noopener noreferrer\">Hidrogeolo\u0161ka i paleolimnolo\u0161ka istra\u017eivanja Ba\u0107inska jezera<\/a> <\/strong><\/em><\/p>\n<p><a href=\"https:\/\/www.hgi-cgs.hr\/paleolimnoloska-istrazivanja-vranskog-jezera-kod-biograda\/\" target=\"_blank\" rel=\"noopener noreferrer\"><em><strong>Paleolimnolo\u0161ka istra\u017eivanja Vranskog jezera kod Biograda <\/strong><\/em><\/a><\/p>\n<p><em><strong><a href=\"https:\/\/www.hgi-cgs.hr\/emodnet-geology-iii\/\">EMODnet Geology III<\/a> <\/strong><\/em><\/p>\n<p><em><strong><a href=\"https:\/\/www.hgi-cgs.hr\/minland-mineral-resources-in-sustainable-land-use-planning\/\" target=\"_blank\" rel=\"noopener noreferrer\">MINLAND: Mineral Resources in Sustainable Land-Use Planning<\/a> <\/strong><\/em><\/p>\n<p><em><strong><a href=\"https:\/\/www.hgi-cgs.hr\/foram-towards-a-world-forum-on-raw-materials\/\" target=\"_blank\" rel=\"noopener noreferrer\">FORAM: Towards a World Forum on Raw Materials<\/a> <\/strong><\/em><\/p>\n<p><a href=\"https:\/\/www.hgi-cgs.hr\/prosum-prospecting-secondary-raw-materials-in-the-urban-mine-and-mining-wastes\/\" target=\"_blank\" rel=\"noopener noreferrer\"><em><strong>PROSUM: Prospecting Secondary raw materials in the Urban mine and Mining wastes<\/strong><\/em><\/a><\/p>\n<p><em><strong><a href=\"https:\/\/www.hgi-cgs.hr\/geocradle-coordinating-and-integrating-state-of-the-art-earth-observation-activities\/\" target=\"_blank\" rel=\"noopener noreferrer\">GEOCRADLE: Coordinating and integRating state-of-the-art Earth Observation Activities in the regions of North Africa, Middle East, and Balkans and Developing Links with GEO related initiatives towards GEOSS<\/a> <\/strong><\/em><\/p>\n<p><a href=\"https:\/\/www.hgi-cgs.hr\/mica-mineral-intelligence-capacity-analysis\/\" target=\"_blank\" rel=\"noopener noreferrer\"><em><strong>MICA: Mineral Intelligence Capacity Analysis \u00a0<\/strong><\/em><\/a><\/p>\n<p><em><strong><a href=\"https:\/\/www.hgi-cgs.hr\/minerals4eu-minerals-intelligence-network-for-europe\/\" target=\"_blank\" rel=\"noopener noreferrer\">Minerals4EU: Minerals Intelligence Network for Europe<\/a> <\/strong><\/em><\/p>\n<p><em><strong><a href=\"https:\/\/www.hgi-cgs.hr\/infact-the-future-of-mineral-exploration-in-the-eu\/\" target=\"_blank\" rel=\"noopener noreferrer\">INFACT: The future of mineral exploration in the EU<\/a> <\/strong><\/em><\/p>\n<p><em><strong><a href=\"https:\/\/www.hgi-cgs.hr\/snapsee-sustainable-aggregates-planning-in-south-east-europe\/\" target=\"_blank\" rel=\"noopener noreferrer\">SNAPSEE: Sustainable Aggregates Planning in South East Europe<\/a> <\/strong><\/em><\/p>\n<p><em><strong><a href=\"https:\/\/www.hgi-cgs.hr\/sarma-sustainable-aggregates-resource-management\/\" target=\"_blank\" rel=\"noopener noreferrer\">SARMA: Sustainable Aggregates Resource Management<\/a> <\/strong><\/em><\/p>\n<p><em><strong><a href=\"https:\/\/www.hgi-cgs.hr\/?page_id=30817\">EMODnet Geologija-4 <\/a><\/strong><\/em><\/p>\n<p><strong><em><a href=\"https:\/\/www.hgi-cgs.hr\/eurolithos-european-ornamental-stone-resources\/\" target=\"_blank\" rel=\"noopener noreferrer\">GeoERA &#8211; EuroLithos: European Ornamental stone resources <\/a><\/em><\/strong><\/p>\n<p><strong><em><a href=\"https:\/\/www.hgi-cgs.hr\/frame-forecasting-and-assessing-europes-strategic-and-raw-materials-needs\/\" target=\"_blank\" rel=\"noopener noreferrer\">GeoERA &#8211; FRAME: Forecasting and Assessing Europe\u2019s Strategic and Raw Materials Needs<\/a> <\/em><\/strong><\/p>\n<p><strong><em><a href=\"https:\/\/www.hgi-cgs.hr\/mintell4eu-mineral-intelligence-for-europe\/\" target=\"_blank\" rel=\"noopener noreferrer\">GeoERA &#8211; Mintell4EU: Mineral Intelligence for Europe<\/a> <\/em><\/strong><\/p>\n<p><strong><em><a href=\"https:\/\/www.hgi-cgs.hr\/reseerve-mineral-potential-of-the-eastern-and-south-eastern-europe-region\/\" target=\"_blank\" rel=\"noopener noreferrer\">RESEERVE: Mineral potential of the Eastern and South-Eastern Europe region<\/a><\/em><\/strong><\/p>\n<p><strong><em><a href=\"https:\/\/www.hgi-cgs.hr\/reebaux-prospects-of-ree-recovery-from-bauxite-and-bauxite-residue-in-the-esee-region\/\" target=\"_blank\" rel=\"noopener noreferrer\">REEBAUX: Prospects of REE recovery from bauxite and bauxite residue in the ESEE region<\/a><\/em><\/strong><\/p>\n<p><strong><em><a href=\"https:\/\/www.hgi-cgs.hr\/infact-the-future-of-mineral-exploration-in-the-eu\/\" target=\"_blank\" rel=\"noopener noreferrer\">INFACT: The future of mineral exploration in the EU<\/a><\/em><\/strong><\/p>\n<p><a href=\"https:\/\/www.hgi-cgs.hr\/strategija-gospodarenja-mineralnim-sirovinama-republike-hrvatske-rh\/\"><em><strong>Strategija gospodarenja mineralnim sirovinama Republike Hrvatske (RH)<\/strong><\/em><\/a><\/p>\n<p><a href=\"https:\/\/www.hgi-cgs.hr\/paleolimnoloska-istrazivanja-u-np-krka-visovacko-jezero\/\"><em><strong>Paleolimnolo\u0161ka istra\u017eivanja u NP Krka &#8211; Visova\u010dko jezero<\/strong><\/em><\/a><\/p>\n<p><a href=\"https:\/\/www.hgi-cgs.hr\/elaborat-o-rezervama-gradevnog-pijeska-i-sljunka-na-eksploatacijskom-polju-brezovi-rebar-cetvrta-obnova\/\"><em><strong>Elaborat o rezervama gra\u0111evnog pijeska i \u0161ljunka na eksploatacijskom polju \u201eBrezovi rebar\u201c \u2013 \u010cetvrta obnova<\/strong><\/em><\/a><\/p>\n<p><em><strong><a href=\"https:\/\/www.hgi-cgs.hr\/preliminarna-geoloska-istrazivanja-lezista-hrastovo-rebro\/\">Preliminarna geolo\u0161ka istra\u017eivanja le\u017ei\u0161ta \u201eHrastovo rebro\u201c<\/a><\/strong><\/em><\/p>\n<p><a href=\"https:\/\/www.hgi-cgs.hr\/rudarsko-geoloska-studija-bjelovarsko-bilogorske-zupanije\/\" target=\"_blank\" rel=\"noopener noreferrer\"><em><strong>Rudarsko-geolo\u0161ka studija Bjelovarsko-bilogorske \u017eupanije<\/strong><\/em><\/a><\/p>\n<p><em><a href=\"https:\/\/www.hgi-cgs.hr\/promjena-zaliha-ugljika-u-tlu-i-izracun-trendova-ukupnog-dusika-i-organskog-ugljika-u-tlu-te-odnosa-cn\/\" target=\"_blank\" rel=\"noopener noreferrer\"><strong>Promjena zaliha ugljika u tlu i izra\u010dun trendova ukupnog du\u0161ika i organskog ugljika u tlu te odnosa C:N <\/strong><\/a><br \/><\/em><\/p>\n<p><a href=\"https:\/\/www.hgi-cgs.hr\/istrazivanja-paleorazina-vranskog-jezera-na-cresu\/\" target=\"_blank\" rel=\"noopener noreferrer\"><em><strong>Istra\u017eivanja paleorazina Vranskog jezera na Cresu<\/strong><\/em><\/a><\/p>\n<p><em><strong><a href=\"https:\/\/www.hgi-cgs.hr\/hidrogeoloska-i-paleolimnoloska-istrazivanja-bacinska-jezera\/\" target=\"_blank\" rel=\"noopener noreferrer\">Hidrogeolo\u0161ka i paleolimnolo\u0161ka istra\u017eivanja Ba\u0107inska jezera<\/a> <\/strong><\/em><\/p>\n<p><em><strong><a href=\"https:\/\/www.hgi-cgs.hr\/paleolimnoloska-istrazivanja-vranskog-jezera-kod-biograda\/\" target=\"_blank\" rel=\"noopener noreferrer\">Paleolimnolo\u0161ka istra\u017eivanja Vranskog jezera kod Biograda<\/a><\/strong><\/em><\/p>\n<p>[\/et_pb_tab][\/et_pb_tabs][\/et_pb_column][\/et_pb_row][\/et_pb_section]<\/p>\n","protected":false},"excerpt":{"rendered":"<p>ZAVOD ZA MINERALNE SIROVINE I MARINSKU GEOLOGIJU Nacionalni kompetitivni projektiUNLOCK-CAVE: Istra\u017eivanje paleoklimatske varijabilnosti visoke rezolucije pomo\u0107u posrednih pokazatelja u sigama iz Nove Grgosove spilje\u00a0 (Unlocking high-resolution palaeoclimate variability from Nova Grgosova cave multi-proxy speleothem record) Karta mineralnih sirovina RH Geokemijska karta RH (Zavod za geologiju) Geolo\u0161ka karta podmorjaTIMREX-CRM EMODnet-5 (II) Geological Service for Europe (GSEU)Suradnja [&hellip;]<\/p>\n","protected":false},"author":1,"featured_media":0,"parent":0,"menu_order":0,"comment_status":"closed","ping_status":"closed","template":"","meta":{"_et_pb_use_builder":"on","_et_pb_old_content":"","_et_gb_content_width":"","footnotes":""},"class_list":["post-29413","page","type-page","status-publish","hentry"],"aioseo_notices":[],"_links":{"self":[{"href":"https:\/\/www.hgi-cgs.hr\/en\/wp-json\/wp\/v2\/pages\/29413","targetHints":{"allow":["GET"]}}],"collection":[{"href":"https:\/\/www.hgi-cgs.hr\/en\/wp-json\/wp\/v2\/pages"}],"about":[{"href":"https:\/\/www.hgi-cgs.hr\/en\/wp-json\/wp\/v2\/types\/page"}],"author":[{"embeddable":true,"href":"https:\/\/www.hgi-cgs.hr\/en\/wp-json\/wp\/v2\/users\/1"}],"replies":[{"embeddable":true,"href":"https:\/\/www.hgi-cgs.hr\/en\/wp-json\/wp\/v2\/comments?post=29413"}],"version-history":[{"count":72,"href":"https:\/\/www.hgi-cgs.hr\/en\/wp-json\/wp\/v2\/pages\/29413\/revisions"}],"predecessor-version":[{"id":45276,"href":"https:\/\/www.hgi-cgs.hr\/en\/wp-json\/wp\/v2\/pages\/29413\/revisions\/45276"}],"wp:attachment":[{"href":"https:\/\/www.hgi-cgs.hr\/en\/wp-json\/wp\/v2\/media?parent=29413"}],"curies":[{"name":"wp","href":"https:\/\/api.w.org\/{rel}","templated":true}]}}