{"id":29361,"date":"2020-04-06T09:08:55","date_gmt":"2020-04-06T09:08:55","guid":{"rendered":"http:\/\/www.hgi-cgs.hr\/?page_id=29361"},"modified":"2024-02-09T08:09:13","modified_gmt":"2024-02-09T08:09:13","slug":"hrvatski-repozitorij-za-jezgre-sedimenata-croatian-core-repository-ccr","status":"publish","type":"page","link":"https:\/\/www.hgi-cgs.hr\/en\/hrvatski-repozitorij-za-jezgre-sedimenata-croatian-core-repository-ccr\/","title":{"rendered":"Hrvatski repozitorij za jezgre sedimenata (Croatian Core Repository \u2013 CCR)"},"content":{"rendered":"<p>[et_pb_section fb_built=&#8221;1&#8243; fullwidth=&#8221;on&#8221; _builder_version=&#8221;4.16&#8243; custom_padding=&#8221;0px||0px|||&#8221; global_colors_info=&#8221;{}&#8221;][et_pb_fullwidth_slider _builder_version=&#8221;4.16&#8243; min_height=&#8221;112px&#8221; height=&#8221;400px&#8221; custom_margin=&#8221;0px||||false|false&#8221; custom_padding=&#8221;0px||18px||false|false&#8221; auto=&#8221;on&#8221; auto_ignore_hover=&#8221;on&#8221; locked=&#8221;off&#8221; global_colors_info=&#8221;{}&#8221;][et_pb_slide heading=&#8221;Hrvatski geolo\u0161ki institut&#8221; _builder_version=&#8221;4.16&#8243; header_font=&#8221;|||on|||||&#8221; background_image=&#8221;https:\/\/www.hgi-cgs.hr\/wp-content\/uploads\/2020\/03\/Br\u010di\u0107_Drvenik02-scaled.jpg&#8221; background_enable_image=&#8221;on&#8221; locked=&#8221;off&#8221; global_colors_info=&#8221;{}&#8221; sticky_transition=&#8221;on&#8221;][\/et_pb_slide][et_pb_slide heading=&#8221;Hrvatski geolo\u0161ki institut&#8221; _builder_version=&#8221;4.16&#8243; header_font=&#8221;|||on|||||&#8221; background_image=&#8221;https:\/\/www.hgi-cgs.hr\/wp-content\/uploads\/2020\/03\/ban2-scaled.jpg&#8221; background_enable_image=&#8221;on&#8221; locked=&#8221;off&#8221; global_colors_info=&#8221;{}&#8221; sticky_transition=&#8221;on&#8221;][\/et_pb_slide][et_pb_slide heading=&#8221;Hrvatski geolo\u0161ki institut&#8221; _builder_version=&#8221;4.16&#8243; header_font=&#8221;|||on|||||&#8221; background_image=&#8221;https:\/\/www.hgi-cgs.hr\/wp-content\/uploads\/2020\/03\/20190228_094232-scaled.jpg&#8221; background_enable_image=&#8221;on&#8221; locked=&#8221;off&#8221; global_colors_info=&#8221;{}&#8221; sticky_transition=&#8221;on&#8221;][\/et_pb_slide][et_pb_slide heading=&#8221;Hrvatski geolo\u0161ki institut&#8221; _builder_version=&#8221;4.16&#8243; header_font=&#8221;|||on|||||&#8221; background_image=&#8221;https:\/\/www.hgi-cgs.hr\/wp-content\/uploads\/2020\/03\/ban3-scaled.jpg&#8221; background_enable_image=&#8221;on&#8221; locked=&#8221;off&#8221; global_colors_info=&#8221;{}&#8221; sticky_transition=&#8221;on&#8221;][\/et_pb_slide][et_pb_slide heading=&#8221;Hrvatski geolo\u0161ki institut&#8221; _builder_version=&#8221;4.16&#8243; header_font=&#8221;|||on|||||&#8221; background_image=&#8221;https:\/\/www.hgi-cgs.hr\/wp-content\/uploads\/2020\/03\/Bijele_stijene-Gorski_kotar-scaled.jpg&#8221; background_enable_image=&#8221;on&#8221; locked=&#8221;off&#8221; global_colors_info=&#8221;{}&#8221; sticky_transition=&#8221;on&#8221;][\/et_pb_slide][et_pb_slide heading=&#8221;Hrvatski geolo\u0161ki institut&#8221; _builder_version=&#8221;4.16&#8243; header_font=&#8221;|||on|||||&#8221; background_image=&#8221;https:\/\/www.hgi-cgs.hr\/wp-content\/uploads\/2020\/03\/ban4-scaled.jpg&#8221; background_enable_image=&#8221;on&#8221; locked=&#8221;off&#8221; global_colors_info=&#8221;{}&#8221; sticky_transition=&#8221;on&#8221;][\/et_pb_slide][et_pb_slide heading=&#8221;Hrvatski geolo\u0161ki institut&#8221; _builder_version=&#8221;4.16&#8243; header_font=&#8221;|||on|||||&#8221; background_image=&#8221;https:\/\/www.hgi-cgs.hr\/wp-content\/uploads\/2020\/03\/ban5-scaled.jpg&#8221; background_enable_image=&#8221;on&#8221; locked=&#8221;off&#8221; global_colors_info=&#8221;{}&#8221; sticky_transition=&#8221;on&#8221;][\/et_pb_slide][\/et_pb_fullwidth_slider][\/et_pb_section][et_pb_section fb_built=&#8221;1&#8243; _builder_version=&#8221;4.16&#8243; global_colors_info=&#8221;{}&#8221;][et_pb_row _builder_version=&#8221;4.16&#8243; global_colors_info=&#8221;{}&#8221;][et_pb_column type=&#8221;4_4&#8243; _builder_version=&#8221;4.16&#8243; global_colors_info=&#8221;{}&#8221;][et_pb_text _builder_version=&#8221;4.16&#8243; text_font_size=&#8221;32px&#8221; header_2_text_color=&#8221;#1e5096&#8243; header_2_line_height=&#8221;1.3em&#8221; custom_margin=&#8221;||12px|||&#8221; global_colors_info=&#8221;{}&#8221;]<\/p>\n<h2 style=\"text-align: center; color: #1e5096;\"><strong><\/strong><strong>HRVATSKI REPOZITORIJ ZA JEZGRE SEDIMENATA (<em>CROATIAN CORE REPOSITORY<\/em> \u2013 CCR)<\/strong><\/h2>\n<p>[\/et_pb_text][et_pb_text _builder_version=&#8221;4.16&#8243; text_font=&#8221;|300|||||||&#8221; link_font=&#8221;||||||||&#8221; link_text_color=&#8221;#e09900&#8243; ul_font=&#8221;||||||||&#8221; header_font=&#8221;||||||||&#8221; header_text_align=&#8221;center&#8221; header_2_font=&#8221;|800|||||||&#8221; header_2_text_align=&#8221;center&#8221; header_2_text_color=&#8221;#1e5096&#8243; header_2_font_size=&#8221;54px&#8221; header_3_font=&#8221;|300|||||||&#8221; text_orientation=&#8221;center&#8221; custom_margin=&#8221;||20px|&#8221; animation_direction=&#8221;bottom&#8221; header_2_font_size_tablet=&#8221;&#8221; header_2_font_size_phone=&#8221;30px&#8221; header_2_font_size_last_edited=&#8221;on|phone&#8221; header_2_text_shadow_style=&#8221;preset1&#8243; header_2_text_shadow_horizontal_length=&#8221;0.03em&#8221; header_2_text_shadow_vertical_length=&#8221;0.03em&#8221; header_2_text_shadow_blur_strength=&#8221;0.05em&#8221; header_2_text_shadow_color=&#8221;rgba(0,0,0,0.3)&#8221; global_colors_info=&#8221;{}&#8221;]<\/p>\n<p><strong><em>Kontakti:<\/em> <\/strong><em>dr.sc. Nikolina Ilijani\u0107, dipl.ing. geol<\/em><\/p>\n<p><strong>\u00a0\u00a0\u00a0\u00a0\u00a0\u00a0\u00a0\u00a0\u00a0\u00a0\u00a0 <\/strong><em>dr.sc. Ozren Hasan, dipl. ing geol<\/em><\/p>\n<p>[\/et_pb_text][\/et_pb_column][\/et_pb_row][\/et_pb_section][et_pb_section fb_built=&#8221;1&#8243; _builder_version=&#8221;4.16&#8243; custom_margin=&#8221;-8px|||||&#8221; custom_padding=&#8221;20px||41px|||&#8221; global_colors_info=&#8221;{}&#8221;][et_pb_row _builder_version=&#8221;4.16&#8243; custom_margin=&#8221;-27px|auto||auto||&#8221; custom_padding=&#8221;15px|0px|0|0px|false|false&#8221; global_colors_info=&#8221;{}&#8221;][et_pb_column type=&#8221;4_4&#8243; _builder_version=&#8221;4.16&#8243; custom_padding=&#8221;|||&#8221; global_colors_info=&#8221;{}&#8221; custom_padding__hover=&#8221;|||&#8221;][et_pb_text _builder_version=&#8221;4.24.0&#8243; custom_padding=&#8221;|10px||10px|false|false&#8221; hover_enabled=&#8221;0&#8243; global_colors_info=&#8221;{}&#8221; sticky_enabled=&#8221;0&#8243;]<\/p>\n<p>Jezgre sedimenata su fizi\u010dki uzorci izbu\u0161eni iz morskog i jezerskog dna. Jezgre sedimenata izbu\u0161ene na teritoriju Republike Hrvatske pohranjuju se u Hrvatskom repozitoriju za jezgre sedimenata (<em>Croatian Core Repository<\/em> \u2013 CCR). Repozitorij je smje\u0161ten u prostorijama Hrvatskog geolo\u0161kog instituta (soba broj 9) i sadr\u017ei 5,5 m<sup>2<\/sup> hla\u0111enog prostora sa state-of-the art policama za skladi\u0161tenje.<\/p>\n<p>Repozitorij se sastoji od rashladne komore (~4\u00b0C) u kojoj se nalaze jezgre sedimenata uzorkovane u plitkim morima i jezerima du\u017e isto\u010dno jadranske obale. Trenutno sadr\u017ei jezgre sedimenata u ukupnoj duljini preko 600 m. Jezgre su arhivirane u du\u017eini do 150 cm u plasti\u010dnim cijevima (\u201ed-tubes\u201c) ili su vakumirane. Arhivski uzorci koji su uzorkovani u plasti\u010dne vre\u0107ice tako\u0111er se \u010duvaju se u odvojenim plasti\u010dnim kutijama. Uzorci jezgri sedimenata su obra\u0111eni i analizirani od strane znanstvenika, doktoranada i poslijedoktoranada iz HGI-CGS i njihovih doma\u0107ih i me\u0111unarodnih suradnika, financiranih ve\u0107inom kroz projekte Hrvatske zaklade za znanost (LoLADRIA, QMAD).<\/p>\n<p>Radne jezgre sedimenata \u010duvaju se u radnoj rashladnoj komori manjih dimenzija (80x300x125 cm) koja se nalazi u Laboratoriju za pripremu uzoraka u prostoriji broj 16. Laboratorij za pripremu uzoraka sadr\u017ei opremu za obradu jezgri sedimenata iz plasti\u010dnih cijevi (reza\u010d, stalak, drveni kalupi, \u0161pahtle), opremu za fotografiranje, su\u0161ionik, ahatne tarionike s tu\u010dkom razli\u010ditih dimenzija.\u00a0<\/p>\n<p>Uzorci pojedinih jezgri sedimenata mogu se zatra\u017eiti za znanstveno istra\u017eivanje, o \u010demu kona\u010dnu odluku u vezi distribucije uzoraka donosi predstojnik Zavoda za mineralne sirovine i marinsku geologiju.<\/p>\n<p>[\/et_pb_text][et_pb_image src=&#8221;https:\/\/www.hgi-cgs.hr\/wp-content\/uploads\/2021\/02\/20210127_110814a.jpg&#8221; title_text=&#8221;20210127_110814a&#8221; align=&#8221;center&#8221; _builder_version=&#8221;4.16&#8243; _module_preset=&#8221;default&#8221; width=&#8221;65%&#8221; border_radii=&#8221;on|5px|5px|5px|5px&#8221; box_shadow_style=&#8221;preset1&#8243; box_shadow_blur=&#8221;15px&#8221; global_colors_info=&#8221;{}&#8221;][\/et_pb_image][et_pb_text _builder_version=&#8221;4.16&#8243; text_font=&#8221;||||||||&#8221; text_font_size=&#8221;13px&#8221; text_orientation=&#8221;center&#8221; max_width=&#8221;99%&#8221; module_alignment=&#8221;center&#8221; custom_margin=&#8221;-30px||||false|false&#8221; custom_padding=&#8221;0px||0px|||&#8221; global_colors_info=&#8221;{}&#8221;]<\/p>\n<p>Hrvatski repozitorij za jezgre sedimenata (CCR).<\/p>\n<p>[\/et_pb_text][et_pb_image src=&#8221;https:\/\/www.hgi-cgs.hr\/wp-content\/uploads\/2021\/02\/komora1.jpg&#8221; title_text=&#8221;komora1&#8243; align_tablet=&#8221;center&#8221; align_phone=&#8221;&#8221; align_last_edited=&#8221;on|desktop&#8221; _builder_version=&#8221;4.16&#8243; max_width=&#8221;35%&#8221; module_alignment=&#8221;center&#8221; custom_margin=&#8221;||0px&#8221; custom_padding=&#8221;||&#8221; border_radii=&#8221;on|5px|5px|5px|5px&#8221; box_shadow_style=&#8221;preset1&#8243; box_shadow_blur=&#8221;15px&#8221; global_colors_info=&#8221;{}&#8221;][\/et_pb_image][et_pb_text _builder_version=&#8221;4.16&#8243; text_font=&#8221;||||||||&#8221; text_font_size=&#8221;13px&#8221; text_orientation=&#8221;center&#8221; max_width=&#8221;99%&#8221; module_alignment=&#8221;center&#8221; custom_margin=&#8221;-10px||||false|false&#8221; custom_padding=&#8221;10px||0px|||&#8221; global_colors_info=&#8221;{}&#8221;]<\/p>\n<p>Rashladna komora manjih dimenzija za jezgre sedimenata.<\/p>\n<p>[\/et_pb_text][et_pb_video src=&#8221;https:\/\/www.hgi-cgs.hr\/wp-content\/uploads\/2018\/09\/Preparation-of-sediment-cores-for-initial-core-description-ICD-XRF-core-scanning.mp4&#8243; _builder_version=&#8221;4.16&#8243; max_width=&#8221;50%&#8221; module_alignment=&#8221;center&#8221; custom_margin=&#8221;20px||100px|&#8221; global_colors_info=&#8221;{}&#8221;][\/et_pb_video][\/et_pb_column][\/et_pb_row][\/et_pb_section]<\/p>\n","protected":false},"excerpt":{"rendered":"<p>HRVATSKI REPOZITORIJ ZA JEZGRE SEDIMENATA (CROATIAN CORE REPOSITORY \u2013 CCR)Kontakti: dr.sc. Nikolina Ilijani\u0107, dipl.ing. geol \u00a0\u00a0\u00a0\u00a0\u00a0\u00a0\u00a0\u00a0\u00a0\u00a0\u00a0 dr.sc. Ozren Hasan, dipl. ing geolJezgre sedimenata su fizi\u010dki uzorci izbu\u0161eni iz morskog i jezerskog dna. Jezgre sedimenata izbu\u0161ene na teritoriju Republike Hrvatske pohranjuju se u Hrvatskom repozitoriju za jezgre sedimenata (Croatian Core Repository \u2013 CCR). Repozitorij je smje\u0161ten [&hellip;]<\/p>\n","protected":false},"author":1,"featured_media":0,"parent":0,"menu_order":0,"comment_status":"closed","ping_status":"closed","template":"","meta":{"_et_pb_use_builder":"on","_et_pb_old_content":"","_et_gb_content_width":"","footnotes":""},"class_list":["post-29361","page","type-page","status-publish","hentry"],"aioseo_notices":[],"_links":{"self":[{"href":"https:\/\/www.hgi-cgs.hr\/en\/wp-json\/wp\/v2\/pages\/29361","targetHints":{"allow":["GET"]}}],"collection":[{"href":"https:\/\/www.hgi-cgs.hr\/en\/wp-json\/wp\/v2\/pages"}],"about":[{"href":"https:\/\/www.hgi-cgs.hr\/en\/wp-json\/wp\/v2\/types\/page"}],"author":[{"embeddable":true,"href":"https:\/\/www.hgi-cgs.hr\/en\/wp-json\/wp\/v2\/users\/1"}],"replies":[{"embeddable":true,"href":"https:\/\/www.hgi-cgs.hr\/en\/wp-json\/wp\/v2\/comments?post=29361"}],"version-history":[{"count":10,"href":"https:\/\/www.hgi-cgs.hr\/en\/wp-json\/wp\/v2\/pages\/29361\/revisions"}],"predecessor-version":[{"id":43107,"href":"https:\/\/www.hgi-cgs.hr\/en\/wp-json\/wp\/v2\/pages\/29361\/revisions\/43107"}],"wp:attachment":[{"href":"https:\/\/www.hgi-cgs.hr\/en\/wp-json\/wp\/v2\/media?parent=29361"}],"curies":[{"name":"wp","href":"https:\/\/api.w.org\/{rel}","templated":true}]}}