{"id":29352,"date":"2020-04-06T09:02:20","date_gmt":"2020-04-06T09:02:20","guid":{"rendered":"http:\/\/www.hgi-cgs.hr\/?page_id=29352"},"modified":"2024-02-08T09:13:25","modified_gmt":"2024-02-08T09:13:25","slug":"terenska-oprema","status":"publish","type":"page","link":"https:\/\/www.hgi-cgs.hr\/en\/terenska-oprema\/","title":{"rendered":"Field equipment"},"content":{"rendered":"<p>[et_pb_section fb_built=&#8221;1&#8243; fullwidth=&#8221;on&#8221; _builder_version=&#8221;4.16&#8243; custom_padding=&#8221;0px||0px|||&#8221; global_colors_info=&#8221;{}&#8221;][et_pb_fullwidth_slider _builder_version=&#8221;4.16&#8243; min_height=&#8221;112px&#8221; height=&#8221;400px&#8221; custom_margin=&#8221;0px||||false|false&#8221; custom_padding=&#8221;0px||18px||false|false&#8221; auto=&#8221;on&#8221; auto_ignore_hover=&#8221;on&#8221; locked=&#8221;off&#8221; global_colors_info=&#8221;{}&#8221;][et_pb_slide heading=&#8221;Hrvatski geolo\u0161ki institut&#8221; _builder_version=&#8221;4.16&#8243; header_font=&#8221;|||on|||||&#8221; background_image=&#8221;https:\/\/www.hgi-cgs.hr\/wp-content\/uploads\/2020\/03\/Br\u010di\u0107_Drvenik02-scaled.jpg&#8221; background_enable_image=&#8221;on&#8221; locked=&#8221;off&#8221; global_colors_info=&#8221;{}&#8221; sticky_transition=&#8221;on&#8221;][\/et_pb_slide][et_pb_slide heading=&#8221;Hrvatski geolo\u0161ki institut&#8221; _builder_version=&#8221;4.16&#8243; header_font=&#8221;|||on|||||&#8221; background_image=&#8221;https:\/\/www.hgi-cgs.hr\/wp-content\/uploads\/2020\/03\/ban2-scaled.jpg&#8221; background_enable_image=&#8221;on&#8221; locked=&#8221;off&#8221; global_colors_info=&#8221;{}&#8221; sticky_transition=&#8221;on&#8221;][\/et_pb_slide][et_pb_slide heading=&#8221;Hrvatski geolo\u0161ki institut&#8221; _builder_version=&#8221;4.16&#8243; header_font=&#8221;|||on|||||&#8221; background_image=&#8221;https:\/\/www.hgi-cgs.hr\/wp-content\/uploads\/2020\/03\/20190228_094232-scaled.jpg&#8221; background_enable_image=&#8221;on&#8221; locked=&#8221;off&#8221; global_colors_info=&#8221;{}&#8221; sticky_transition=&#8221;on&#8221;][\/et_pb_slide][et_pb_slide heading=&#8221;Hrvatski geolo\u0161ki institut&#8221; _builder_version=&#8221;4.16&#8243; header_font=&#8221;|||on|||||&#8221; background_image=&#8221;https:\/\/www.hgi-cgs.hr\/wp-content\/uploads\/2020\/03\/ban3-scaled.jpg&#8221; background_enable_image=&#8221;on&#8221; locked=&#8221;off&#8221; global_colors_info=&#8221;{}&#8221; sticky_transition=&#8221;on&#8221;][\/et_pb_slide][et_pb_slide heading=&#8221;Hrvatski geolo\u0161ki institut&#8221; _builder_version=&#8221;4.16&#8243; header_font=&#8221;|||on|||||&#8221; background_image=&#8221;https:\/\/www.hgi-cgs.hr\/wp-content\/uploads\/2020\/03\/Bijele_stijene-Gorski_kotar-scaled.jpg&#8221; background_enable_image=&#8221;on&#8221; locked=&#8221;off&#8221; global_colors_info=&#8221;{}&#8221; sticky_transition=&#8221;on&#8221;][\/et_pb_slide][et_pb_slide heading=&#8221;Hrvatski geolo\u0161ki institut&#8221; _builder_version=&#8221;4.16&#8243; header_font=&#8221;|||on|||||&#8221; background_image=&#8221;https:\/\/www.hgi-cgs.hr\/wp-content\/uploads\/2020\/03\/ban4-scaled.jpg&#8221; background_enable_image=&#8221;on&#8221; locked=&#8221;off&#8221; global_colors_info=&#8221;{}&#8221; sticky_transition=&#8221;on&#8221;][\/et_pb_slide][et_pb_slide heading=&#8221;Hrvatski geolo\u0161ki institut&#8221; _builder_version=&#8221;4.16&#8243; header_font=&#8221;|||on|||||&#8221; background_image=&#8221;https:\/\/www.hgi-cgs.hr\/wp-content\/uploads\/2020\/03\/ban5-scaled.jpg&#8221; background_enable_image=&#8221;on&#8221; locked=&#8221;off&#8221; global_colors_info=&#8221;{}&#8221; sticky_transition=&#8221;on&#8221;][\/et_pb_slide][\/et_pb_fullwidth_slider][\/et_pb_section][et_pb_section fb_built=&#8221;1&#8243; _builder_version=&#8221;4.16&#8243; custom_padding=&#8221;||0px|||&#8221; global_colors_info=&#8221;{}&#8221;][et_pb_row _builder_version=&#8221;4.16&#8243; global_colors_info=&#8221;{}&#8221;][et_pb_column type=&#8221;4_4&#8243; _builder_version=&#8221;4.16&#8243; global_colors_info=&#8221;{}&#8221;][et_pb_text _builder_version=&#8221;4.16&#8243; text_font_size=&#8221;32px&#8221; header_2_text_color=&#8221;#1e5096&#8243; custom_margin=&#8221;||13px|||&#8221; global_colors_info=&#8221;{}&#8221;]<\/p>\n<h2 style=\"text-align: center; color: #1e5096;\"><strong>TERENSKA OPREMA<\/strong><\/h2>\n<p>[\/et_pb_text][et_pb_text _builder_version=&#8221;4.16&#8243; text_font=&#8221;|300|||||||&#8221; link_font=&#8221;||||||||&#8221; link_text_color=&#8221;#e09900&#8243; ul_font=&#8221;||||||||&#8221; header_font=&#8221;||||||||&#8221; header_text_align=&#8221;center&#8221; header_2_font=&#8221;|800|||||||&#8221; header_2_text_align=&#8221;center&#8221; header_2_text_color=&#8221;#1e5096&#8243; header_2_font_size=&#8221;54px&#8221; header_3_font=&#8221;|300|||||||&#8221; text_orientation=&#8221;center&#8221; custom_margin=&#8221;8px||10px|||&#8221; custom_padding=&#8221;7px|||||&#8221; animation_direction=&#8221;bottom&#8221; header_2_font_size_tablet=&#8221;&#8221; header_2_font_size_phone=&#8221;30px&#8221; header_2_font_size_last_edited=&#8221;on|phone&#8221; header_2_text_shadow_style=&#8221;preset1&#8243; header_2_text_shadow_horizontal_length=&#8221;0.03em&#8221; header_2_text_shadow_vertical_length=&#8221;0.03em&#8221; header_2_text_shadow_blur_strength=&#8221;0.05em&#8221; header_2_text_shadow_color=&#8221;rgba(0,0,0,0.3)&#8221; global_colors_info=&#8221;{}&#8221;]<\/p>\n<p><strong>Kontakt:<\/strong> <a href=\"mailto:ohasan@hgi-cgs.hr\"><em>Dr.sc. Ozren Hasan, dipl. ing. geol.<\/em><\/a><\/p>\n<p>[\/et_pb_text][\/et_pb_column][\/et_pb_row][\/et_pb_section][et_pb_section fb_built=&#8221;1&#8243; _builder_version=&#8221;4.16&#8243; custom_padding=&#8221;0px||41px|||&#8221; global_colors_info=&#8221;{}&#8221;][et_pb_row use_custom_gutter=&#8221;on&#8221; gutter_width=&#8221;1&#8243; make_equal=&#8221;on&#8221; disabled_on=&#8221;off|off|off&#8221; _builder_version=&#8221;4.16&#8243; background_color=&#8221;#ffffff&#8221; background_size=&#8221;initial&#8221; background_position=&#8221;top_left&#8221; background_repeat=&#8221;repeat&#8221; custom_margin=&#8221;9px|auto||auto||&#8221; custom_padding=&#8221;10px|0px|10px|0px||&#8221; animation_direction=&#8221;right&#8221; global_colors_info=&#8221;{}&#8221;][et_pb_column type=&#8221;4_4&#8243; _builder_version=&#8221;4.16&#8243; background_color=&#8221;#ffffff&#8221; custom_padding=&#8221;|||&#8221; global_colors_info=&#8221;{}&#8221; custom_padding__hover=&#8221;|||&#8221;][et_pb_text _builder_version=&#8221;4.24.0&#8243; text_font=&#8221;||||||||&#8221; link_font=&#8221;||||||||&#8221; link_text_color=&#8221;#e09900&#8243; custom_margin=&#8221;11px|||||&#8221; custom_padding=&#8221;|10px||10px|false|false&#8221; hover_enabled=&#8221;0&#8243; global_colors_info=&#8221;{}&#8221; sticky_enabled=&#8221;0&#8243;]<\/p>\n<p>Terenska oprema obuhva\u0107a opremu za uzorkovanje neporeme\u0107enog slijeda rastresitih sedimenata (tala i sedimenata) &#8211; Eijkelkamp udarnu bu\u0161ilicu (Cobra TT) za uzorkovanje u du\u017eini oko 10 m, i Eijkelkamp auger za uzorkovanje u du\u017eini oko 1 metar. Pomo\u0107u sklopive plutaju\u0107e platforme Q2 s klipnim korerom (UWITEC) uzorkuju se neporeme\u0107eni slijed jezerskih i morskih sedimenata u du\u017eini oko 10 m i dubine vode do oko 100 m.<\/p>\n<p>Geofizi\u010dku opremu za podvodna istra\u017eivanja jezerskog i morskog dna \u010dine razli\u010diti dubinomjeri koji rade na principu seizmi\u010dke akusti\u010dne metode. Panoramski dubinomjeri (<em>side-scan sonari<\/em>) \u00a0i vi\u0161esnopni dubinomjer (<em>multi-beam<\/em>) slu\u017ee za izvo\u0111enje istra\u017eivanja povr\u0161ine jezerskog i morskog dna dubine do oko 400 m. Geolo\u0161ki dubinomjer (<em>sub-bottom profiler<\/em>) koristi se za podvodna geolo\u0161ka istra\u017eivanja ispod povr\u0161ine jezerskog i morskog dna. Precizno pozicioniranje osigurano je pomo\u0107u kinemati\u010dkog (RTK) GPS sustava za pozicioniranje u stvarnom vremenu.<\/p>\n<p>Terensku opremu \u010dine:<\/p>\n<ul>\n<li><a href=\"https:\/\/www.hgi-cgs.hr\/eijkelkamp-oprema-za-busenje\/\">Eijkelkamp oprema za bu\u0161enje sedimenata i tala<\/a><\/li>\n<li><a href=\"https:\/\/www.hgi-cgs.hr\/platforma-q2\/\">Platforma Q2<\/a><\/li>\n<li><a href=\"https:\/\/www.hgi-cgs.hr\/gravitacijsko-jezgrilo\/\">Gravitacijsko jezgrilo<\/a><\/li>\n<li><a href=\"https:\/\/www.hgi-cgs.hr\/van-veen-grabilo\/\">Van Veen grabilo<\/a><\/li>\n<li><a href=\"https:\/\/www.hgi-cgs.hr\/o-nama-zavod-za-mineralne-sirovine__trashed\/terenska-oprema__trashed\/panoramski-dubinomjer-humminbird-side-scan-sonar\/\">Panoramski dubinomjeri (side-scan sonari, SSS)<\/a><em><br \/><\/em><\/li>\n<li><a href=\"https:\/\/www.hgi-cgs.hr\/o-nama-zavod-za-mineralne-sirovine__trashed\/terenska-oprema__trashed\/visesnopni-dubinomjer-wassp-s3\/\">Vi\u0161esnopni dubinomjer (multi-beam sonar, MBS)<\/a><\/li>\n<li><a href=\"https:\/\/www.hgi-cgs.hr\/geoloski-dubinomjer\/\">Geolo\u0161ki dubinomjer (<em>sub-bottom profiler<\/em>, SBP)<\/a><\/li>\n<li><a href=\"https:\/\/www.hgi-cgs.hr\/sustav-za-navigaciju-na-moru\/\">Sustav za RTK navigaciju na moru<\/a><\/li>\n<li><a href=\"https:\/\/www.hgi-cgs.hr\/sonda-za-mjerenje-brzine-zvuka-ctd-sonda\/\">Sonda za mjerenje brzine zvuka (CTD sonda)<\/a><\/li>\n<li><a href=\"https:\/\/www.hgi-cgs.hr\/podvodni-robot-rov\/\">Podvodni robot (ROV)<\/a><\/li>\n<li><a href=\"https:\/\/www.hgi-cgs.hr\/bespilotne-letjelice-dronovi\/\">Bespilotne letjelice (dronovi)<\/a><\/li>\n<\/ul>\n<p style=\"text-align: left;\">[\/et_pb_text][\/et_pb_column][\/et_pb_row][\/et_pb_section]<\/p>\n","protected":false},"excerpt":{"rendered":"<p>TERENSKA OPREMAKontakt: Dr.sc. Ozren Hasan, dipl. ing. geol.Terenska oprema obuhva\u0107a opremu za uzorkovanje neporeme\u0107enog slijeda rastresitih sedimenata (tala i sedimenata) &#8211; Eijkelkamp udarnu bu\u0161ilicu (Cobra TT) za uzorkovanje u du\u017eini oko 10 m, i Eijkelkamp auger za uzorkovanje u du\u017eini oko 1 metar. Pomo\u0107u sklopive plutaju\u0107e platforme Q2 s klipnim korerom (UWITEC) uzorkuju se neporeme\u0107eni [&hellip;]<\/p>\n","protected":false},"author":1,"featured_media":0,"parent":0,"menu_order":0,"comment_status":"closed","ping_status":"closed","template":"","meta":{"_et_pb_use_builder":"on","_et_pb_old_content":"","_et_gb_content_width":"","footnotes":""},"class_list":["post-29352","page","type-page","status-publish","hentry"],"aioseo_notices":[],"_links":{"self":[{"href":"https:\/\/www.hgi-cgs.hr\/en\/wp-json\/wp\/v2\/pages\/29352","targetHints":{"allow":["GET"]}}],"collection":[{"href":"https:\/\/www.hgi-cgs.hr\/en\/wp-json\/wp\/v2\/pages"}],"about":[{"href":"https:\/\/www.hgi-cgs.hr\/en\/wp-json\/wp\/v2\/types\/page"}],"author":[{"embeddable":true,"href":"https:\/\/www.hgi-cgs.hr\/en\/wp-json\/wp\/v2\/users\/1"}],"replies":[{"embeddable":true,"href":"https:\/\/www.hgi-cgs.hr\/en\/wp-json\/wp\/v2\/comments?post=29352"}],"version-history":[{"count":13,"href":"https:\/\/www.hgi-cgs.hr\/en\/wp-json\/wp\/v2\/pages\/29352\/revisions"}],"predecessor-version":[{"id":43098,"href":"https:\/\/www.hgi-cgs.hr\/en\/wp-json\/wp\/v2\/pages\/29352\/revisions\/43098"}],"wp:attachment":[{"href":"https:\/\/www.hgi-cgs.hr\/en\/wp-json\/wp\/v2\/media?parent=29352"}],"curies":[{"name":"wp","href":"https:\/\/api.w.org\/{rel}","templated":true}]}}