{"id":29338,"date":"2020-04-06T08:50:38","date_gmt":"2020-04-06T08:50:38","guid":{"rendered":"http:\/\/www.hgi-cgs.hr\/?page_id=29338"},"modified":"2024-01-24T08:39:51","modified_gmt":"2024-01-24T08:39:51","slug":"zavod-za-mineralne-sirovine-i-marinsku-geologiju-o-nama","status":"publish","type":"page","link":"https:\/\/www.hgi-cgs.hr\/en\/zavod-za-mineralne-sirovine-i-marinsku-geologiju-o-nama\/","title":{"rendered":"Zavod za  mineralne sirovine &#8211; O nama"},"content":{"rendered":"<p>[et_pb_section fb_built=&#8221;1&#8243; fullwidth=&#8221;on&#8221; _builder_version=&#8221;4.16&#8243; custom_padding=&#8221;0px||0px|||&#8221; global_colors_info=&#8221;{}&#8221;][et_pb_fullwidth_slider _builder_version=&#8221;4.16&#8243; min_height=&#8221;112px&#8221; height=&#8221;400px&#8221; custom_margin=&#8221;0px||||false|false&#8221; custom_padding=&#8221;0px||18px||false|false&#8221; auto=&#8221;on&#8221; auto_ignore_hover=&#8221;on&#8221; locked=&#8221;off&#8221; global_colors_info=&#8221;{}&#8221;][et_pb_slide heading=&#8221;Hrvatski geolo\u0161ki institut&#8221; _builder_version=&#8221;4.16&#8243; header_font=&#8221;|||on|||||&#8221; background_image=&#8221;https:\/\/www.hgi-cgs.hr\/wp-content\/uploads\/2020\/03\/Br\u010di\u0107_Drvenik02-scaled.jpg&#8221; background_enable_image=&#8221;on&#8221; locked=&#8221;off&#8221; global_colors_info=&#8221;{}&#8221; sticky_transition=&#8221;on&#8221;][\/et_pb_slide][et_pb_slide heading=&#8221;Hrvatski geolo\u0161ki institut&#8221; _builder_version=&#8221;4.16&#8243; header_font=&#8221;|||on|||||&#8221; background_image=&#8221;https:\/\/www.hgi-cgs.hr\/wp-content\/uploads\/2020\/03\/ban2-scaled.jpg&#8221; background_enable_image=&#8221;on&#8221; locked=&#8221;off&#8221; global_colors_info=&#8221;{}&#8221; sticky_transition=&#8221;on&#8221;][\/et_pb_slide][et_pb_slide heading=&#8221;Hrvatski geolo\u0161ki institut&#8221; _builder_version=&#8221;4.16&#8243; header_font=&#8221;|||on|||||&#8221; background_image=&#8221;https:\/\/www.hgi-cgs.hr\/wp-content\/uploads\/2020\/03\/20190228_094232-scaled.jpg&#8221; background_enable_image=&#8221;on&#8221; locked=&#8221;off&#8221; global_colors_info=&#8221;{}&#8221; sticky_transition=&#8221;on&#8221;][\/et_pb_slide][et_pb_slide heading=&#8221;Hrvatski geolo\u0161ki institut&#8221; _builder_version=&#8221;4.16&#8243; header_font=&#8221;|||on|||||&#8221; background_image=&#8221;https:\/\/www.hgi-cgs.hr\/wp-content\/uploads\/2020\/03\/ban3-scaled.jpg&#8221; background_enable_image=&#8221;on&#8221; locked=&#8221;off&#8221; global_colors_info=&#8221;{}&#8221; sticky_transition=&#8221;on&#8221;][\/et_pb_slide][et_pb_slide heading=&#8221;Hrvatski geolo\u0161ki institut&#8221; _builder_version=&#8221;4.16&#8243; header_font=&#8221;|||on|||||&#8221; background_image=&#8221;https:\/\/www.hgi-cgs.hr\/wp-content\/uploads\/2020\/03\/Bijele_stijene-Gorski_kotar-scaled.jpg&#8221; background_enable_image=&#8221;on&#8221; locked=&#8221;off&#8221; global_colors_info=&#8221;{}&#8221; sticky_transition=&#8221;on&#8221;][\/et_pb_slide][et_pb_slide heading=&#8221;Hrvatski geolo\u0161ki institut&#8221; _builder_version=&#8221;4.16&#8243; header_font=&#8221;|||on|||||&#8221; background_image=&#8221;https:\/\/www.hgi-cgs.hr\/wp-content\/uploads\/2020\/03\/ban4-scaled.jpg&#8221; background_enable_image=&#8221;on&#8221; locked=&#8221;off&#8221; global_colors_info=&#8221;{}&#8221; sticky_transition=&#8221;on&#8221;][\/et_pb_slide][et_pb_slide heading=&#8221;Hrvatski geolo\u0161ki institut&#8221; _builder_version=&#8221;4.16&#8243; header_font=&#8221;|||on|||||&#8221; background_image=&#8221;https:\/\/www.hgi-cgs.hr\/wp-content\/uploads\/2020\/03\/ban5-scaled.jpg&#8221; background_enable_image=&#8221;on&#8221; locked=&#8221;off&#8221; global_colors_info=&#8221;{}&#8221; sticky_transition=&#8221;on&#8221;][\/et_pb_slide][\/et_pb_fullwidth_slider][\/et_pb_section][et_pb_section fb_built=&#8221;1&#8243; _builder_version=&#8221;4.16&#8243; global_colors_info=&#8221;{}&#8221;][et_pb_row _builder_version=&#8221;4.16&#8243; global_colors_info=&#8221;{}&#8221;][et_pb_column type=&#8221;4_4&#8243; _builder_version=&#8221;4.16&#8243; global_colors_info=&#8221;{}&#8221;][et_pb_text _builder_version=&#8221;4.23.4&#8243; text_font_size=&#8221;32px&#8221; header_2_text_color=&#8221;#1e5096&#8243; hover_enabled=&#8221;0&#8243; global_colors_info=&#8221;{}&#8221; sticky_enabled=&#8221;0&#8243;]<\/p>\n<h2 style=\"text-align: center; color: #1e5096;\"><strong>ZAVOD ZA MINERALNE SIROVINE I MARINSKU GEOLOGIJU &#8211; O nama<\/strong><\/h2>\n<p>[\/et_pb_text][\/et_pb_column][\/et_pb_row][\/et_pb_section][et_pb_section fb_built=&#8221;1&#8243; _builder_version=&#8221;4.16&#8243; custom_padding=&#8221;20px||41px|||&#8221; global_colors_info=&#8221;{}&#8221;][et_pb_row column_structure=&#8221;1_2,1_2&#8243; _builder_version=&#8221;4.16&#8243; custom_margin=&#8221;-6px|auto||auto||&#8221; custom_padding=&#8221;14px|0px|3px|0px|false|false&#8221; global_colors_info=&#8221;{}&#8221;][et_pb_column type=&#8221;1_2&#8243; _builder_version=&#8221;4.16&#8243; custom_padding=&#8221;|||&#8221; global_colors_info=&#8221;{}&#8221; custom_padding__hover=&#8221;|||&#8221;][et_pb_text _builder_version=&#8221;4.16&#8243; text_font=&#8221;||||||||&#8221; max_width=&#8221;80%&#8221; module_alignment=&#8221;left&#8221; custom_margin=&#8221;10px||&#8221; global_colors_info=&#8221;{}&#8221;]<\/p>\n<p><strong><span style=\"font-family: Georgia;\">Predstojnica Zavoda: dr.sc<\/span><\/strong><strong><span style=\"font-family: Georgia;\">. <\/span><\/strong><span style=\"font-family: Georgia;\">Nikolina Ilijani\u0107, dipl.ing geol.<\/span><\/p>\n<p><strong>Tel:<\/strong> +385 1 6160 744<em><br \/> <\/em><strong> E-mail:<\/strong> <a href=\"mailto:nikolina.ilijanic@hgi-cgs.hr\">nilijanic@hgi-cgs.hr<\/a><\/p>\n<p>[\/et_pb_text][\/et_pb_column][et_pb_column type=&#8221;1_2&#8243; _builder_version=&#8221;4.16&#8243; custom_padding=&#8221;|||&#8221; global_colors_info=&#8221;{}&#8221; custom_padding__hover=&#8221;|||&#8221;][et_pb_text _builder_version=&#8221;4.16&#8243; text_font=&#8221;||||||||&#8221; max_width=&#8221;80%&#8221; module_alignment=&#8221;left&#8221; custom_margin=&#8221;10px||&#8221; global_colors_info=&#8221;{}&#8221;]<\/p>\n<p><strong><span style=\"font-family: Georgia;\">Tajnica Zavoda: <\/span><\/strong><span style=\"font-family: Georgia;\">Mirela \u017dic<\/span><strong><span style=\"font-family: Georgia;\"><br \/> <\/span><\/strong><\/p>\n<p><strong>Tel:<\/strong> +385 1 6160 744<em><br \/> <\/em><strong> E-mail:<\/strong> <a href=\"mailto:mirela.zic@hgi-cgs.hr\">mzic@hgi-cgs.hr<\/a><\/p>\n<p>&nbsp;<\/p>\n<p>[\/et_pb_text][\/et_pb_column][\/et_pb_row][et_pb_row _builder_version=&#8221;4.16&#8243; global_colors_info=&#8221;{}&#8221;][et_pb_column type=&#8221;4_4&#8243; _builder_version=&#8221;4.16&#8243; global_colors_info=&#8221;{}&#8221;][et_pb_text _builder_version=&#8221;4.23.4&#8243; custom_padding=&#8221;|10px|||false|false&#8221; hover_enabled=&#8221;0&#8243; global_colors_info=&#8221;{}&#8221; sticky_enabled=&#8221;0&#8243;]<\/p>\n<p style=\"text-align: left;\">Znanstvena istra\u017eivanja Zavoda za mineralne sirovine i marinsku geologiju odnose se na istra\u017eivanja mineralnih sirovina, geokemijska istra\u017eivanja okoli\u0161a, paleolimnolo\u0161ka istra\u017eivanja, istra\u017eivanja siga i geolo\u0161ka istra\u017eivanja podmorja (marinsku geologiju).<\/p>\n<p style=\"text-align: left;\">Djelatnici utvr\u0111uju postoje\u0107a i potencijalna le\u017ei\u0161ta mineralnih sirovina te rje\u0161avaju postanak pojedinih tipova le\u017ei\u0161ta mineralnih sirovina. Pru\u017eaju savjetovanje i informacije o prirodnom resursima u Republici Hrvatskoj vezanim za mineralne sirovine u svrhu racionalnog i odr\u017eivog gospodarenja i upravljanja mineralnim sirovinama. Djelatnici provode sistematizaciju baze podataka mineralnih sirovina u RH te izra\u0111uju karte mineralnih sirovina i geolo\u0161ke potencijalnosti mineralnih sirovina RH. Pri svojim istra\u017eivanjima uvode nove metode istra\u017eivanja, prvenstveno daljinska istra\u017eivanja mineralnih sirovina i razvijaju modele takvih istra\u017eivanja pogodnih za podru\u010dje RH na temelju geolo\u0161kih karakteristika pojedinih podru\u010dja.<\/p>\n<p style=\"text-align: left;\">Djelatnici provode kvartarna istra\u017eivanja koja uklju\u010duju geokemijska istra\u017eivanja okoli\u0161a, paleolimnolo\u0161ka istra\u017eivanja, paleoklimatska istra\u017eivanja siga i geolo\u0161ka istra\u017eivanja podmorja. Geokemijska istra\u017eivanja okoli\u0161a uklju\u010duju geokemijsko kartiranje RH i geokemiju urbanih podru\u010dja u svrhu utvr\u0111ivanja antropogenog utjecaja na okoli\u0161, \u0161to je rezultiralo izradom geokemijskog atlasa RH (Halami\u0107 &amp; Miko, 2009) i omogu\u0107uje dugotrajniji monitoring geokemijskog stanja tala, te \u00a0pra\u0107enje sadr\u017eaja organske tvari u tlima. Paleolimnolo\u0161ka istra\u017eivanja vezana su za istra\u017eivanja dinami\u010dnih teresti\u010dkih ekosustava kao \u0161to su treseti\u0161ta, kr\u0161ka polja, jezera te plitkomorske okoli\u0161e isto\u010dno jadranskog \u0161elfa (&lt;100 m dubine) \u010dije depresije \u010desto sadr\u017ee potopljena jezera (paleojezera) te njihov odgovor na klimatske promjene, antropogeni utjecaj i promjene razine mora. Navedena istra\u017eivanja omogu\u0107uju rekonstrukciju kvartarnih okoli\u0161a, utvr\u0111ivanja lokalnih krivulja izdizanja mora, paleorazina jezera (hidrolo\u0161ke promjene), porijekla materijala, erozijskih procesa, stupnja one\u010di\u0161\u0107enja i zakiseljenosti odnosno eutrofikacije jezera i mora, te se provode kombiniraju\u0107i geofizi\u010dka istra\u017eivanja (geolo\u0161ki, vi\u0161esnopni i panoramski dubinomjer) i istra\u017eivanja jezgre sedimenata na temelju sedimentolo\u0161kih, geokemijskih i mineralo\u0161kih indikatora u kombinaciji s paleontolo\u0161kim indikatorima (palinolo\u0161ke analize, analize ostrakoda, dijatomeja, chironomida). Sige sadr\u017ee zapis prirodne klimatske varijabilnosti te ih koristimo u istra\u017eivnaju kvartara kao pogodan medij za istra\u017eivanje klimatskih promjena. Paleoklimatska istra\u017eivanja siga komplementarna su s paleookoli\u0161nim i paleoklimatskim istra\u017eivanjima na temelju jezerskih i morskih sedimenata. Geolo\u0161ka istra\u017eivanja podmorja vezana su za marinska istra\u017eivanja i geolo\u0161ko kartiranje podmorja. Marinska istra\u017eivanja uklju\u010duju utvr\u0111ivanje geomorfologije obale i podmorja, promjene obalne linije, debljine pojedinih geolo\u0161kih naslaga i izdizanja morske razine tijekom kvartara, kombiniraju\u0107i geofizi\u010dka istra\u017eivanja (plitka seizmika) i multidisciplinarna istra\u017eivanja jezgri sedimenata.<\/p>\n<p style=\"text-align: left;\">Djelatnici Zavoda ostvaruju svoju temeljnu djelatnost u izradi karte mineralnih sirovina RH, geokemijske karte RH i geolo\u0161ke karte podmorja Jadranskog mora. Djelatnici sudjeluju u znanstvenim i\/ili stru\u010dnim projektima financiranim iz razli\u010ditih izvora: projektima Hrvatske zaklade za znanost (HRZZ), projektima Europskih (EU) i ostalih me\u0111unarodnih fondova kao \u0161to su program Obzor2020 i EIT Mineralne sirovine, projektima nacionalnih izvora od ministarstava, agencija, lokalne uprave i ostale naru\u010ditelje javnog ili privatnog sektora.<\/p>\n<p>[\/et_pb_text][\/et_pb_column][\/et_pb_row][\/et_pb_section]<\/p>\n","protected":false},"excerpt":{"rendered":"<p>ZAVOD ZA MINERALNE SIROVINE I MARINSKU GEOLOGIJU &#8211; O namaPredstojnica Zavoda: dr.sc. Nikolina Ilijani\u0107, dipl.ing geol. Tel: +385 1 6160 744 E-mail: nilijanic@hgi-cgs.hrTajnica Zavoda: Mirela \u017dic Tel: +385 1 6160 744 E-mail: mzic@hgi-cgs.hr &nbsp;Znanstvena istra\u017eivanja Zavoda za mineralne sirovine i marinsku geologiju odnose se na istra\u017eivanja mineralnih sirovina, geokemijska istra\u017eivanja okoli\u0161a, paleolimnolo\u0161ka istra\u017eivanja, istra\u017eivanja siga [&hellip;]<\/p>\n","protected":false},"author":1,"featured_media":0,"parent":0,"menu_order":0,"comment_status":"closed","ping_status":"closed","template":"","meta":{"_et_pb_use_builder":"on","_et_pb_old_content":"","_et_gb_content_width":"","footnotes":""},"class_list":["post-29338","page","type-page","status-publish","hentry"],"aioseo_notices":[],"_links":{"self":[{"href":"https:\/\/www.hgi-cgs.hr\/en\/wp-json\/wp\/v2\/pages\/29338","targetHints":{"allow":["GET"]}}],"collection":[{"href":"https:\/\/www.hgi-cgs.hr\/en\/wp-json\/wp\/v2\/pages"}],"about":[{"href":"https:\/\/www.hgi-cgs.hr\/en\/wp-json\/wp\/v2\/types\/page"}],"author":[{"embeddable":true,"href":"https:\/\/www.hgi-cgs.hr\/en\/wp-json\/wp\/v2\/users\/1"}],"replies":[{"embeddable":true,"href":"https:\/\/www.hgi-cgs.hr\/en\/wp-json\/wp\/v2\/comments?post=29338"}],"version-history":[{"count":7,"href":"https:\/\/www.hgi-cgs.hr\/en\/wp-json\/wp\/v2\/pages\/29338\/revisions"}],"predecessor-version":[{"id":42909,"href":"https:\/\/www.hgi-cgs.hr\/en\/wp-json\/wp\/v2\/pages\/29338\/revisions\/42909"}],"wp:attachment":[{"href":"https:\/\/www.hgi-cgs.hr\/en\/wp-json\/wp\/v2\/media?parent=29338"}],"curies":[{"name":"wp","href":"https:\/\/api.w.org\/{rel}","templated":true}]}}