{"id":29280,"date":"2020-04-04T13:26:43","date_gmt":"2020-04-04T13:26:43","guid":{"rendered":"http:\/\/www.hgi-cgs.hr\/?page_id=29280"},"modified":"2025-06-02T10:08:45","modified_gmt":"2025-06-02T10:08:45","slug":"zavod-za-geologiju-o-nama","status":"publish","type":"page","link":"https:\/\/www.hgi-cgs.hr\/en\/zavod-za-geologiju-o-nama\/","title":{"rendered":"Zavod za geologiju &#8211; O nama"},"content":{"rendered":"<p>[et_pb_section fb_built=&#8221;1&#8243; fullwidth=&#8221;on&#8221; _builder_version=&#8221;4.16&#8243; custom_padding=&#8221;0px||0px|||&#8221; global_colors_info=&#8221;{}&#8221;][et_pb_fullwidth_slider _builder_version=&#8221;4.16&#8243; min_height=&#8221;112px&#8221; height=&#8221;400px&#8221; custom_margin=&#8221;0px||||false|false&#8221; custom_padding=&#8221;0px||18px||false|false&#8221; auto=&#8221;on&#8221; auto_ignore_hover=&#8221;on&#8221; locked=&#8221;off&#8221; global_colors_info=&#8221;{}&#8221;][et_pb_slide heading=&#8221;Hrvatski geolo\u0161ki institut&#8221; _builder_version=&#8221;4.16&#8243; header_font=&#8221;|||on|||||&#8221; background_image=&#8221;https:\/\/www.hgi-cgs.hr\/wp-content\/uploads\/2020\/03\/Br\u010di\u0107_Drvenik02-scaled.jpg&#8221; background_enable_image=&#8221;on&#8221; locked=&#8221;off&#8221; global_colors_info=&#8221;{}&#8221; sticky_transition=&#8221;on&#8221;][\/et_pb_slide][et_pb_slide heading=&#8221;Hrvatski geolo\u0161ki institut&#8221; _builder_version=&#8221;4.16&#8243; header_font=&#8221;|||on|||||&#8221; background_image=&#8221;https:\/\/www.hgi-cgs.hr\/wp-content\/uploads\/2020\/03\/ban2-scaled.jpg&#8221; background_enable_image=&#8221;on&#8221; locked=&#8221;off&#8221; global_colors_info=&#8221;{}&#8221; sticky_transition=&#8221;on&#8221;][\/et_pb_slide][et_pb_slide heading=&#8221;Hrvatski geolo\u0161ki institut&#8221; _builder_version=&#8221;4.16&#8243; header_font=&#8221;|||on|||||&#8221; background_image=&#8221;https:\/\/www.hgi-cgs.hr\/wp-content\/uploads\/2020\/03\/20190228_094232-scaled.jpg&#8221; background_enable_image=&#8221;on&#8221; locked=&#8221;off&#8221; global_colors_info=&#8221;{}&#8221; sticky_transition=&#8221;on&#8221;][\/et_pb_slide][et_pb_slide heading=&#8221;Hrvatski geolo\u0161ki institut&#8221; _builder_version=&#8221;4.16&#8243; header_font=&#8221;|||on|||||&#8221; background_image=&#8221;https:\/\/www.hgi-cgs.hr\/wp-content\/uploads\/2020\/03\/ban3-scaled.jpg&#8221; background_enable_image=&#8221;on&#8221; locked=&#8221;off&#8221; global_colors_info=&#8221;{}&#8221; sticky_transition=&#8221;on&#8221;][\/et_pb_slide][et_pb_slide heading=&#8221;Hrvatski geolo\u0161ki institut&#8221; _builder_version=&#8221;4.16&#8243; header_font=&#8221;|||on|||||&#8221; background_image=&#8221;https:\/\/www.hgi-cgs.hr\/wp-content\/uploads\/2020\/03\/Bijele_stijene-Gorski_kotar-scaled.jpg&#8221; background_enable_image=&#8221;on&#8221; locked=&#8221;off&#8221; global_colors_info=&#8221;{}&#8221; sticky_transition=&#8221;on&#8221;][\/et_pb_slide][et_pb_slide heading=&#8221;Hrvatski geolo\u0161ki institut&#8221; _builder_version=&#8221;4.16&#8243; header_font=&#8221;|||on|||||&#8221; background_image=&#8221;https:\/\/www.hgi-cgs.hr\/wp-content\/uploads\/2020\/03\/ban4-scaled.jpg&#8221; background_enable_image=&#8221;on&#8221; locked=&#8221;off&#8221; global_colors_info=&#8221;{}&#8221; sticky_transition=&#8221;on&#8221;][\/et_pb_slide][et_pb_slide heading=&#8221;Hrvatski geolo\u0161ki institut&#8221; _builder_version=&#8221;4.16&#8243; header_font=&#8221;|||on|||||&#8221; background_image=&#8221;https:\/\/www.hgi-cgs.hr\/wp-content\/uploads\/2020\/03\/ban5-scaled.jpg&#8221; background_enable_image=&#8221;on&#8221; locked=&#8221;off&#8221; global_colors_info=&#8221;{}&#8221; sticky_transition=&#8221;on&#8221;][\/et_pb_slide][\/et_pb_fullwidth_slider][\/et_pb_section][et_pb_section fb_built=&#8221;1&#8243; _builder_version=&#8221;4.16&#8243; global_colors_info=&#8221;{}&#8221;][et_pb_row _builder_version=&#8221;4.16&#8243; global_colors_info=&#8221;{}&#8221;][et_pb_column type=&#8221;4_4&#8243; _builder_version=&#8221;4.16&#8243; global_colors_info=&#8221;{}&#8221;][et_pb_text _builder_version=&#8221;4.16&#8243; text_font_size=&#8221;32px&#8221; header_2_text_color=&#8221;#1e5096&#8243; global_colors_info=&#8221;{}&#8221;]<\/p>\n<h2 style=\"text-align: center; color: #1e5096;\"><strong>ZAVOD ZA GEOLOGIJU &#8211; O nama<\/strong><\/h2>\n<p>[\/et_pb_text][\/et_pb_column][\/et_pb_row][\/et_pb_section][et_pb_section fb_built=&#8221;1&#8243; _builder_version=&#8221;4.16&#8243; custom_padding=&#8221;40px|0px|72px|0px|false|false&#8221; global_colors_info=&#8221;{}&#8221;][et_pb_row column_structure=&#8221;1_2,1_2&#8243; _builder_version=&#8221;4.16&#8243; global_colors_info=&#8221;{}&#8221;][et_pb_column type=&#8221;1_2&#8243; _builder_version=&#8221;4.16&#8243; global_colors_info=&#8221;{}&#8221;][et_pb_text _builder_version=&#8221;4.27.4&#8243; module_alignment=&#8221;center&#8221; custom_padding=&#8221;|||80px|false|false&#8221; hover_enabled=&#8221;0&#8243; global_colors_info=&#8221;{}&#8221; sticky_enabled=&#8221;0&#8243;]<\/p>\n<p style=\"text-align: left;\"><strong>Predstojnica Zavoda:<\/strong> dr.sc. Adriano Banak<\/p>\n<p style=\"text-align: left;\"><strong>Tel:<\/strong> +385 1 6160 710<\/p>\n<p style=\"text-align: left;\"><strong><em>Tel:<\/em> <\/strong>+385 1 6160 708<\/p>\n<p style=\"text-align: left;\"><strong>E-mail:<\/strong><em><a href=\"mailto:abanak@hgi-cgs.hr\"> abanak@hgi-cgs.hr<\/a><a href=\"mailto:kbakrac@hgi-cgs.hr\"><\/a><\/em><\/p>\n<p style=\"text-align: left;\">[\/et_pb_text][\/et_pb_column][et_pb_column type=&#8221;1_2&#8243; _builder_version=&#8221;4.16&#8243; global_colors_info=&#8221;{}&#8221;][et_pb_text _builder_version=&#8221;4.27.0&#8243; global_colors_info=&#8221;{}&#8221;]<\/p>\n<p style=\"text-align: left;\"><strong>Tajnica Zavoda: <\/strong>Nikolina Sablji\u0107<\/p>\n<p style=\"text-align: left;\"><strong>Tel:<\/strong> +385 1 6160 710<\/p>\n<p style=\"text-align: left;\"><strong>E-mail:\u00a0<\/strong><em><a href=\"mailto:nsabljic@hgi-cgs.hr\">nsabljic@hgi-cgs.hr<\/a> <\/em><\/p>\n<p>[\/et_pb_text][\/et_pb_column][\/et_pb_row][et_pb_row use_custom_gutter=&#8221;on&#8221; gutter_width=&#8221;1&#8243; make_equal=&#8221;on&#8221; disabled_on=&#8221;off|off|off&#8221; _builder_version=&#8221;4.16&#8243; background_color=&#8221;#ffffff&#8221; background_size=&#8221;initial&#8221; background_position=&#8221;top_left&#8221; background_repeat=&#8221;repeat&#8221; custom_padding=&#8221;51px|0px|0px|0px|false|false&#8221; animation_direction=&#8221;right&#8221; global_colors_info=&#8221;{}&#8221;][et_pb_column type=&#8221;4_4&#8243; _builder_version=&#8221;4.16&#8243; background_color=&#8221;#ffffff&#8221; custom_padding=&#8221;|||&#8221; global_colors_info=&#8221;{}&#8221; custom_padding__hover=&#8221;|||&#8221;][et_pb_text _builder_version=&#8221;4.22.1&#8243; custom_padding=&#8221;|10px||10px|false|true&#8221; global_colors_info=&#8221;{}&#8221;]<\/p>\n<p style=\"text-align: left;\">Djelatnici Zavoda za geologiju bave se \u0161irokim spektrom geolo\u0161kih istra\u017eivanja koja za cilj imaju prikupljanje podataka i stalno nadogra\u0111ivanje spoznaja o geolo\u0161koj gra\u0111i teritorija Republike Hrvatske. Geolo\u0161ka gra\u0111a uvjetuje sastav i plodnost tla, formiranje i stabilnost reljefa, postojanje pitke vode i mineralnih sirovina. Njezino poznavanje jedan je od temeljnih preduvjeta za odr\u017eivo kori\u0161tenje prirodnih resursa i prostorno planiranje, odnosno odr\u017eivi razvoj. Svoju djelatnost djelatnici Zavoda za geologiju provode kroz znanstveno-istra\u017eiva\u010dke projekte i izradu geolo\u0161kih karata te kroz suradnju s privredom. Na Zavodu za geologiju provode se sedimentolo\u0161ka, stratigrafska, paleontolo\u0161ka, mineralo\u0161ka, petrolo\u0161ka, geokemijska te strukturno geolo\u0161ka i geomorfolo\u0161ka istra\u017eivanja. Kao potpora geolo\u0161kim istra\u017eivanjima odnedavno se na Zavodu provode i geodetska (geomatska) istra\u017eivanja. Sinteza istra\u017eivanja na Zavodu su osnovne i tematske geolo\u0161ke karte koje slu\u017ee kao temelj primijenjenim istra\u017eivanjima.<\/p>\n<p>U Zavodu za geologiju trenutno su zaposlena 47 djelatnika, od toga 20 na znanstvenim radnim mjestima, 6 na suradni\u010dkim radnim mjestima, 14 na stru\u010dnim radnim mjestima, 7 na tehni\u010dkim radnim mjestima.<strong><\/strong><\/p>\n<p style=\"text-align: left;\">Temeljnu djelatnost Zavoda za geologiju \u010dine geolo\u0161ka istra\u017eivanja u Republici Hrvatskoj, a provode se kroz izradu geolo\u0161kih karata. U dana\u0161nje vrijeme geolo\u0161ka karta predstavlja multidisciplinarni znanstveno-stru\u010dni rad koji nastaje prikupljanjem i obradom terenskih, laboratorijskih i kabinetskih podataka. Izrada<strong><em><a href=\"https:\/\/www.hgi-cgs.hr\/osnovna-geoloska-karta-republike-hrvatske-150-000\/\"> Osnovne geolo\u0161ke karte M 1:50 000<\/a><\/em><\/strong> je trajni znanstveno-istra\u017eiva\u010dki proces sa svim zna\u010dajkama temeljnog znanstvenog rada, kojim se sustavno nadogra\u0111uju postoje\u0107e geolo\u0161ke spoznaje i otkrivaju nove. Djelatnici sudjeluju i u znanstvenim i\/ili stru\u010dnim projektima financiranim iz razli\u010ditih izvora: projektima Hrvatske zaklade za znanost (HRZZ), projektima Europskih (EU) i ostalih me\u0111unarodnih fondova kao \u0161to su program Obzor2020, projektima nacionalnih izvora od ministarstava, agencija, lokalne uprave i ostale naru\u010ditelje javnog ili privatnog sektora.<\/p>\n<p style=\"text-align: left;\">Znanstvene teme Zavoda za geologiju vezane su za geolo\u0161ka <em>sensu lato<\/em>, naftnogeolo\u0161ka, geokemijska, geoarheolo\u0161ka, geopedolo\u0161ka i geomedicinska istra\u017eivanja, te istra\u017eivanja dijelom vezana za klimatsku aktivnost i okoli\u0161.<\/p>\n<p style=\"text-align: left;\">Znanstvene teme su podijeljene u vi\u0161e grupa istra\u017eivanja:<\/p>\n<ol style=\"text-align: left;\">\n<li>istra\u017eivanje kvartarnih sedimentnih arhiva s naglaskom na paleoklimatske i paleookoli\u0161ne rekonstrukcije<\/li>\n<li>istra\u017eivanje neotektonskih i erozijskih procesa te njihova utjecaja na geomorfologiju<\/li>\n<li>istra\u017eivanje stratigrafske, geodinamske i paleogeografske evolucije panonskog podru\u010dja tijekom paleogena i neogena<\/li>\n<li>istra\u017eivanje geodinamske evolucije sjeverozapadnog dijela mezozojskog Tetisa<\/li>\n<li>istra\u017eivanja podru\u010dja dinarskoga kr\u0161a s naglaskom na stratigrafiju karbonatne platforme, evoluciju predgorskih bazena i orogenezu<\/li>\n<li>petrokronolo\u0161ka istra\u017eivanja magmatskih i metamorfnih stijena<\/li>\n<li>izrada detaljnih modela le\u017ei\u0161ta za potrebe istra\u017eivanja mineralnih sirovina kao \u0161to su npr. geotermalne vode i ugljikovodici.<\/li>\n<li>izrada detaljnih modela potencijalnih podzemnih skladi\u0161ta energije, vodonosnika (npr. geolo\u0161ko skladi\u0161tenje ugljikovog dioksida) kao i za geomehani\u010dko modeliranje.<\/li>\n<li>regionalna geokemijska istra\u017eivanja u svrhu izrade geokemijskih atlasa R. Hrvatske ili njenih pojedinih regija<\/li>\n<li>specijalisti\u010dka geokemijska istra\u017eivanja u svrhu definiranja optere\u0107enja ekosustava (tala, voda, recentnih sedimenata) potencijalno toksi\u010dnim elementima odnosno svim vrstama anorganskih i organskih one\u010di\u0161\u0107iva\u010da.<\/li>\n<li>detektiranja zona aktivnih rasjeda i drugih geolo\u0161kih aktivnih procesa<\/li>\n<li>geomati\u010dka istra\u017eivanja.<\/li>\n<\/ol>\n<p style=\"text-align: left;\">Ve\u0107inu tema karakterizira multidisciplinarnost koja omogu\u0107uje ve\u0107u u\u010dinkovitost istra\u017eivanja i izvrsnost dobivenih rezultata kroz zajedni\u010dku suradnju istra\u017eiva\u010da vi\u0161e znanstvenih institucija iz razli\u010ditih polja znanosti.<\/p>\n<p>[\/et_pb_text][\/et_pb_column][\/et_pb_row][\/et_pb_section]<\/p>\n","protected":false},"excerpt":{"rendered":"<p>ZAVOD ZA GEOLOGIJU &#8211; O namaPredstojnica Zavoda: dr.sc. Adriano Banak Tel: +385 1 6160 710 Tel: +385 1 6160 708 E-mail: abanak@hgi-cgs.hr Tajnica Zavoda: Nikolina Sablji\u0107 Tel: +385 1 6160 710 E-mail:\u00a0nsabljic@hgi-cgs.hr Djelatnici Zavoda za geologiju bave se \u0161irokim spektrom geolo\u0161kih istra\u017eivanja koja za cilj imaju prikupljanje podataka i stalno nadogra\u0111ivanje spoznaja o geolo\u0161koj gra\u0111i [&hellip;]<\/p>\n","protected":false},"author":1,"featured_media":0,"parent":0,"menu_order":0,"comment_status":"closed","ping_status":"closed","template":"","meta":{"_et_pb_use_builder":"on","_et_pb_old_content":"","_et_gb_content_width":"","footnotes":""},"class_list":["post-29280","page","type-page","status-publish","hentry"],"aioseo_notices":[],"_links":{"self":[{"href":"https:\/\/www.hgi-cgs.hr\/en\/wp-json\/wp\/v2\/pages\/29280","targetHints":{"allow":["GET"]}}],"collection":[{"href":"https:\/\/www.hgi-cgs.hr\/en\/wp-json\/wp\/v2\/pages"}],"about":[{"href":"https:\/\/www.hgi-cgs.hr\/en\/wp-json\/wp\/v2\/types\/page"}],"author":[{"embeddable":true,"href":"https:\/\/www.hgi-cgs.hr\/en\/wp-json\/wp\/v2\/users\/1"}],"replies":[{"embeddable":true,"href":"https:\/\/www.hgi-cgs.hr\/en\/wp-json\/wp\/v2\/comments?post=29280"}],"version-history":[{"count":19,"href":"https:\/\/www.hgi-cgs.hr\/en\/wp-json\/wp\/v2\/pages\/29280\/revisions"}],"predecessor-version":[{"id":45459,"href":"https:\/\/www.hgi-cgs.hr\/en\/wp-json\/wp\/v2\/pages\/29280\/revisions\/45459"}],"wp:attachment":[{"href":"https:\/\/www.hgi-cgs.hr\/en\/wp-json\/wp\/v2\/media?parent=29280"}],"curies":[{"name":"wp","href":"https:\/\/api.w.org\/{rel}","templated":true}]}}