{"id":29237,"date":"2020-04-04T12:59:13","date_gmt":"2020-04-04T12:59:13","guid":{"rendered":"http:\/\/www.hgi-cgs.hr\/?page_id=29237"},"modified":"2026-02-13T10:19:23","modified_gmt":"2026-02-13T10:19:23","slug":"pristup-informacijama","status":"publish","type":"page","link":"https:\/\/www.hgi-cgs.hr\/en\/pristup-informacijama\/","title":{"rendered":"Acces to information"},"content":{"rendered":"<p>[et_pb_section fb_built=&#8221;1&#8243; fullwidth=&#8221;on&#8221; _builder_version=&#8221;4.16&#8243; custom_padding=&#8221;0px||0px|||&#8221; global_colors_info=&#8221;{}&#8221;][et_pb_fullwidth_slider _builder_version=&#8221;4.16&#8243; min_height=&#8221;112px&#8221; height=&#8221;400px&#8221; custom_margin=&#8221;0px||||false|false&#8221; custom_padding=&#8221;0px||18px||false|false&#8221; auto=&#8221;on&#8221; auto_ignore_hover=&#8221;on&#8221; locked=&#8221;off&#8221; global_colors_info=&#8221;{}&#8221;][et_pb_slide heading=&#8221;Hrvatski geolo\u0161ki institut&#8221; _builder_version=&#8221;4.16&#8243; header_font=&#8221;|||on|||||&#8221; background_image=&#8221;https:\/\/www.hgi-cgs.hr\/wp-content\/uploads\/2020\/03\/Br\u010di\u0107_Drvenik02-scaled.jpg&#8221; background_enable_image=&#8221;on&#8221; locked=&#8221;off&#8221; global_colors_info=&#8221;{}&#8221; sticky_transition=&#8221;on&#8221;][\/et_pb_slide][et_pb_slide heading=&#8221;Hrvatski geolo\u0161ki institut&#8221; _builder_version=&#8221;4.16&#8243; header_font=&#8221;|||on|||||&#8221; background_image=&#8221;https:\/\/www.hgi-cgs.hr\/wp-content\/uploads\/2020\/03\/ban2-scaled.jpg&#8221; background_enable_image=&#8221;on&#8221; locked=&#8221;off&#8221; global_colors_info=&#8221;{}&#8221; sticky_transition=&#8221;on&#8221;][\/et_pb_slide][et_pb_slide heading=&#8221;Hrvatski geolo\u0161ki institut&#8221; _builder_version=&#8221;4.16&#8243; header_font=&#8221;|||on|||||&#8221; background_image=&#8221;https:\/\/www.hgi-cgs.hr\/wp-content\/uploads\/2020\/03\/20190228_094232-scaled.jpg&#8221; background_enable_image=&#8221;on&#8221; locked=&#8221;off&#8221; global_colors_info=&#8221;{}&#8221; sticky_transition=&#8221;on&#8221;][\/et_pb_slide][et_pb_slide heading=&#8221;Hrvatski geolo\u0161ki institut&#8221; _builder_version=&#8221;4.16&#8243; header_font=&#8221;|||on|||||&#8221; background_image=&#8221;https:\/\/www.hgi-cgs.hr\/wp-content\/uploads\/2020\/03\/ban3-scaled.jpg&#8221; background_enable_image=&#8221;on&#8221; locked=&#8221;off&#8221; global_colors_info=&#8221;{}&#8221; sticky_transition=&#8221;on&#8221;][\/et_pb_slide][et_pb_slide heading=&#8221;Hrvatski geolo\u0161ki institut&#8221; _builder_version=&#8221;4.16&#8243; header_font=&#8221;|||on|||||&#8221; background_image=&#8221;https:\/\/www.hgi-cgs.hr\/wp-content\/uploads\/2020\/03\/Bijele_stijene-Gorski_kotar-scaled.jpg&#8221; background_enable_image=&#8221;on&#8221; locked=&#8221;off&#8221; global_colors_info=&#8221;{}&#8221; sticky_transition=&#8221;on&#8221;][\/et_pb_slide][et_pb_slide heading=&#8221;Hrvatski geolo\u0161ki institut&#8221; _builder_version=&#8221;4.16&#8243; header_font=&#8221;|||on|||||&#8221; background_image=&#8221;https:\/\/www.hgi-cgs.hr\/wp-content\/uploads\/2020\/03\/ban4-scaled.jpg&#8221; background_enable_image=&#8221;on&#8221; locked=&#8221;off&#8221; global_colors_info=&#8221;{}&#8221; sticky_transition=&#8221;on&#8221;][\/et_pb_slide][et_pb_slide heading=&#8221;Hrvatski geolo\u0161ki institut&#8221; _builder_version=&#8221;4.16&#8243; header_font=&#8221;|||on|||||&#8221; background_image=&#8221;https:\/\/www.hgi-cgs.hr\/wp-content\/uploads\/2020\/03\/ban5-scaled.jpg&#8221; background_enable_image=&#8221;on&#8221; locked=&#8221;off&#8221; global_colors_info=&#8221;{}&#8221; sticky_transition=&#8221;on&#8221;][\/et_pb_slide][\/et_pb_fullwidth_slider][\/et_pb_section][et_pb_section fb_built=&#8221;1&#8243; _builder_version=&#8221;4.16&#8243; global_colors_info=&#8221;{}&#8221;][et_pb_row _builder_version=&#8221;4.16&#8243; global_colors_info=&#8221;{}&#8221;][et_pb_column type=&#8221;4_4&#8243; _builder_version=&#8221;4.16&#8243; global_colors_info=&#8221;{}&#8221;][et_pb_text _builder_version=&#8221;4.16&#8243; text_font_size=&#8221;32px&#8221; header_2_text_color=&#8221;#1e5096&#8243; global_colors_info=&#8221;{}&#8221;]<\/p>\n<h2 style=\"text-align: center; color: #1e5096;\"><strong>PRISTUP INFORMACIJAMA<\/strong><\/h2>\n<p>[\/et_pb_text][\/et_pb_column][\/et_pb_row][\/et_pb_section][et_pb_section fb_built=&#8221;1&#8243; _builder_version=&#8221;4.16&#8243; custom_padding=&#8221;15px|0px|76px|0px|false|false&#8221; global_colors_info=&#8221;{}&#8221;][et_pb_row _builder_version=&#8221;4.16&#8243; global_colors_info=&#8221;{}&#8221;][et_pb_column type=&#8221;4_4&#8243; _builder_version=&#8221;4.16&#8243; custom_padding=&#8221;|||&#8221; global_colors_info=&#8221;{}&#8221; custom_padding__hover=&#8221;|||&#8221;][et_pb_text _builder_version=&#8221;4.27.5&#8243; text_font=&#8221;||||||||&#8221; header_font=&#8221;||||||||&#8221; hover_enabled=&#8221;0&#8243; global_colors_info=&#8221;{}&#8221; sticky_enabled=&#8221;0&#8243;]<\/p>\n<p><a href=\"mailto:zastita.podataka@hgi-cgs.hr\"><strong><em>Slu\u017ebenik za za\u0161titu podataka<\/em><\/strong><\/a><\/p>\n<p><em><strong><a href=\"https:\/\/www.hgi-cgs.hr\/wp-content\/uploads\/2023\/10\/Pravo-na-pristup-informacijama.doc\" rel=\"attachment wp-att-26688\">Slu\u017ebenik za informiranje<\/a><\/strong><\/em><\/p>\n<p><em><a href=\"https:\/\/narodne-novine.nn.hr\/clanci\/sluzbeni\/2014_01_12_231.html\"><strong>Povjerenik za informacije<\/strong><\/a><\/em><\/p>\n<p><em><strong><a href=\"https:\/\/www.hgi-cgs.hr\/wp-content\/uploads\/2018\/09\/Obrazac-2-Pravilnik-o-ustroju-sadrzaju-i-nacinu-vodenja-sluzbenog-upisnika-o-ostvarivanju-prava-na-pristup-informacijama-i-ponovnu-uporabu-informacija.doc\" rel=\"attachment wp-att-26689\">Zahtjev za pristup informacijama<\/a><\/strong><\/em><\/p>\n<p><em><strong><a href=\"https:\/\/www.hgi-cgs.hr\/wp-content\/uploads\/2018\/09\/Obrazac-4-Pravilnik-o-ustroju-sadrzaju-i-nacinu-vodenja-sluzbenog-upisnika-o-ostvarivanju-prava-na-pristup-informacijama-i-ponovnu-uporabu-informacija.doc\" rel=\"attachment wp-att-26690\">Zahtjev za ponovnu uporabu informacija<\/a><\/strong><\/em><\/p>\n<p><em><strong><a href=\"https:\/\/www.hgi-cgs.hr\/images\/dokumenti\/obrasci\/Obrazac-3-Zahtjev-za-dopunu-ili-ispravak-informacije.doc\"><\/a><a href=\"https:\/\/www.hgi-cgs.hr\/wp-content\/uploads\/2018\/09\/Obrazac-3-Zahtjev-za-dopunu-ili-ispravak-informacije.doc\" rel=\"attachment wp-att-26691\">Zahtjev za dopunu ili ispravak informacije<\/a><a href=\"https:\/\/www.hgi-cgs.hr\/images\/dokumenti\/obrasci\/Obrazac-3-Zahtjev-za-dopunu-ili-ispravak-informacije.doc\"><\/a><\/strong><\/em><\/p>\n<p><em><strong><a href=\"https:\/\/narodne-novine.nn.hr\/clanci\/sluzbeni\/2022_12_141_2149.html\">Kriterije za odre\u0111ivanje visine i naknade stvarnih materijalnih tro\u0161kova i tro\u0161kova dostave informacije<\/a><\/strong><\/em><\/p>\n<p><em><strong><a href=\"http:\/\/www.hgi-cgs.hr\/wp-content\/uploads\/2026\/02\/Godisnje_izvjesce-2025.pdf\">Godi\u0161nje izvje\u0161\u0107e o provedbi ZPPI za 2025. godinu<\/a><\/strong><\/em><\/p>\n<p><em><strong><a href=\"https:\/\/www.hgi-cgs.hr\/wp-content\/uploads\/2025\/01\/Godisnje_izvjesce.pdf\">Godi\u0161nje izvje\u0161\u0107e o provedbi ZPPI za 2024. godinu<\/a><\/strong><\/em><\/p>\n<p><em><strong><a href=\"https:\/\/www.hgi-cgs.hr\/wp-content\/uploads\/2023\/01\/Godisnje_izvjesce.pdf\">Godi\u0161nje izvje\u0161\u0107e o provedbi ZPPI za 2023. godinu<\/a><\/strong><\/em><\/p>\n<p><em><strong><a href=\"https:\/\/www.hgi-cgs.hr\/wp-content\/uploads\/2023\/01\/Godisnje_izvjesce.pdf\">Godi\u0161nje izvje\u0161\u0107e o provedbi ZPPI za 2022. godinu (.pdf,<\/a> <a href=\"https:\/\/www.hgi-cgs.hr\/wp-content\/uploads\/2023\/01\/Godisnje_izvjesce.csv\">.csv<\/a>)<\/strong><\/em><\/p>\n<p><em><strong><a href=\"https:\/\/www.hgi-cgs.hr\/wp-content\/uploads\/2022\/01\/Godisnje_izvjesce.csv\" rel=\"attachment wp-att-26692\">Godi\u0161nje izvje\u0161\u0107e o provedbi ZPPI za 2021. godinu (.pdf, .csv)<\/a><\/strong><\/em><\/p>\n<p><em><strong><a href=\"https:\/\/www.hgi-cgs.hr\/wp-content\/uploads\/2021\/01\/Godisnje_izvjesce_2020.csv\" rel=\"attachment wp-att-26692\">Godi\u0161nje izvje\u0161\u0107e o provedbi ZPPI za 2020. godinu (.pdf, .csv)<\/a><\/strong><\/em><\/p>\n<p><em><strong><a href=\"https:\/\/www.hgi-cgs.hr\/wp-content\/uploads\/2021\/01\/Godisnje_izvjesce_2019.csv\" rel=\"attachment wp-att-26692\">Godi\u0161nje izvje\u0161\u0107e o provedbi ZPPI za 2019. godinu (.pdf, .csv)<\/a><\/strong><\/em><\/p>\n<p><em><strong><a href=\"https:\/\/www.hgi-cgs.hr\/wp-content\/uploads\/2021\/01\/Godisnje_izvjesce_2018.csv\" rel=\"attachment wp-att-26692\">Godi\u0161nje izvje\u0161\u0107e o provedbi ZPPI za 2018. godinu (.pdf, .csv)<\/a><\/strong><\/em><\/p>\n<p><em><strong><a href=\"https:\/\/www.hgi-cgs.hr\/wp-content\/uploads\/2018\/09\/Godisnje_izvjesce-2017.pdf\" rel=\"attachment wp-att-26692\">Godi\u0161nje izvje\u0161\u0107e o provedbi ZPPI za 2017. godinu (.pdf)<\/a><\/strong><\/em><\/p>\n<p><em><strong><a href=\"https:\/\/www.hgi-cgs.hr\/wp-content\/uploads\/2021\/01\/Godisnje_izvjesce_2016.csv\" rel=\"attachment wp-att-26693\">Godi\u0161nje izvje\u0161\u0107e o provedbi ZPPI za 2016. godinu (.pdf, .csv)<\/a><\/strong><\/em><\/p>\n<p><em><strong><a href=\"https:\/\/www.hgi-cgs.hr\/wp-content\/uploads\/2018\/09\/Godisnje_izvjesce-2015.pdf\" rel=\"attachment wp-att-26694\">Godi\u0161nje izvje\u0161\u0107e o provedbi ZPPI za 2015. godinu (.pdf)<\/a><\/strong><\/em><\/p>\n<p><em><strong><\/strong><\/em><\/p>\n<p>[\/et_pb_text][\/et_pb_column][\/et_pb_row][\/et_pb_section]<\/p>\n","protected":false},"excerpt":{"rendered":"<p>PRISTUP INFORMACIJAMASlu\u017ebenik za za\u0161titu podataka Slu\u017ebenik za informiranje Povjerenik za informacije Zahtjev za pristup informacijama Zahtjev za ponovnu uporabu informacija Zahtjev za dopunu ili ispravak informacije Kriterije za odre\u0111ivanje visine i naknade stvarnih materijalnih tro\u0161kova i tro\u0161kova dostave informacije Godi\u0161nje izvje\u0161\u0107e o provedbi ZPPI za 2025. godinu Godi\u0161nje izvje\u0161\u0107e o provedbi ZPPI za 2024. godinu [&hellip;]<\/p>\n","protected":false},"author":1,"featured_media":0,"parent":0,"menu_order":0,"comment_status":"closed","ping_status":"closed","template":"","meta":{"_et_pb_use_builder":"on","_et_pb_old_content":"","_et_gb_content_width":"","footnotes":""},"class_list":["post-29237","page","type-page","status-publish","hentry"],"aioseo_notices":[],"_links":{"self":[{"href":"https:\/\/www.hgi-cgs.hr\/en\/wp-json\/wp\/v2\/pages\/29237","targetHints":{"allow":["GET"]}}],"collection":[{"href":"https:\/\/www.hgi-cgs.hr\/en\/wp-json\/wp\/v2\/pages"}],"about":[{"href":"https:\/\/www.hgi-cgs.hr\/en\/wp-json\/wp\/v2\/types\/page"}],"author":[{"embeddable":true,"href":"https:\/\/www.hgi-cgs.hr\/en\/wp-json\/wp\/v2\/users\/1"}],"replies":[{"embeddable":true,"href":"https:\/\/www.hgi-cgs.hr\/en\/wp-json\/wp\/v2\/comments?post=29237"}],"version-history":[{"count":15,"href":"https:\/\/www.hgi-cgs.hr\/en\/wp-json\/wp\/v2\/pages\/29237\/revisions"}],"predecessor-version":[{"id":47592,"href":"https:\/\/www.hgi-cgs.hr\/en\/wp-json\/wp\/v2\/pages\/29237\/revisions\/47592"}],"wp:attachment":[{"href":"https:\/\/www.hgi-cgs.hr\/en\/wp-json\/wp\/v2\/media?parent=29237"}],"curies":[{"name":"wp","href":"https:\/\/api.w.org\/{rel}","templated":true}]}}