{"id":28999,"date":"2020-04-04T09:33:46","date_gmt":"2020-04-04T09:33:46","guid":{"rendered":"http:\/\/www.hgi-cgs.hr\/?page_id=28999"},"modified":"2026-04-28T09:52:44","modified_gmt":"2026-04-28T09:52:44","slug":"nacionalni-kompetitivni-projekti","status":"publish","type":"page","link":"https:\/\/www.hgi-cgs.hr\/en\/nacionalni-kompetitivni-projekti\/","title":{"rendered":"National Competitive Projects"},"content":{"rendered":"<p>[et_pb_section fb_built=&#8221;1&#8243; fullwidth=&#8221;on&#8221; _builder_version=&#8221;4.16&#8243; custom_padding=&#8221;0px||0px|||&#8221; global_colors_info=&#8221;{}&#8221;][et_pb_fullwidth_slider _builder_version=&#8221;4.16&#8243; min_height=&#8221;112px&#8221; height=&#8221;400px&#8221; custom_margin=&#8221;0px||||false|false&#8221; custom_padding=&#8221;0px||18px||false|false&#8221; auto=&#8221;on&#8221; auto_ignore_hover=&#8221;on&#8221; locked=&#8221;off&#8221; global_colors_info=&#8221;{}&#8221;][et_pb_slide heading=&#8221;Hrvatski geolo\u0161ki institut&#8221; _builder_version=&#8221;4.16&#8243; header_font=&#8221;|||on|||||&#8221; background_image=&#8221;https:\/\/www.hgi-cgs.hr\/wp-content\/uploads\/2020\/03\/Br\u010di\u0107_Drvenik02-scaled.jpg&#8221; background_enable_image=&#8221;on&#8221; locked=&#8221;off&#8221; global_colors_info=&#8221;{}&#8221; sticky_transition=&#8221;on&#8221;][\/et_pb_slide][et_pb_slide heading=&#8221;Hrvatski geolo\u0161ki institut&#8221; _builder_version=&#8221;4.16&#8243; header_font=&#8221;|||on|||||&#8221; background_image=&#8221;https:\/\/www.hgi-cgs.hr\/wp-content\/uploads\/2020\/03\/ban2-scaled.jpg&#8221; background_enable_image=&#8221;on&#8221; locked=&#8221;off&#8221; global_colors_info=&#8221;{}&#8221; sticky_transition=&#8221;on&#8221;][\/et_pb_slide][et_pb_slide heading=&#8221;Hrvatski geolo\u0161ki institut&#8221; _builder_version=&#8221;4.16&#8243; header_font=&#8221;|||on|||||&#8221; background_image=&#8221;https:\/\/www.hgi-cgs.hr\/wp-content\/uploads\/2020\/03\/20190228_094232-scaled.jpg&#8221; background_enable_image=&#8221;on&#8221; locked=&#8221;off&#8221; global_colors_info=&#8221;{}&#8221; sticky_transition=&#8221;on&#8221;][\/et_pb_slide][et_pb_slide heading=&#8221;Hrvatski geolo\u0161ki institut&#8221; _builder_version=&#8221;4.16&#8243; header_font=&#8221;|||on|||||&#8221; background_image=&#8221;https:\/\/www.hgi-cgs.hr\/wp-content\/uploads\/2020\/03\/ban3-scaled.jpg&#8221; background_enable_image=&#8221;on&#8221; locked=&#8221;off&#8221; global_colors_info=&#8221;{}&#8221; sticky_transition=&#8221;on&#8221;][\/et_pb_slide][et_pb_slide heading=&#8221;Hrvatski geolo\u0161ki institut&#8221; _builder_version=&#8221;4.16&#8243; header_font=&#8221;|||on|||||&#8221; background_image=&#8221;https:\/\/www.hgi-cgs.hr\/wp-content\/uploads\/2020\/03\/Bijele_stijene-Gorski_kotar-scaled.jpg&#8221; background_enable_image=&#8221;on&#8221; locked=&#8221;off&#8221; global_colors_info=&#8221;{}&#8221; sticky_transition=&#8221;on&#8221;][\/et_pb_slide][et_pb_slide heading=&#8221;Hrvatski geolo\u0161ki institut&#8221; _builder_version=&#8221;4.16&#8243; header_font=&#8221;|||on|||||&#8221; background_image=&#8221;https:\/\/www.hgi-cgs.hr\/wp-content\/uploads\/2020\/03\/ban4-scaled.jpg&#8221; background_enable_image=&#8221;on&#8221; locked=&#8221;off&#8221; global_colors_info=&#8221;{}&#8221; sticky_transition=&#8221;on&#8221;][\/et_pb_slide][et_pb_slide heading=&#8221;Hrvatski geolo\u0161ki institut&#8221; _builder_version=&#8221;4.16&#8243; header_font=&#8221;|||on|||||&#8221; background_image=&#8221;https:\/\/www.hgi-cgs.hr\/wp-content\/uploads\/2020\/03\/ban5-scaled.jpg&#8221; background_enable_image=&#8221;on&#8221; locked=&#8221;off&#8221; global_colors_info=&#8221;{}&#8221; sticky_transition=&#8221;on&#8221;][\/et_pb_slide][et_pb_slide heading=&#8221;Hrvatski geolo\u0161ki institut&#8221; _builder_version=&#8221;4.16&#8243; header_font=&#8221;|||on|||||&#8221; background_image=&#8221;https:\/\/www.hgi-cgs.hr\/wp-content\/uploads\/2020\/04\/20191015_142016a-scaled.jpg&#8221; background_enable_image=&#8221;on&#8221; locked=&#8221;off&#8221; global_colors_info=&#8221;{}&#8221; sticky_transition=&#8221;on&#8221;][\/et_pb_slide][et_pb_slide heading=&#8221;Hrvatski geolo\u0161ki institut&#8221; _builder_version=&#8221;4.16&#8243; header_font=&#8221;|||on|||||&#8221; background_image=&#8221;https:\/\/www.hgi-cgs.hr\/wp-content\/uploads\/2020\/04\/20191014_133538-scaled.jpg&#8221; background_enable_image=&#8221;on&#8221; locked=&#8221;off&#8221; global_colors_info=&#8221;{}&#8221; sticky_transition=&#8221;on&#8221;][\/et_pb_slide][\/et_pb_fullwidth_slider][\/et_pb_section][et_pb_section fb_built=&#8221;1&#8243; _builder_version=&#8221;4.16&#8243; global_colors_info=&#8221;{}&#8221;][et_pb_row _builder_version=&#8221;4.16&#8243; global_colors_info=&#8221;{}&#8221;][et_pb_column type=&#8221;4_4&#8243; _builder_version=&#8221;4.16&#8243; global_colors_info=&#8221;{}&#8221;][et_pb_text _builder_version=&#8221;4.16&#8243; text_font_size=&#8221;32px&#8221; header_2_text_color=&#8221;#1e5096&#8243; global_colors_info=&#8221;{}&#8221;]<\/p>\n<h2 style=\"text-align: center; color: #1e5096;\"><strong>NACIONALNI KOMPETITIVNI PROJEKTI<\/strong><\/h2>\n<p>[\/et_pb_text][\/et_pb_column][\/et_pb_row][\/et_pb_section][et_pb_section fb_built=&#8221;1&#8243; _builder_version=&#8221;4.16&#8243; custom_padding=&#8221;10px||41px|||&#8221; global_colors_info=&#8221;{}&#8221;][et_pb_row column_structure=&#8221;1_4,1_4,1_4,1_4&#8243; _builder_version=&#8221;4.16&#8243; custom_padding=&#8221;19px|||||&#8221; global_colors_info=&#8221;{}&#8221;][et_pb_column type=&#8221;1_4&#8243; _builder_version=&#8221;4.16&#8243; global_colors_info=&#8221;{}&#8221;][et_pb_image src=&#8221;https:\/\/www.hgi-cgs.hr\/wp-content\/uploads\/2018\/08\/HRZZ_Logo.jpg&#8221; alt=&#8221;Hrvatska zaklada za znanost logo&#8221; title_text=&#8221;HRZZ_Logo&#8221; url=&#8221;https:\/\/www.hgi-cgs.hr\/gwqualitypath2070\/&#8221; _builder_version=&#8221;4.27.5&#8243; _module_preset=&#8221;default&#8221; width=&#8221;90%&#8221; custom_margin=&#8221;30px||||false|false&#8221; global_colors_info=&#8221;{}&#8221;][\/et_pb_image][et_pb_text _builder_version=&#8221;4.27.6&#8243; _module_preset=&#8221;default&#8221; header_4_text_color=&#8221;#1e5096&#8243; header_6_text_color=&#8221;#666666&#8243; header_6_font_size=&#8221;13px&#8221; custom_margin=&#8221;40px||||false|false&#8221; link_option_url=&#8221;https:\/\/accent.hgi-cgs.hr\/&#8221; global_colors_info=&#8221;{}&#8221;]<\/p>\n<h4><a href=\"https:\/\/www.hgi-cgs.hr\/gwqualitypath2070\/\"><strong>GWQualityPath2070<\/strong><\/a><\/h4>\n<h6><a href=\"https:\/\/www.hgi-cgs.hr\/gwqualitypath2070\/\"><strong><em>Impact of climate change, land use and agricultural practice changes on the occurrence and fate of contaminants in the Sava transboundary aquifer (<\/em><\/strong><em><strong>Utjecaj klimatskih promjena, promjena kori\u0161tenja zemlji\u0161ta i poljoprivredne prakse na pojavu i sudbinu one\u010di\u0161\u0107ivala u savskom prekograni\u010dnom vodonosniku)<\/strong><\/em><\/a><\/h6>\n<h6><a href=\"https:\/\/www.hgi-cgs.hr\/gwqualitypath2070\/\"><strong><\/strong><\/a><\/h6>\n<h6><strong><em><\/em><\/strong><\/h6>\n<h6><strong><em><a href=\"https:\/\/www.hgi-cgs.hr\/nacionalni-kompetativni-projekti-geosekva\/\" role=\"link\"><\/a><\/em><\/strong><\/h6>\n<p>[\/et_pb_text][\/et_pb_column][et_pb_column type=&#8221;1_4&#8243; _builder_version=&#8221;4.16&#8243; global_colors_info=&#8221;{}&#8221;][et_pb_image src=&#8221;http:\/\/www.hgi-cgs.hr\/wp-content\/uploads\/2025\/03\/thumbnail_LOGO.jpg&#8221; alt=&#8221;PYROSKA logo&#8221; title_text=&#8221;thumbnail_LOGO&#8221; url=&#8221;https:\/\/www.hgi-cgs.hr\/non-poll-nepeludni-palinomorfi-i-palinofacijes-u-rekonstrukciji-paleookolisa\/&#8221; align=&#8221;center&#8221; _builder_version=&#8221;4.27.5&#8243; _module_preset=&#8221;default&#8221; width=&#8221;45%&#8221; custom_margin=&#8221;10px||43px||false|false&#8221; global_colors_info=&#8221;{}&#8221;][\/et_pb_image][et_pb_text _builder_version=&#8221;4.27.4&#8243; _module_preset=&#8221;default&#8221; header_4_text_color=&#8221;#1e5096&#8243; header_6_text_color=&#8221;#666666&#8243; header_6_font_size=&#8221;13px&#8221; custom_margin=&#8221;0px||||false|false&#8221; link_option_url=&#8221;https:\/\/www.hgi-cgs.hr\/non-poll-nepeludni-palinomorfi-i-palinofacijes-u-rekonstrukciji-paleookolisa\/&#8221; global_colors_info=&#8221;{}&#8221;]<\/p>\n<h4><a href=\"https:\/\/www.hgi-cgs.hr\/non-poll-nepeludni-palinomorfi-i-palinofacijes-u-rekonstrukciji-paleookolisa\/\"><strong>NON-POLL<\/strong><\/a><\/h4>\n<h6><a href=\"https:\/\/www.hgi-cgs.hr\/non-poll-nepeludni-palinomorfi-i-palinofacijes-u-rekonstrukciji-paleookolisa\/\"><strong><em>Nepeludni palinomorfi i palinofacijes u rekonstrukciji paleookoli\u0161a\u00a0 (Non-Poll)<\/em><\/strong><\/a><\/h6>\n<h6><strong><em><a href=\"https:\/\/www.hgi-cgs.hr\/eurolithos-european-ornamental-stone-resources\/\" target=\"\" rel=\"noopener noreferrer\" role=\"link\"><\/a><\/em><\/strong><\/h6>\n<p>[\/et_pb_text][\/et_pb_column][et_pb_column type=&#8221;1_4&#8243; _builder_version=&#8221;4.16&#8243; global_colors_info=&#8221;{}&#8221;][et_pb_image src=&#8221;https:\/\/www.hgi-cgs.hr\/wp-content\/uploads\/2024\/12\/SALTECTA_logo_mali.jpg&#8221; alt=&#8221;FRAME logo&#8221; title_text=&#8221;SALTECTA_logo_mali&#8221; url=&#8221;https:\/\/www.hgi-cgs.hr\/saltecta\/&#8221; _builder_version=&#8221;4.27.4&#8243; _module_preset=&#8221;default&#8221; width=&#8221;69%&#8221; custom_margin=&#8221;9px|||||&#8221; global_colors_info=&#8221;{}&#8221;][\/et_pb_image][et_pb_text _builder_version=&#8221;4.27.6&#8243; _module_preset=&#8221;default&#8221; header_4_text_color=&#8221;#1e5096&#8243; header_6_text_color=&#8221;#666666&#8243; header_6_font_size=&#8221;13px&#8221; custom_margin=&#8221;40px||||false|false&#8221; link_option_url=&#8221;https:\/\/www.hgi-cgs.hr\/nacionalni-kompetitivni-projekti\/&#8221; global_colors_info=&#8221;{}&#8221;]<\/p>\n<h4><a href=\"https:\/\/www.hgi-cgs.hr\/saltecta\/\">SALTECTA<\/a><\/h4>\n<h6><strong><em><a href=\"https:\/\/www.hgi-cgs.hr\/saltecta\/\" role=\"link\">Solni dijapiri i aktivna tektonika srednjeg Jadrana<\/a><\/em><\/strong><\/h6>\n<p>[\/et_pb_text][\/et_pb_column][et_pb_column type=&#8221;1_4&#8243; _builder_version=&#8221;4.16&#8243; global_colors_info=&#8221;{}&#8221;][et_pb_image src=&#8221;http:\/\/www.hgi-cgs.hr\/wp-content\/uploads\/2025\/12\/logo-tech.jpg&#8221; alt=&#8221;Hrvatska zaklada za znanost logo&#8221; title_text=&#8221;logo tech&#8221; url=&#8221;https:\/\/www.hgi-cgs.hr\/istrazivanje-eocenskih-klimatskih-promjena-istarskog-bazena-neotetisa\/&#8221; align=&#8221;center&#8221; _builder_version=&#8221;4.27.5&#8243; _module_preset=&#8221;default&#8221; width=&#8221;32%&#8221; custom_margin=&#8221;26px|||||&#8221; global_colors_info=&#8221;{}&#8221;][\/et_pb_image][et_pb_text _builder_version=&#8221;4.27.4&#8243; _module_preset=&#8221;default&#8221; header_4_text_color=&#8221;#1e5096&#8243; header_6_text_color=&#8221;#666666&#8243; header_6_font_size=&#8221;13px&#8221; custom_margin=&#8221;10px||||false|false&#8221; link_option_url=&#8221;https:\/\/www.hgi-cgs.hr\/unlock-cave-istrazivanje-paleoklimatske-varijabilnosti-visoke-rezolucije-pomocu-posrednih-pokazatelja-u-sigama-iz-nove-grgosove-spilje-unlocking-high-resolution-palaeoclimate-variability-from\/&#8221; global_colors_info=&#8221;{}&#8221;]<\/p>\n<h4><a href=\"https:\/\/www.hgi-cgs.hr\/istrazivanje-eocenskih-klimatskih-promjena-istarskog-bazena-neotetisa\/\">TEaCh-IN<\/a><\/h4>\n<h6><a href=\"https:\/\/www.hgi-cgs.hr\/istrazivanje-eocenskih-klimatskih-promjena-istarskog-bazena-neotetisa\/\"><strong><em><\/em><\/strong><em><strong>Istra\u017eivanje eocenskih klimatskih promjena Istarskog bazena Neotetisa (Tracking Eocene climate change in the Istrian basin (Croatia) of the Neotethys)<\/strong><\/em><\/a><\/h6>\n<h6><a href=\"https:\/\/www.hgi-cgs.hr\/istrazivanje-eocenskih-klimatskih-promjena-istarskog-bazena-neotetisa\/\"><strong><em><\/em><\/strong><\/a><\/h6>\n<p>[\/et_pb_text][\/et_pb_column][\/et_pb_row][et_pb_row column_structure=&#8221;1_4,1_4,1_4,1_4&#8243; _builder_version=&#8221;4.27.6&#8243; custom_padding=&#8221;19px|||||&#8221; global_colors_info=&#8221;{}&#8221;][et_pb_column type=&#8221;1_4&#8243; _builder_version=&#8221;4.16&#8243; global_colors_info=&#8221;{}&#8221;][et_pb_image src=&#8221;https:\/\/www.hgi-cgs.hr\/wp-content\/uploads\/2024\/02\/Unlock-cave-logo-final-01.png&#8221; alt=&#8221;FRAME logo&#8221; title_text=&#8221;Unlock-cave-logo-final-01&#8243; url=&#8221;https:\/\/www.hgi-cgs.hr\/unlock-cave-istrazivanje-paleoklimatske-varijabilnosti-visoke-rezolucije-pomocu-posrednih-pokazatelja-u-sigama-iz-nove-grgosove-spilje-unlocking-high-resolution-palaeoclimate-variability-from\/&#8221; align=&#8221;center&#8221; _builder_version=&#8221;4.27.4&#8243; _module_preset=&#8221;default&#8221; width=&#8221;33%&#8221; custom_margin=&#8221;9px|||||&#8221; global_colors_info=&#8221;{}&#8221;][\/et_pb_image][et_pb_text _builder_version=&#8221;4.27.4&#8243; _module_preset=&#8221;default&#8221; header_4_text_color=&#8221;#1e5096&#8243; header_6_text_color=&#8221;#666666&#8243; header_6_font_size=&#8221;13px&#8221; custom_margin=&#8221;10px||||false|false&#8221; link_option_url=&#8221;https:\/\/www.hgi-cgs.hr\/unlock-cave-istrazivanje-paleoklimatske-varijabilnosti-visoke-rezolucije-pomocu-posrednih-pokazatelja-u-sigama-iz-nove-grgosove-spilje-unlocking-high-resolution-palaeoclimate-variability-from\/&#8221; global_colors_info=&#8221;{}&#8221;]<\/p>\n<h4><a href=\"https:\/\/www.hgi-cgs.hr\/unlock-cave-istrazivanje-paleoklimatske-varijabilnosti-visoke-rezolucije-pomocu-posrednih-pokazatelja-u-sigama-iz-nove-grgosove-spilje-unlocking-high-resolution-palaeoclimate-variability-from\/\">UNLOCK-CAVE<\/a><\/h4>\n<h6><strong><em><\/em><\/strong><em><a href=\"https:\/\/www.hgi-cgs.hr\/unlock-cave-istrazivanje-paleoklimatske-varijabilnosti-visoke-rezolucije-pomocu-posrednih-pokazatelja-u-sigama-iz-nove-grgosove-spilje-unlocking-high-resolution-palaeoclimate-variability-from\/\"><strong>Istra\u017eivanje paleoklimatske varijabilnosti visoke rezolucije pomo\u0107u posrednih pokazatelja u sigama iz Nove Grgosove spilje\u00a0 (Unlocking high-resolution palaeoclimate variability from Nova Grgosova cave multi-proxy speleothem record)<\/strong><\/a><\/em><\/h6>\n<h6><strong><em><a href=\"https:\/\/www.hgi-cgs.hr\/qmad\/\" role=\"link\"><\/a><\/em><\/strong><\/h6>\n<p>[\/et_pb_text][\/et_pb_column][et_pb_column type=&#8221;1_4&#8243; _builder_version=&#8221;4.16&#8243; global_colors_info=&#8221;{}&#8221;][\/et_pb_column][et_pb_column type=&#8221;1_4&#8243; _builder_version=&#8221;4.16&#8243; global_colors_info=&#8221;{}&#8221;][\/et_pb_column][et_pb_column type=&#8221;1_4&#8243; _builder_version=&#8221;4.16&#8243; global_colors_info=&#8221;{}&#8221;][\/et_pb_column][\/et_pb_row][et_pb_row column_structure=&#8221;1_4,1_4,1_4,1_4&#8243; _builder_version=&#8221;4.16&#8243; global_colors_info=&#8221;{}&#8221;][et_pb_column type=&#8221;1_4&#8243; _builder_version=&#8221;4.16&#8243; global_colors_info=&#8221;{}&#8221;][\/et_pb_column][et_pb_column type=&#8221;1_4&#8243; _builder_version=&#8221;4.16&#8243; global_colors_info=&#8221;{}&#8221;][\/et_pb_column][et_pb_column type=&#8221;1_4&#8243; _builder_version=&#8221;4.16&#8243; global_colors_info=&#8221;{}&#8221;][\/et_pb_column][et_pb_column type=&#8221;1_4&#8243; _builder_version=&#8221;4.16&#8243; global_colors_info=&#8221;{}&#8221;][\/et_pb_column][\/et_pb_row][et_pb_row column_structure=&#8221;1_5,1_5,1_5,1_5,1_5&#8243; _builder_version=&#8221;4.16&#8243; global_colors_info=&#8221;{}&#8221;][et_pb_column type=&#8221;1_5&#8243; _builder_version=&#8221;4.27.4&#8243; _module_preset=&#8221;default&#8221; global_colors_info=&#8221;{}&#8221;][\/et_pb_column][et_pb_column type=&#8221;1_5&#8243; _builder_version=&#8221;4.16&#8243; global_colors_info=&#8221;{}&#8221;][\/et_pb_column][et_pb_column type=&#8221;1_5&#8243; _builder_version=&#8221;4.16&#8243; global_colors_info=&#8221;{}&#8221;][\/et_pb_column][et_pb_column type=&#8221;1_5&#8243; _builder_version=&#8221;4.16&#8243; global_colors_info=&#8221;{}&#8221;][\/et_pb_column][et_pb_column type=&#8221;1_5&#8243; _builder_version=&#8221;4.16&#8243; global_colors_info=&#8221;{}&#8221;][\/et_pb_column][\/et_pb_row][\/et_pb_section]<\/p>\n","protected":false},"excerpt":{"rendered":"<p>NACIONALNI KOMPETITIVNI PROJEKTIGWQualityPath2070 Impact of climate change, land use and agricultural practice changes on the occurrence and fate of contaminants in the Sava transboundary aquifer (Utjecaj klimatskih promjena, promjena kori\u0161tenja zemlji\u0161ta i poljoprivredne prakse na pojavu i sudbinu one\u010di\u0161\u0107ivala u savskom prekograni\u010dnom vodonosniku) NON-POLL Nepeludni palinomorfi i palinofacijes u rekonstrukciji paleookoli\u0161a\u00a0 (Non-Poll) SALTECTA Solni dijapiri [&hellip;]<\/p>\n","protected":false},"author":1,"featured_media":0,"parent":0,"menu_order":0,"comment_status":"closed","ping_status":"closed","template":"","meta":{"_et_pb_use_builder":"on","_et_pb_old_content":"","_et_gb_content_width":"","footnotes":""},"class_list":["post-28999","page","type-page","status-publish","hentry"],"aioseo_notices":[],"_links":{"self":[{"href":"https:\/\/www.hgi-cgs.hr\/en\/wp-json\/wp\/v2\/pages\/28999","targetHints":{"allow":["GET"]}}],"collection":[{"href":"https:\/\/www.hgi-cgs.hr\/en\/wp-json\/wp\/v2\/pages"}],"about":[{"href":"https:\/\/www.hgi-cgs.hr\/en\/wp-json\/wp\/v2\/types\/page"}],"author":[{"embeddable":true,"href":"https:\/\/www.hgi-cgs.hr\/en\/wp-json\/wp\/v2\/users\/1"}],"replies":[{"embeddable":true,"href":"https:\/\/www.hgi-cgs.hr\/en\/wp-json\/wp\/v2\/comments?post=28999"}],"version-history":[{"count":47,"href":"https:\/\/www.hgi-cgs.hr\/en\/wp-json\/wp\/v2\/pages\/28999\/revisions"}],"predecessor-version":[{"id":48080,"href":"https:\/\/www.hgi-cgs.hr\/en\/wp-json\/wp\/v2\/pages\/28999\/revisions\/48080"}],"wp:attachment":[{"href":"https:\/\/www.hgi-cgs.hr\/en\/wp-json\/wp\/v2\/media?parent=28999"}],"curies":[{"name":"wp","href":"https:\/\/api.w.org\/{rel}","templated":true}]}}