{"id":28992,"date":"2020-04-04T09:25:09","date_gmt":"2020-04-04T09:25:09","guid":{"rendered":"http:\/\/www.hgi-cgs.hr\/?page_id=28992"},"modified":"2020-12-31T14:45:10","modified_gmt":"2020-12-31T14:45:10","slug":"program-geoloskih-karata","status":"publish","type":"page","link":"https:\/\/www.hgi-cgs.hr\/en\/program-geoloskih-karata\/","title":{"rendered":"Geological Mapping Programme"},"content":{"rendered":"<p>[et_pb_section fb_built=&#8221;1&#8243; fullwidth=&#8221;on&#8221; _builder_version=&#8221;4.4.1&#8243; custom_padding=&#8221;0px||0px|||&#8221;][et_pb_fullwidth_slider _builder_version=&#8221;4.7.7&#8243; min_height=&#8221;112px&#8221; height=&#8221;400px&#8221; custom_margin=&#8221;0px||||false|false&#8221; custom_padding=&#8221;0px||18px||false|false&#8221; auto=&#8221;on&#8221; auto_ignore_hover=&#8221;on&#8221; locked=&#8221;off&#8221;][et_pb_slide heading=&#8221;Hrvatski geolo\u0161ki institut&#8221; _builder_version=&#8221;4.4.1&#8243; header_font=&#8221;|||on|||||&#8221; background_image=&#8221;https:\/\/www.hgi-cgs.hr\/wp-content\/uploads\/2020\/03\/Br\u010di\u0107_Drvenik02-scaled.jpg&#8221; background_enable_image=&#8221;on&#8221; locked=&#8221;off&#8221; sticky_transition=&#8221;on&#8221;][\/et_pb_slide][et_pb_slide heading=&#8221;Hrvatski geolo\u0161ki institut&#8221; _builder_version=&#8221;4.4.1&#8243; header_font=&#8221;|||on|||||&#8221; background_image=&#8221;https:\/\/www.hgi-cgs.hr\/wp-content\/uploads\/2020\/03\/ban2-scaled.jpg&#8221; background_enable_image=&#8221;on&#8221; locked=&#8221;off&#8221; sticky_transition=&#8221;on&#8221;][\/et_pb_slide][et_pb_slide heading=&#8221;Hrvatski geolo\u0161ki institut&#8221; _builder_version=&#8221;4.4.1&#8243; header_font=&#8221;|||on|||||&#8221; background_image=&#8221;https:\/\/www.hgi-cgs.hr\/wp-content\/uploads\/2020\/03\/20190228_094232-scaled.jpg&#8221; background_enable_image=&#8221;on&#8221; locked=&#8221;off&#8221; sticky_transition=&#8221;on&#8221;][\/et_pb_slide][et_pb_slide heading=&#8221;Hrvatski geolo\u0161ki institut&#8221; _builder_version=&#8221;4.4.1&#8243; header_font=&#8221;|||on|||||&#8221; background_image=&#8221;https:\/\/www.hgi-cgs.hr\/wp-content\/uploads\/2020\/03\/ban3-scaled.jpg&#8221; background_enable_image=&#8221;on&#8221; locked=&#8221;off&#8221; sticky_transition=&#8221;on&#8221;][\/et_pb_slide][et_pb_slide heading=&#8221;Hrvatski geolo\u0161ki institut&#8221; _builder_version=&#8221;4.4.1&#8243; header_font=&#8221;|||on|||||&#8221; background_image=&#8221;https:\/\/www.hgi-cgs.hr\/wp-content\/uploads\/2020\/03\/Bijele_stijene-Gorski_kotar-scaled.jpg&#8221; background_enable_image=&#8221;on&#8221; locked=&#8221;off&#8221; sticky_transition=&#8221;on&#8221;][\/et_pb_slide][et_pb_slide heading=&#8221;Hrvatski geolo\u0161ki institut&#8221; _builder_version=&#8221;4.4.1&#8243; header_font=&#8221;|||on|||||&#8221; background_image=&#8221;https:\/\/www.hgi-cgs.hr\/wp-content\/uploads\/2020\/03\/ban4-scaled.jpg&#8221; background_enable_image=&#8221;on&#8221; locked=&#8221;off&#8221; sticky_transition=&#8221;on&#8221;][\/et_pb_slide][et_pb_slide heading=&#8221;Hrvatski geolo\u0161ki institut&#8221; _builder_version=&#8221;4.4.1&#8243; header_font=&#8221;|||on|||||&#8221; background_image=&#8221;https:\/\/www.hgi-cgs.hr\/wp-content\/uploads\/2020\/03\/ban5-scaled.jpg&#8221; background_enable_image=&#8221;on&#8221; locked=&#8221;off&#8221; sticky_transition=&#8221;on&#8221;][\/et_pb_slide][et_pb_slide heading=&#8221;Hrvatski geolo\u0161ki institut&#8221; _builder_version=&#8221;4.7.7&#8243; header_font=&#8221;|||on|||||&#8221; background_image=&#8221;https:\/\/www.hgi-cgs.hr\/wp-content\/uploads\/2020\/04\/20191015_142016a-scaled.jpg&#8221; background_enable_image=&#8221;on&#8221; locked=&#8221;off&#8221; sticky_transition=&#8221;on&#8221;][\/et_pb_slide][et_pb_slide heading=&#8221;Hrvatski geolo\u0161ki institut&#8221; _builder_version=&#8221;4.7.7&#8243; header_font=&#8221;|||on|||||&#8221; background_image=&#8221;https:\/\/www.hgi-cgs.hr\/wp-content\/uploads\/2020\/04\/20191014_133538-scaled.jpg&#8221; background_enable_image=&#8221;on&#8221; locked=&#8221;off&#8221; sticky_transition=&#8221;on&#8221;][\/et_pb_slide][\/et_pb_fullwidth_slider][\/et_pb_section][et_pb_section fb_built=&#8221;1&#8243; _builder_version=&#8221;4.4.2&#8243; custom_padding=&#8221;||0px|||&#8221;][et_pb_row _builder_version=&#8221;4.4.2&#8243;][et_pb_column type=&#8221;4_4&#8243; _builder_version=&#8221;4.4.2&#8243;][et_pb_text _builder_version=&#8221;4.4.2&#8243; text_font_size=&#8221;32px&#8221; header_2_text_color=&#8221;#1e5096&#8243; custom_margin=&#8221;||-12px|||&#8221;]<\/p>\n<h2 style=\"text-align: center; color: #1e5096;\"><strong>PROGRAM GEOLO\u0160KIH KARATA<\/strong><\/h2>\n<p>[\/et_pb_text][\/et_pb_column][\/et_pb_row][\/et_pb_section][et_pb_section fb_built=&#8221;1&#8243; _builder_version=&#8221;4.4.2&#8243; custom_padding=&#8221;10px||41px|||&#8221;][et_pb_row column_structure=&#8221;1_4,1_4,1_4,1_4&#8243; _builder_version=&#8221;4.4.2&#8243;][et_pb_column type=&#8221;1_4&#8243; _builder_version=&#8221;4.4.2&#8243;][et_pb_image src=&#8221;https:\/\/www.hgi-cgs.hr\/wp-content\/uploads\/2020\/05\/Geolo\u0161ka-karta-podmorja_Primjer-Novigradsko-more_1.jpg&#8221; alt=&#8221;Geolo\u0161ka karta podmorja Novigradsko more&#8221; title_text=&#8221;Geolo\u0161ka karta podmorja_Primjer Novigradsko more_1&#8243; url=&#8221;https:\/\/www.hgi-cgs.hr\/geoloska-karta-podmorja\/&#8221; _builder_version=&#8221;4.7.2&#8243; _module_preset=&#8221;default&#8221; width=&#8221;75%&#8221; module_alignment=&#8221;center&#8221; custom_margin=&#8221;50px||55px||false|false&#8221;][\/et_pb_image][et_pb_text _builder_version=&#8221;4.7.2&#8243; _module_preset=&#8221;default&#8221; header_4_text_color=&#8221;#1e5096&#8243; header_6_text_color=&#8221;#666666&#8243; header_6_font_size=&#8221;13px&#8221; custom_margin=&#8221;-25px||||false|false&#8221; link_option_url=&#8221;https:\/\/www.hgi-cgs.hr\/geoloska-karta-podmorja\/&#8221;]<\/p>\n<h4>Geolo\u0161ka karta podmorja<\/h4>\n<h6><strong><em><a href=\"https:\/\/www.hgi-cgs.hr\/boderec-ce\/\"><\/a><\/em><\/strong><\/h6>\n<p>[\/et_pb_text][\/et_pb_column][et_pb_column type=&#8221;1_4&#8243; _builder_version=&#8221;4.4.2&#8243;][et_pb_image src=&#8221;https:\/\/www.hgi-cgs.hr\/wp-content\/uploads\/2020\/06\/karta-mineralnih-sirovina.jpg&#8221; alt=&#8221;\u017dupanijske karte mineralnih sirovina RH&#8221; title_text=&#8221;karta mineralnih sirovina&#8221; url=&#8221;https:\/\/www.hgi-cgs.hr\/karta-mineralnih-sirovina-rh\/&#8221; _builder_version=&#8221;4.7.2&#8243; _module_preset=&#8221;default&#8221; width=&#8221;65%&#8221; module_alignment=&#8221;center&#8221; custom_margin=&#8221;50px|||||&#8221;][\/et_pb_image][et_pb_text _builder_version=&#8221;4.7.2&#8243; _module_preset=&#8221;default&#8221; header_4_text_color=&#8221;#1e5096&#8243; header_6_text_color=&#8221;#666666&#8243; header_6_font_size=&#8221;13px&#8221; custom_margin=&#8221;-29px||||false|false&#8221; link_option_url=&#8221;https:\/\/www.hgi-cgs.hr\/karta-mineralnih-sirovina-rh\/&#8221;]<\/p>\n<h4>Karta mineralnih sirovina RH<strong><em><a href=\"https:\/\/www.hgi-cgs.hr\/deepwater-ce\/\" role=\"link\"><\/a><\/em><\/strong><\/h4>\n<p>[\/et_pb_text][\/et_pb_column][et_pb_column type=&#8221;1_4&#8243; _builder_version=&#8221;4.4.2&#8243;][et_pb_image src=&#8221;https:\/\/www.hgi-cgs.hr\/wp-content\/uploads\/2020\/05\/karta-zaliha-organskog-ugljika.jpg&#8221; alt=&#8221;Karta zaliha organskog ugljika u tlu&#8221; title_text=&#8221;karta zaliha organskog ugljika&#8221; url=&#8221;https:\/\/www.hgi-cgs.hr\/program-geoloskih-karata-osnovna-geokemijska-karta-rh\/&#8221; _builder_version=&#8221;4.7.2&#8243; _module_preset=&#8221;default&#8221; width=&#8221;60%&#8221; module_alignment=&#8221;center&#8221; custom_margin=&#8221;40px|||||&#8221;][\/et_pb_image][et_pb_text _builder_version=&#8221;4.7.2&#8243; _module_preset=&#8221;default&#8221; header_4_text_color=&#8221;#1e5096&#8243; header_6_text_color=&#8221;#666666&#8243; header_6_font_size=&#8221;13px&#8221; custom_margin=&#8221;-17px||||false|false&#8221; link_option_url=&#8221;https:\/\/www.hgi-cgs.hr\/program-geoloskih-karata-osnovna-geokemijska-karta-rh\/&#8221;]<\/p>\n<h4><strong>Osnovna geokemijska karta RH<\/strong><\/h4>\n<p>[\/et_pb_text][\/et_pb_column][et_pb_column type=&#8221;1_4&#8243; _builder_version=&#8221;4.4.2&#8243;][et_pb_image src=&#8221;https:\/\/www.hgi-cgs.hr\/wp-content\/uploads\/2018\/08\/karta.png&#8221; alt=&#8221;Postupak izrade standardiziranog lista OGK RH&#8221; title_text=&#8221;karta&#8221; url=&#8221;https:\/\/www.hgi-cgs.hr\/program-geoloskih-karata-osnovna-geoloska-karta-rh\/&#8221; _builder_version=&#8221;4.7.2&#8243; _module_preset=&#8221;default&#8221; width=&#8221;80%&#8221; module_alignment=&#8221;center&#8221; custom_margin=&#8221;80px||||false|false&#8221;][\/et_pb_image][et_pb_text _builder_version=&#8221;4.7.2&#8243; _module_preset=&#8221;default&#8221; header_4_text_color=&#8221;#1e5096&#8243; header_6_text_color=&#8221;#666666&#8243; header_6_font_size=&#8221;13px&#8221; custom_margin=&#8221;10px||||false|false&#8221; link_option_url=&#8221;https:\/\/www.hgi-cgs.hr\/program-geoloskih-karata-osnovna-geoloska-karta-rh\/&#8221;]<\/p>\n<h4>Osnovna geolo\u0161ka karta RH<\/h4>\n<p>[\/et_pb_text][\/et_pb_column][\/et_pb_row][et_pb_row column_structure=&#8221;1_4,1_4,1_4,1_4&#8243; _builder_version=&#8221;4.4.2&#8243;][et_pb_column type=&#8221;1_4&#8243; _builder_version=&#8221;4.4.2&#8243;][et_pb_image src=&#8221;https:\/\/www.hgi-cgs.hr\/wp-content\/uploads\/2020\/07\/ohgk_rab_sm.jpg&#8221; alt=&#8221;Osnovna hidrogeolo\u0161ka karta RH list Rab&#8221; title_text=&#8221;ohgk_rab_sm&#8221; url=&#8221;https:\/\/www.hgi-cgs.hr\/osnovna-hidrogeoloska-karta-republike-hrvatske-1100-000\/&#8221; _builder_version=&#8221;4.7.2&#8243; _module_preset=&#8221;default&#8221; width=&#8221;75%&#8221; module_alignment=&#8221;center&#8221; custom_margin=&#8221;50px||55px||false|false&#8221;][\/et_pb_image][et_pb_text _builder_version=&#8221;4.7.2&#8243; _module_preset=&#8221;default&#8221; header_4_text_color=&#8221;#1e5096&#8243; header_6_text_color=&#8221;#666666&#8243; header_6_font_size=&#8221;13px&#8221; custom_margin=&#8221;-25px||||false|false&#8221; link_option_url=&#8221;https:\/\/www.hgi-cgs.hr\/osnovna-hidrogeoloska-karta-republike-hrvatske-1100-000\/&#8221;]<\/p>\n<h4>Osnovna hidrogeolo\u0161ka karta RH<\/h4>\n<h6><strong><em><a href=\"https:\/\/www.hgi-cgs.hr\/boderec-ce\/\"><\/a><\/em><\/strong><\/h6>\n<p>[\/et_pb_text][\/et_pb_column][et_pb_column type=&#8221;1_4&#8243; _builder_version=&#8221;4.4.2&#8243;][et_pb_image src=&#8221;https:\/\/www.hgi-cgs.hr\/wp-content\/uploads\/2018\/09\/oigk.jpg&#8221; alt=&#8221;Osnovna in\u017eenjerskogeolo\u0161ka karta list Zagreb&#8221; title_text=&#8221;oigk&#8221; url=&#8221;https:\/\/www.hgi-cgs.hr\/osnovna-inzenjerskogeoloska-karta\/&#8221; _builder_version=&#8221;4.7.2&#8243; _module_preset=&#8221;default&#8221; width=&#8221;75%&#8221; module_alignment=&#8221;center&#8221; custom_margin=&#8221;38px|||||&#8221;][\/et_pb_image][et_pb_text _builder_version=&#8221;4.7.2&#8243; _module_preset=&#8221;default&#8221; header_4_text_color=&#8221;#1e5096&#8243; header_6_text_color=&#8221;#666666&#8243; header_6_font_size=&#8221;13px&#8221; custom_margin=&#8221;-11px||||false|false&#8221; link_option_url=&#8221;https:\/\/www.hgi-cgs.hr\/osnovna-inzenjerskogeoloska-karta\/&#8221;]<\/p>\n<h4>Osnovna in\u017eenjerskogeolo\u0161ka karta RH<strong><em><\/em><\/strong><\/h4>\n<p>[\/et_pb_text][\/et_pb_column][et_pb_column type=&#8221;1_4&#8243; _builder_version=&#8221;4.4.2&#8243;][\/et_pb_column][et_pb_column type=&#8221;1_4&#8243; _builder_version=&#8221;4.4.2&#8243;][\/et_pb_column][\/et_pb_row][\/et_pb_section]<\/p>\n","protected":false},"excerpt":{"rendered":"<p>PROGRAM GEOLO\u0160KIH KARATAGeolo\u0161ka karta podmorja Karta mineralnih sirovina RHOsnovna geokemijska karta RHOsnovna geolo\u0161ka karta RHOsnovna hidrogeolo\u0161ka karta RH Osnovna in\u017eenjerskogeolo\u0161ka karta RH<\/p>","protected":false},"author":1,"featured_media":0,"parent":0,"menu_order":0,"comment_status":"closed","ping_status":"closed","template":"","meta":{"_et_pb_use_builder":"on","_et_pb_old_content":"","_et_gb_content_width":"","footnotes":""},"class_list":["post-28992","page","type-page","status-publish","hentry"],"aioseo_notices":[],"_links":{"self":[{"href":"https:\/\/www.hgi-cgs.hr\/en\/wp-json\/wp\/v2\/pages\/28992","targetHints":{"allow":["GET"]}}],"collection":[{"href":"https:\/\/www.hgi-cgs.hr\/en\/wp-json\/wp\/v2\/pages"}],"about":[{"href":"https:\/\/www.hgi-cgs.hr\/en\/wp-json\/wp\/v2\/types\/page"}],"author":[{"embeddable":true,"href":"https:\/\/www.hgi-cgs.hr\/en\/wp-json\/wp\/v2\/users\/1"}],"replies":[{"embeddable":true,"href":"https:\/\/www.hgi-cgs.hr\/en\/wp-json\/wp\/v2\/comments?post=28992"}],"version-history":[{"count":11,"href":"https:\/\/www.hgi-cgs.hr\/en\/wp-json\/wp\/v2\/pages\/28992\/revisions"}],"predecessor-version":[{"id":37562,"href":"https:\/\/www.hgi-cgs.hr\/en\/wp-json\/wp\/v2\/pages\/28992\/revisions\/37562"}],"wp:attachment":[{"href":"https:\/\/www.hgi-cgs.hr\/en\/wp-json\/wp\/v2\/media?parent=28992"}],"curies":[{"name":"wp","href":"https:\/\/api.w.org\/{rel}","templated":true}]}}