{"id":28956,"date":"2020-04-03T11:00:40","date_gmt":"2020-04-03T11:00:40","guid":{"rendered":"http:\/\/www.hgi-cgs.hr\/?page_id=28956"},"modified":"2026-02-19T09:29:06","modified_gmt":"2026-02-19T09:29:06","slug":"zavod-za-mineralne-sirovine-i-marinsku-geologiju","status":"publish","type":"page","link":"https:\/\/www.hgi-cgs.hr\/en\/zavod-za-mineralne-sirovine-i-marinsku-geologiju\/","title":{"rendered":"Department for Mineral Resources and Marine Geology"},"content":{"rendered":"<p>[et_pb_section fb_built=&#8221;1&#8243; fullwidth=&#8221;on&#8221; _builder_version=&#8221;4.16&#8243; custom_padding=&#8221;0px||0px|||&#8221; global_colors_info=&#8221;{}&#8221;][et_pb_fullwidth_slider _builder_version=&#8221;4.16&#8243; min_height=&#8221;112px&#8221; height=&#8221;400px&#8221; custom_margin=&#8221;0px||||false|false&#8221; custom_padding=&#8221;0px||18px||false|false&#8221; auto=&#8221;on&#8221; auto_ignore_hover=&#8221;on&#8221; locked=&#8221;off&#8221; global_colors_info=&#8221;{}&#8221;][et_pb_slide heading=&#8221;Hrvatski geolo\u0161ki institut&#8221; _builder_version=&#8221;4.16&#8243; header_font=&#8221;|||on|||||&#8221; background_image=&#8221;https:\/\/www.hgi-cgs.hr\/wp-content\/uploads\/2020\/03\/Br\u010di\u0107_Drvenik02-scaled.jpg&#8221; background_enable_image=&#8221;on&#8221; locked=&#8221;off&#8221; global_colors_info=&#8221;{}&#8221; sticky_transition=&#8221;on&#8221;][\/et_pb_slide][et_pb_slide heading=&#8221;Hrvatski geolo\u0161ki institut&#8221; _builder_version=&#8221;4.16&#8243; header_font=&#8221;|||on|||||&#8221; background_image=&#8221;https:\/\/www.hgi-cgs.hr\/wp-content\/uploads\/2020\/03\/ban2-scaled.jpg&#8221; background_enable_image=&#8221;on&#8221; locked=&#8221;off&#8221; global_colors_info=&#8221;{}&#8221; sticky_transition=&#8221;on&#8221;][\/et_pb_slide][et_pb_slide heading=&#8221;Hrvatski geolo\u0161ki institut&#8221; _builder_version=&#8221;4.16&#8243; header_font=&#8221;|||on|||||&#8221; background_image=&#8221;https:\/\/www.hgi-cgs.hr\/wp-content\/uploads\/2020\/03\/20190228_094232-scaled.jpg&#8221; background_enable_image=&#8221;on&#8221; locked=&#8221;off&#8221; global_colors_info=&#8221;{}&#8221; sticky_transition=&#8221;on&#8221;][\/et_pb_slide][et_pb_slide heading=&#8221;Hrvatski geolo\u0161ki institut&#8221; _builder_version=&#8221;4.16&#8243; header_font=&#8221;|||on|||||&#8221; background_image=&#8221;https:\/\/www.hgi-cgs.hr\/wp-content\/uploads\/2020\/03\/ban3-scaled.jpg&#8221; background_enable_image=&#8221;on&#8221; locked=&#8221;off&#8221; global_colors_info=&#8221;{}&#8221; sticky_transition=&#8221;on&#8221;][\/et_pb_slide][et_pb_slide heading=&#8221;Hrvatski geolo\u0161ki institut&#8221; _builder_version=&#8221;4.16&#8243; header_font=&#8221;|||on|||||&#8221; background_image=&#8221;https:\/\/www.hgi-cgs.hr\/wp-content\/uploads\/2020\/03\/Bijele_stijene-Gorski_kotar-scaled.jpg&#8221; background_enable_image=&#8221;on&#8221; locked=&#8221;off&#8221; global_colors_info=&#8221;{}&#8221; sticky_transition=&#8221;on&#8221;][\/et_pb_slide][et_pb_slide heading=&#8221;Hrvatski geolo\u0161ki institut&#8221; _builder_version=&#8221;4.16&#8243; header_font=&#8221;|||on|||||&#8221; background_image=&#8221;https:\/\/www.hgi-cgs.hr\/wp-content\/uploads\/2020\/03\/ban4-scaled.jpg&#8221; background_enable_image=&#8221;on&#8221; locked=&#8221;off&#8221; global_colors_info=&#8221;{}&#8221; sticky_transition=&#8221;on&#8221;][\/et_pb_slide][et_pb_slide heading=&#8221;Hrvatski geolo\u0161ki institut&#8221; _builder_version=&#8221;4.16&#8243; header_font=&#8221;|||on|||||&#8221; background_image=&#8221;https:\/\/www.hgi-cgs.hr\/wp-content\/uploads\/2020\/03\/ban5-scaled.jpg&#8221; background_enable_image=&#8221;on&#8221; locked=&#8221;off&#8221; global_colors_info=&#8221;{}&#8221; sticky_transition=&#8221;on&#8221;][\/et_pb_slide][et_pb_slide heading=&#8221;Hrvatski geolo\u0161ki institut&#8221; _builder_version=&#8221;4.16&#8243; header_font=&#8221;|||on|||||&#8221; background_image=&#8221;https:\/\/www.hgi-cgs.hr\/wp-content\/uploads\/2020\/04\/20191015_142016a-scaled.jpg&#8221; background_enable_image=&#8221;on&#8221; locked=&#8221;off&#8221; global_colors_info=&#8221;{}&#8221; sticky_transition=&#8221;on&#8221;][\/et_pb_slide][et_pb_slide heading=&#8221;Hrvatski geolo\u0161ki institut&#8221; _builder_version=&#8221;4.16&#8243; header_font=&#8221;|||on|||||&#8221; background_image=&#8221;https:\/\/www.hgi-cgs.hr\/wp-content\/uploads\/2020\/04\/20191014_133538-scaled.jpg&#8221; background_enable_image=&#8221;on&#8221; locked=&#8221;off&#8221; global_colors_info=&#8221;{}&#8221; sticky_transition=&#8221;on&#8221;][\/et_pb_slide][\/et_pb_fullwidth_slider][\/et_pb_section][et_pb_section fb_built=&#8221;1&#8243; _builder_version=&#8221;4.16&#8243; custom_padding=&#8221;22px|||||&#8221; global_colors_info=&#8221;{}&#8221;][et_pb_row _builder_version=&#8221;4.16&#8243; global_colors_info=&#8221;{}&#8221;][et_pb_column type=&#8221;4_4&#8243; _builder_version=&#8221;4.16&#8243; global_colors_info=&#8221;{}&#8221;][et_pb_text _builder_version=&#8221;4.23.4&#8243; text_font_size=&#8221;32px&#8221; header_2_text_color=&#8221;#1e5096&#8243; global_colors_info=&#8221;{}&#8221;]<\/p>\n<h2 style=\"text-align: center; color: #1e5096;\"><strong>ZAVOD ZA MINERALNE SIROVINE I MARINSKU GEOLOGIJU<br \/><\/strong><\/h2>\n<p>[\/et_pb_text][\/et_pb_column][\/et_pb_row][\/et_pb_section][et_pb_section fb_built=&#8221;1&#8243; _builder_version=&#8221;4.16&#8243; custom_padding=&#8221;28px||41px|||&#8221; global_colors_info=&#8221;{}&#8221;][et_pb_row column_structure=&#8221;1_2,1_2&#8243; _builder_version=&#8221;4.16&#8243; custom_margin=&#8221;-6px|auto||auto||&#8221; custom_padding=&#8221;14px|0px|3px|0px|false|false&#8221; global_colors_info=&#8221;{}&#8221;][et_pb_column type=&#8221;1_2&#8243; _builder_version=&#8221;4.16&#8243; custom_padding=&#8221;|||&#8221; global_colors_info=&#8221;{}&#8221; custom_padding__hover=&#8221;|||&#8221;][et_pb_text _builder_version=&#8221;4.16&#8243; text_font=&#8221;||||||||&#8221; max_width=&#8221;80%&#8221; module_alignment=&#8221;left&#8221; custom_margin=&#8221;10px||&#8221; global_colors_info=&#8221;{}&#8221;]<\/p>\n<p><strong><span style=\"font-family: Georgia;\">Predstojnica Zavoda: <\/span><\/strong><span style=\"font-family: Georgia;\">Dr.sc. Nikolina Ilijani\u0107<\/span><\/p>\n<p><strong>Tel:<\/strong> +385 1 6160 744<em><br \/> <\/em><strong> E-mail:<\/strong> <em><a href=\"mailto:nikolina.ilijanic@hgi-cgs.hr\">nilijanic@hgi-cgs.hr<\/a><\/em><\/p>\n<p>[\/et_pb_text][\/et_pb_column][et_pb_column type=&#8221;1_2&#8243; _builder_version=&#8221;4.16&#8243; custom_padding=&#8221;|||&#8221; global_colors_info=&#8221;{}&#8221; custom_padding__hover=&#8221;|||&#8221;][et_pb_text _builder_version=&#8221;4.16&#8243; text_font=&#8221;||||||||&#8221; max_width=&#8221;80%&#8221; module_alignment=&#8221;left&#8221; custom_margin=&#8221;10px||&#8221; global_colors_info=&#8221;{}&#8221;]<\/p>\n<p><strong><span style=\"font-family: Georgia;\">Tajnica Zavoda: <\/span><\/strong><span style=\"font-family: Georgia;\">Mirela \u017dic<\/span><strong><span style=\"font-family: Georgia;\"><br \/> <\/span><\/strong><\/p>\n<p><strong>Tel:<\/strong> +385 1 6160 744<em><br \/> <\/em><strong> E-mail:<\/strong> <em><a href=\"mailto:mirela.zic@hgi-cgs.hr\">mzic@hgi-cgs.hr<\/a><\/em><\/p>\n<p>&nbsp;<\/p>\n<p>[\/et_pb_text][\/et_pb_column][\/et_pb_row][et_pb_row use_custom_gutter=&#8221;on&#8221; gutter_width=&#8221;1&#8243; make_equal=&#8221;on&#8221; disabled_on=&#8221;off|off|off&#8221; _builder_version=&#8221;4.16&#8243; background_color=&#8221;#ffffff&#8221; background_size=&#8221;initial&#8221; background_position=&#8221;top_left&#8221; background_repeat=&#8221;repeat&#8221; custom_padding=&#8221;40px|0px|20px|0px|false|false&#8221; animation_direction=&#8221;right&#8221; global_colors_info=&#8221;{}&#8221;][et_pb_column type=&#8221;4_4&#8243; _builder_version=&#8221;4.16&#8243; background_color=&#8221;#ffffff&#8221; custom_padding=&#8221;|||&#8221; global_colors_info=&#8221;{}&#8221; custom_padding__hover=&#8221;|||&#8221;][et_pb_tabs active_tab_background_color=&#8221;rgba(224,153,0,0.53)&#8221; _builder_version=&#8221;4.27.5&#8243; body_font=&#8221;||||||||&#8221; tab_font=&#8221;||||||||&#8221; width=&#8221;90%&#8221; module_alignment=&#8221;center&#8221; hover_enabled=&#8221;0&#8243; global_colors_info=&#8221;{}&#8221; sticky_enabled=&#8221;0&#8243;][et_pb_tab title=&#8221;O nama&#8221; _builder_version=&#8221;4.27.0&#8243; global_colors_info=&#8221;{}&#8221;]<\/p>\n<p style=\"text-align: justify;\">Zavod za mineralne sirovine i marinsku geologiju provodi istra\u017eivanja mineralnih sirovina (s gospodarskog i znanstvenog stajali\u0161ta), geokemijska istra\u017eivanja okoli\u0161a, paleolimnolo\u0161ka istra\u017eivanja, istra\u017eivanja siga i geolo\u0161ka istra\u017eivanja podmorja (marinske geologije). Djelatnici istra\u017euju:<\/p>\n<ul>\n<li>Geolo\u0161ka potencijalnost mineralnih resursa u RH te karakteristike postoje\u0107ih i potencijalnih le\u017ei\u0161ta mineralnih sirovina u RH, sistematizacija baze podataka mineralnih sirovina u RH;<\/li>\n<li>Geokemijska svojstva tala, kr\u0161kih polja, jezerskih i plitkomorskih sedimenata, siga, te paleookoli\u0161ne i paleoklimatske promjene tijekom kvartara u teresti\u010dkim (jezera, treseti\u0161ta), morskim okoli\u0161ima i sigama;<\/li>\n<li>Geolo\u0161ka istra\u017eivanja podmorja, promjene morske razine i migracije obalne linije, transgresije mora tijekom kvartara.<\/li>\n<\/ul>\n<p style=\"text-align: justify;\"><a style=\"color: #e09900;\" href=\"https:\/\/www.hgi-cgs.hr\/zavod-za-mineralne-sirovine-i-marinsku-geologiju-o-nama\/\"><em><strong>Vi\u0161e..<\/strong> <\/em><\/a><\/p>\n<p>[\/et_pb_tab][et_pb_tab title=&#8221;Istra\u017eivanja&#8221; _builder_version=&#8221;4.16&#8243; global_colors_info=&#8221;{}&#8221;]<\/p>\n<p><a href=\"https:\/\/www.hgi-cgs.hr\/istrazivanja-mineralnih-sirovina\/\"><strong><em>Istra\u017eivanja mineralnih sirovina<\/em><\/strong><\/a><\/p>\n<p><strong><em><a href=\"https:\/\/www.hgi-cgs.hr\/geokemijska-istrazivanja-okolisa\/\">Geokemijska istra\u017eivanja okoli\u0161a<\/a><\/em><\/strong><\/p>\n<p><strong><em><a href=\"https:\/\/www.hgi-cgs.hr\/paleolimnoloska-istrazivanja\/\">Paleolimnolo\u0161ka istra\u017eivanja<\/a><\/em><\/strong><\/p>\n<p><strong><em><a href=\"https:\/\/www.hgi-cgs.hr\/istrazivanja-siga\/\">Istra\u017eivanja siga<\/a><\/em><\/strong><\/p>\n<p><strong><em><a href=\"https:\/\/www.hgi-cgs.hr\/geoloska-istrazivanja-podmorja\/\">Geolo\u0161ka istra\u017eivanja podmorja<\/a><\/em><\/strong><\/p>\n<p>[\/et_pb_tab][et_pb_tab title=&#8221;Projekti&#8221; _builder_version=&#8221;4.16&#8243; global_colors_info=&#8221;{}&#8221;]<\/p>\n<p><em><strong><a href=\"https:\/\/www.hgi-cgs.hr\/zavod-za-mineralne-sirovine-program-geoloskih-karata\/\">Program geolo\u0161kih karata<\/a><\/strong><\/em><\/p>\n<p><em><strong><a href=\"https:\/\/www.hgi-cgs.hr\/zavod-za-mineralne-sirovine-znanstveni-projekti-domaci\/\">Nacionalni kompetitivni projekti <\/a><\/strong><\/em><\/p>\n<p><em><strong><a href=\"https:\/\/www.hgi-cgs.hr\/zavod-za-mineralne-sirovine-projekti-eu-fondova\/\" target=\"_blank\" rel=\"noopener noreferrer\">Projekti EU fondova<\/a><\/strong><\/em><\/p>\n<p><em><strong><a href=\"https:\/\/www.hgi-cgs.hr\/zavod-za-mineralne-sirovine-gospodarstveni-trzisni-projekti\/\" target=\"_blank\" rel=\"noopener noreferrer\">Gospodarstveni (tr\u017ei\u0161ni) projekti<\/a><\/strong><\/em><\/p>\n<p><em><strong><a href=\"https:\/\/www.hgi-cgs.hr\/zavod-za-mineralne-sirovine-zavrseni-projekti\/\" target=\"_blank\" rel=\"noopener noreferrer\">Zavr\u0161eni projekti<\/a><\/strong><\/em><\/p>\n<p><em><strong>\u00a0<\/strong><\/em><\/p>\n<p>[\/et_pb_tab][et_pb_tab title=&#8221;Laboratoriji&#8221; _builder_version=&#8221;4.16&#8243; global_colors_info=&#8221;{}&#8221;]<\/p>\n<p style=\"text-align: left;\"><a href=\"https:\/\/www.hgi-cgs.hr\/hrvatski-repozitorij-za-jezgre-sedimenata-croatian-core-repository-ccr\/\"><strong><\/strong><strong>Hrvatski repozitorij za jezgre sedimenata (<em>Croatian Core Repository<\/em> \u2013 CCR)<\/strong><\/a><\/p>\n<p style=\"text-align: justify;\"><strong><em><a href=\"https:\/\/www.hgi-cgs.hr\/zavod-za-mineralne-sirovine-geokemijski-laboratorij\/\">Geokemijski laboratorij<\/a><\/em><\/strong><\/p>\n<p style=\"text-align: justify;\"><strong><em><a href=\"https:\/\/www.hgi-cgs.hr\/zavod-za-mineralne-sirovine-mineralosko-petrografski-laboratorij\/\">Mineralo\u0161ko-petrografski laboratorij\u00a0<\/a><\/em><\/strong><\/p>\n<p style=\"text-align: justify;\"><strong><em><a href=\"https:\/\/www.hgi-cgs.hr\/sedimnetoloski-laboratorij\/\"><\/a><\/em><\/strong><\/p>\n<p style=\"text-align: justify;\"><strong><em><a href=\"https:\/\/www.hgi-cgs.hr\/o-nama-zavod-za-mineralne-sirovine\/laboratorij-za-pripremu-i-skladistenje-uzoraka-i-jezgri-sedimenata\/\"><\/a><\/em><\/strong><\/p>\n<p><strong><em><a style=\"color: #e09900;\" href=\"https:\/\/www.hgi-cgs.hr\/o-nama-zavod-za-mineralne-sirovine\/terenska-oprema\/\"><\/a><\/em><\/strong><\/p>\n<p>[\/et_pb_tab][et_pb_tab title=&#8221;Terenska oprema&#8221; _builder_version=&#8221;4.16&#8243; global_colors_info=&#8221;{}&#8221;]<\/p>\n<p style=\"text-align: justify;\">Istra\u017eivanja se provode terenskim i laboratorijskim istra\u017eivanjima. <strong>Terenska oprema<\/strong> obuhva\u0107a opremu za uzorkovanje neporeme\u0107enog slijeda rastresitih sedimenata i tala, sklopivu platformu, panoramski i vi\u0161esnopni dubinomjer te gumenjake i motore. <a href=\"https:\/\/www.hgi-cgs.hr\/sedimnetoloski-laboratorij\/\"><strong><\/strong><\/a><\/p>\n<p style=\"text-align: justify;\"><strong><em><a href=\"https:\/\/www.hgi-cgs.hr\/terenska-oprema\/\">Vi\u0161e..<\/a><a style=\"color: #e09900;\" href=\"https:\/\/www.hgi-cgs.hr\/o-nama-zavod-za-mineralne-sirovine\/sedimentoloski-laboratorij\/\"><\/a><\/em><\/strong><\/p>\n<p style=\"text-align: justify;\"><strong><em><a href=\"https:\/\/www.hgi-cgs.hr\/o-nama-zavod-za-mineralne-sirovine\/laboratorij-za-pripremu-i-skladistenje-uzoraka-i-jezgri-sedimenata\/\"><\/a><\/em><\/strong><\/p>\n<p><strong><em><a style=\"color: #e09900;\" href=\"https:\/\/www.hgi-cgs.hr\/o-nama-zavod-za-mineralne-sirovine\/terenska-oprema\/\"><\/a><\/em><\/strong><\/p>\n<p>[\/et_pb_tab][et_pb_tab title=&#8221;Zaposlenici&#8221; _builder_version=&#8221;4.27.5&#8243; hover_enabled=&#8221;0&#8243; global_colors_info=&#8221;{}&#8221; sticky_enabled=&#8221;0&#8243;]<\/p>\n<p>Zavod za mineralne sirovine trenutno broji <a href=\"https:\/\/www.hgi-cgs.hr\/zaposlenici-zavod-za-mineralne-sirovine-i-marinsku-geologiju\/\"><em>14 zaposlenika<\/em>.<\/a><\/p>\n<p>[\/et_pb_tab][\/et_pb_tabs][\/et_pb_column][\/et_pb_row][\/et_pb_section]<\/p>\n","protected":false},"excerpt":{"rendered":"<p>ZAVOD ZA MINERALNE SIROVINE I MARINSKU GEOLOGIJUPredstojnica Zavoda: Dr.sc. Nikolina Ilijani\u0107 Tel: +385 1 6160 744 E-mail: nilijanic@hgi-cgs.hrTajnica Zavoda: Mirela \u017dic Tel: +385 1 6160 744 E-mail: mzic@hgi-cgs.hr &nbsp;Zavod za mineralne sirovine i marinsku geologiju provodi istra\u017eivanja mineralnih sirovina (s gospodarskog i znanstvenog stajali\u0161ta), geokemijska istra\u017eivanja okoli\u0161a, paleolimnolo\u0161ka istra\u017eivanja, istra\u017eivanja siga i geolo\u0161ka istra\u017eivanja podmorja [&hellip;]<\/p>\n","protected":false},"author":1,"featured_media":0,"parent":0,"menu_order":0,"comment_status":"closed","ping_status":"closed","template":"","meta":{"_et_pb_use_builder":"on","_et_pb_old_content":"","_et_gb_content_width":"","footnotes":""},"class_list":["post-28956","page","type-page","status-publish","hentry"],"aioseo_notices":[],"_links":{"self":[{"href":"https:\/\/www.hgi-cgs.hr\/en\/wp-json\/wp\/v2\/pages\/28956","targetHints":{"allow":["GET"]}}],"collection":[{"href":"https:\/\/www.hgi-cgs.hr\/en\/wp-json\/wp\/v2\/pages"}],"about":[{"href":"https:\/\/www.hgi-cgs.hr\/en\/wp-json\/wp\/v2\/types\/page"}],"author":[{"embeddable":true,"href":"https:\/\/www.hgi-cgs.hr\/en\/wp-json\/wp\/v2\/users\/1"}],"replies":[{"embeddable":true,"href":"https:\/\/www.hgi-cgs.hr\/en\/wp-json\/wp\/v2\/comments?post=28956"}],"version-history":[{"count":50,"href":"https:\/\/www.hgi-cgs.hr\/en\/wp-json\/wp\/v2\/pages\/28956\/revisions"}],"predecessor-version":[{"id":47610,"href":"https:\/\/www.hgi-cgs.hr\/en\/wp-json\/wp\/v2\/pages\/28956\/revisions\/47610"}],"wp:attachment":[{"href":"https:\/\/www.hgi-cgs.hr\/en\/wp-json\/wp\/v2\/media?parent=28956"}],"curies":[{"name":"wp","href":"https:\/\/api.w.org\/{rel}","templated":true}]}}