{"id":28931,"date":"2020-04-03T10:38:24","date_gmt":"2020-04-03T10:38:24","guid":{"rendered":"http:\/\/www.hgi-cgs.hr\/?page_id=28931"},"modified":"2026-04-17T09:34:48","modified_gmt":"2026-04-17T09:34:48","slug":"zavod-za-geologiju","status":"publish","type":"page","link":"https:\/\/www.hgi-cgs.hr\/en\/zavod-za-geologiju\/","title":{"rendered":"Department of Geology"},"content":{"rendered":"<p>[et_pb_section fb_built=&#8221;1&#8243; fullwidth=&#8221;on&#8221; _builder_version=&#8221;4.16&#8243; custom_padding=&#8221;0px||0px|||&#8221; global_colors_info=&#8221;{}&#8221;][et_pb_fullwidth_slider _builder_version=&#8221;4.16&#8243; min_height=&#8221;112px&#8221; height=&#8221;400px&#8221; custom_margin=&#8221;0px||||false|false&#8221; custom_padding=&#8221;0px||18px||false|false&#8221; auto=&#8221;on&#8221; auto_ignore_hover=&#8221;on&#8221; locked=&#8221;off&#8221; global_colors_info=&#8221;{}&#8221;][et_pb_slide heading=&#8221;Hrvatski geolo\u0161ki institut&#8221; _builder_version=&#8221;4.16&#8243; header_font=&#8221;|||on|||||&#8221; background_image=&#8221;https:\/\/www.hgi-cgs.hr\/wp-content\/uploads\/2020\/03\/Br\u010di\u0107_Drvenik02-scaled.jpg&#8221; background_enable_image=&#8221;on&#8221; locked=&#8221;off&#8221; global_colors_info=&#8221;{}&#8221; sticky_transition=&#8221;on&#8221;][\/et_pb_slide][et_pb_slide heading=&#8221;Hrvatski geolo\u0161ki institut&#8221; _builder_version=&#8221;4.16&#8243; header_font=&#8221;|||on|||||&#8221; background_image=&#8221;https:\/\/www.hgi-cgs.hr\/wp-content\/uploads\/2020\/03\/ban2-scaled.jpg&#8221; background_enable_image=&#8221;on&#8221; locked=&#8221;off&#8221; global_colors_info=&#8221;{}&#8221; sticky_transition=&#8221;on&#8221;][\/et_pb_slide][et_pb_slide heading=&#8221;Hrvatski geolo\u0161ki institut&#8221; _builder_version=&#8221;4.16&#8243; header_font=&#8221;|||on|||||&#8221; background_image=&#8221;https:\/\/www.hgi-cgs.hr\/wp-content\/uploads\/2020\/03\/20190228_094232-scaled.jpg&#8221; background_enable_image=&#8221;on&#8221; locked=&#8221;off&#8221; global_colors_info=&#8221;{}&#8221; sticky_transition=&#8221;on&#8221;][\/et_pb_slide][et_pb_slide heading=&#8221;Hrvatski geolo\u0161ki institut&#8221; _builder_version=&#8221;4.16&#8243; header_font=&#8221;|||on|||||&#8221; background_image=&#8221;https:\/\/www.hgi-cgs.hr\/wp-content\/uploads\/2020\/03\/ban3-scaled.jpg&#8221; background_enable_image=&#8221;on&#8221; locked=&#8221;off&#8221; global_colors_info=&#8221;{}&#8221; sticky_transition=&#8221;on&#8221;][\/et_pb_slide][et_pb_slide heading=&#8221;Hrvatski geolo\u0161ki institut&#8221; _builder_version=&#8221;4.16&#8243; header_font=&#8221;|||on|||||&#8221; background_image=&#8221;https:\/\/www.hgi-cgs.hr\/wp-content\/uploads\/2020\/03\/Bijele_stijene-Gorski_kotar-scaled.jpg&#8221; background_enable_image=&#8221;on&#8221; locked=&#8221;off&#8221; global_colors_info=&#8221;{}&#8221; sticky_transition=&#8221;on&#8221;][\/et_pb_slide][et_pb_slide heading=&#8221;Hrvatski geolo\u0161ki institut&#8221; _builder_version=&#8221;4.16&#8243; header_font=&#8221;|||on|||||&#8221; background_image=&#8221;https:\/\/www.hgi-cgs.hr\/wp-content\/uploads\/2020\/03\/ban4-scaled.jpg&#8221; background_enable_image=&#8221;on&#8221; locked=&#8221;off&#8221; global_colors_info=&#8221;{}&#8221; sticky_transition=&#8221;on&#8221;][\/et_pb_slide][et_pb_slide heading=&#8221;Hrvatski geolo\u0161ki institut&#8221; _builder_version=&#8221;4.16&#8243; header_font=&#8221;|||on|||||&#8221; background_image=&#8221;https:\/\/www.hgi-cgs.hr\/wp-content\/uploads\/2020\/03\/ban5-scaled.jpg&#8221; background_enable_image=&#8221;on&#8221; locked=&#8221;off&#8221; global_colors_info=&#8221;{}&#8221; sticky_transition=&#8221;on&#8221;][\/et_pb_slide][et_pb_slide heading=&#8221;Hrvatski geolo\u0161ki institut&#8221; _builder_version=&#8221;4.16&#8243; header_font=&#8221;|||on|||||&#8221; background_image=&#8221;https:\/\/www.hgi-cgs.hr\/wp-content\/uploads\/2020\/04\/20191015_142016a-scaled.jpg&#8221; background_enable_image=&#8221;on&#8221; locked=&#8221;off&#8221; global_colors_info=&#8221;{}&#8221; sticky_transition=&#8221;on&#8221;][\/et_pb_slide][et_pb_slide heading=&#8221;Hrvatski geolo\u0161ki institut&#8221; _builder_version=&#8221;4.16&#8243; header_font=&#8221;|||on|||||&#8221; background_image=&#8221;https:\/\/www.hgi-cgs.hr\/wp-content\/uploads\/2020\/04\/20191014_133538-scaled.jpg&#8221; background_enable_image=&#8221;on&#8221; locked=&#8221;off&#8221; global_colors_info=&#8221;{}&#8221; sticky_transition=&#8221;on&#8221;][\/et_pb_slide][\/et_pb_fullwidth_slider][\/et_pb_section][et_pb_section fb_built=&#8221;1&#8243; _builder_version=&#8221;4.16&#8243; custom_padding=&#8221;22px||19px|||&#8221; global_colors_info=&#8221;{}&#8221;][et_pb_row _builder_version=&#8221;4.16&#8243; global_colors_info=&#8221;{}&#8221;][et_pb_column type=&#8221;4_4&#8243; _builder_version=&#8221;4.16&#8243; global_colors_info=&#8221;{}&#8221;][et_pb_text _builder_version=&#8221;4.16&#8243; text_font_size=&#8221;32px&#8221; header_2_text_color=&#8221;#1e5096&#8243; global_colors_info=&#8221;{}&#8221;]<\/p>\n<h2 style=\"text-align: center; color: #1e5096;\"><strong>ZAVOD ZA GEOLOGIJU<\/strong><\/h2>\n<p>[\/et_pb_text][\/et_pb_column][\/et_pb_row][\/et_pb_section][et_pb_section fb_built=&#8221;1&#8243; _builder_version=&#8221;4.16&#8243; custom_padding=&#8221;20px||50px|||&#8221; global_colors_info=&#8221;{}&#8221;][et_pb_row column_structure=&#8221;1_2,1_2&#8243; _builder_version=&#8221;4.16&#8243; global_colors_info=&#8221;{}&#8221;][et_pb_column type=&#8221;1_2&#8243; _builder_version=&#8221;4.16&#8243; global_colors_info=&#8221;{}&#8221;][et_pb_text _builder_version=&#8221;4.27.6&#8243; module_alignment=&#8221;center&#8221; custom_padding=&#8221;|||80px|false|false&#8221; hover_enabled=&#8221;0&#8243; global_colors_info=&#8221;{}&#8221; sticky_enabled=&#8221;0&#8243;]<\/p>\n<p><strong>Predstojnik Zavoda: <\/strong>dr.sc. Adriano Banak<\/p>\n<p><strong><em>Tel:<\/em> <\/strong>+385 1 6160 782<\/p>\n<p><strong>E-mail:<\/strong><a href=\"mailto:abanak@hgi-cgs.hr\"><em> abanak@hgi-cgs.hr<\/em><\/a><em> <\/em><\/p>\n<p>&nbsp;<\/p>\n<p>[\/et_pb_text][\/et_pb_column][et_pb_column type=&#8221;1_2&#8243; _builder_version=&#8221;4.16&#8243; global_colors_info=&#8221;{}&#8221;][et_pb_text _builder_version=&#8221;4.24.2&#8243; global_colors_info=&#8221;{}&#8221;]<\/p>\n<p><strong>Tajnica Zavoda: <\/strong>Nikolina Sablji\u0107<\/p>\n<p><strong>Tel:<\/strong> +385 1 6160 710<\/p>\n<p><strong>E-mail: <\/strong><em><a href=\"mailto:nsabljic@hgi-cgs.hr\">nsabljic@hgi-cgs.hr<\/a><\/em><\/p>\n<p>[\/et_pb_text][\/et_pb_column][\/et_pb_row][et_pb_row _builder_version=&#8221;4.16&#8243; global_colors_info=&#8221;{}&#8221;][et_pb_column type=&#8221;4_4&#8243; _builder_version=&#8221;4.16&#8243; global_colors_info=&#8221;{}&#8221;][et_pb_tabs active_tab_background_color=&#8221;rgba(224,153,0,0.53)&#8221; _builder_version=&#8221;4.27.5&#8243; tab_font=&#8221;||||||||&#8221; width=&#8221;90%&#8221; module_alignment=&#8221;center&#8221; custom_margin=&#8221;|10px||10px|false|false&#8221; custom_padding=&#8221;|10px||10px|false|false&#8221; global_colors_info=&#8221;{}&#8221;][et_pb_tab title=&#8221;O nama&#8221; _builder_version=&#8221;4.16&#8243; global_colors_info=&#8221;{}&#8221;]<\/p>\n<p style=\"text-align: left;\">Osnovna djelatnost Zavoda za geologiju je provo\u0111enje multidisciplinarnih geolo\u0161kih istra\u017eivanja s ciljem prikupljanja podataka i nadogra\u0111ivanja spoznaja o geolo\u0161koj gra\u0111i teritorija Republike Hrvatske.<\/p>\n<p style=\"text-align: left;\"><a style=\"color: #e09900;\" href=\"https:\/\/www.hgi-cgs.hr\/zavod-za-geologiju-o-nama\/\"><strong><em>Vi\u0161e..<\/em> <\/strong><\/a><\/p>\n<p>[\/et_pb_tab][et_pb_tab title=&#8221;Istra\u017eivanja&#8221; _builder_version=&#8221;4.16&#8243; global_colors_info=&#8221;{}&#8221;]<\/p>\n<p style=\"text-align: left;\"><em><strong><a href=\"https:\/\/www.hgi-cgs.hr\/o-nama-zavod-za-geologiju\/paleontologija\/\" style=\"color: #e09900;\">Paleontologija i stratigrafija<\/a><\/strong><\/em><\/p>\n<p style=\"text-align: left;\"><em><strong><a href=\"https:\/\/www.hgi-cgs.hr\/sedimentologija-mineralogija-i-petrologija-sedimentnih-stijena\/\" style=\"color: #e09900;\">Sedimentologija, mineralogija i petrologija sedimentnih stijena<\/a><\/strong><\/em><\/p>\n<p style=\"text-align: left;\"><em><strong><a href=\"https:\/\/www.hgi-cgs.hr\/mineralogija-i-petrologija-magmatskih-i-metamorfnih-stijena\/\" style=\"color: #e09900;\"> Mineralogija i petrologija magmatskih i metamorfnih stijena<\/a><\/strong><\/em><\/p>\n<p style=\"text-align: left;\"><em><strong><a href=\"https:\/\/www.hgi-cgs.hr\/geokemijska-istrazivanja-okolisa\/\" style=\"color: #e09900;\"> Geokemijska istra\u017eivanja okoli\u0161a<\/a><\/strong><\/em><\/p>\n<p style=\"text-align: left;\"><a href=\"https:\/\/www.hgi-cgs.hr\/geoloske-karte-o-kartama\/\"><em><strong>Geolo\u0161ke karte<\/strong><\/em><\/a><\/p>\n<p style=\"text-align: left;\"><a href=\"https:\/\/www.hgi-cgs.hr\/geolosko-modeliranje\/\"><em><strong>Geolo\u0161ko modeliranje<\/strong><\/em><\/a><\/p>\n<p style=\"text-align: left;\"><em><strong><a href=\"https:\/\/www.hgi-cgs.hr\/geomaticka-istrazivanja\/\">Geomati\u010dka istra\u017eivanja<\/a><\/strong><\/em><\/p>\n<p style=\"text-align: left;\"><em><strong><a href=\"https:\/\/www.hgi-cgs.hr\/speleoloska-istrazivanja\/\">Speleolo\u0161ka istra\u017eivanja<\/a><\/strong><\/em><a href=\"https:\/\/www.hgi-cgs.hr\/zavodi\/zavod-za-geologiju\/kartografski-odjel\/\" style=\"color: #e09900;\"><\/a><\/p>\n<p style=\"text-align: left;\"><a href=\"https:\/\/www.hgi-cgs.hr\/geoarheologija\/\"><em><strong>Geoarheologija<\/strong><\/em><\/a><\/p>\n<p>[\/et_pb_tab][et_pb_tab title=&#8221;Laboratoriji&#8221; _builder_version=&#8221;4.16&#8243; global_colors_info=&#8221;{}&#8221;]<\/p>\n<p><strong><em><a href=\"https:\/\/www.hgi-cgs.hr\/?page_id=34984\">Laboratorij za pripremu mineralo\u0161ko-petrografskih i paleontolo\u0161kih analiza<\/a><\/em><\/strong><em><strong><a href=\"https:\/\/www.hgi-cgs.hr\/zavod-za-geologiju-mineralosko-petrografski-laboratorij\/\"><\/a><\/strong><\/em><\/p>\n<p><em><strong><a href=\"https:\/\/www.hgi-cgs.hr\/zavod-za-geologiju-mineralosko-petrografski-laboratorij\/\">Mineralo\u0161ko-petrografski laboratorij<\/a><\/strong><\/em><em><strong><a href=\"https:\/\/www.hgi-cgs.hr\/geokemijski-laboratorij\/\"><\/a><\/strong><\/em><\/p>\n<p><em><strong><a href=\"https:\/\/www.hgi-cgs.hr\/zavod-za-geologiju-geokemijski-laboratorij\/\">Geokemijski laboratorij<\/a><\/strong><\/em><\/p>\n<p>[\/et_pb_tab][et_pb_tab title=&#8221;Kartografija&#8221; _builder_version=&#8221;4.16&#8243; global_colors_info=&#8221;{}&#8221;]<\/p>\n<p style=\"text-align: left;\">Kartografski odjel Zavoda za Geologiju opremljen je kompletnom ra\u010dunalnom opremom, hardverskom i softverskom,\u00a0 za izradu geolo\u0161kih (i drugih) karata..<em>.<a href=\"https:\/\/www.hgi-cgs.hr\/kartografija\/\"><strong> Vi\u0161e<\/strong> <\/a><\/em><\/p>\n<p>[\/et_pb_tab][et_pb_tab title=&#8221;Projekti&#8221; _builder_version=&#8221;4.16&#8243; global_colors_info=&#8221;{}&#8221;]<\/p>\n<p style=\"text-align: left;\"><a href=\"https:\/\/www.hgi-cgs.hr\/zavod-za-geologiju-program-geoloskih-karata\/\"><em><strong>Program geolo\u0161kih karata<\/strong><\/em><\/a><\/p>\n<p style=\"text-align: left;\"><em><strong><a href=\"https:\/\/www.hgi-cgs.hr\/zavod-za-geologiju-nacionalni-kompetativni-projekti\/\">Nacionalni kompetitivni projekti<\/a><\/strong><\/em><\/p>\n<p style=\"text-align: left;\"><em><strong><a href=\"https:\/\/www.hgi-cgs.hr\/zavod-za-geologiju-projekti-eu-fondova\/\">Projekti EU fondova<\/a><\/strong><\/em><\/p>\n<p style=\"text-align: left;\"><em><strong><a href=\"https:\/\/www.hgi-cgs.hr\/zavod-za-geologiju-gospodarstveni-trzisni-projekti\/\">Gospodarstveni (tr\u017ei\u0161ni) projekti<\/a><\/strong><\/em><\/p>\n<p style=\"text-align: left;\"><em><strong><a href=\"https:\/\/www.hgi-cgs.hr\/zavod-za-geologiju-zavrseni-projekti\/\">Zavr\u0161eni projekti<\/a><\/strong><\/em><\/p>\n<p>[\/et_pb_tab][et_pb_tab title=&#8221;Zaposlenici&#8221; _builder_version=&#8221;4.27.5&#8243; global_colors_info=&#8221;{}&#8221;]<\/p>\n<p style=\"text-align: left;\">Zavod za geologiju trenutno broji <a href=\"https:\/\/www.hgi-cgs.hr\/zaposlenici-zavod-za-geologiju\/\"><em>47 zaposlenika.<\/em><\/a><\/p>\n<p>[\/et_pb_tab][et_pb_tab title=&#8221;Prezentacije i zanimljivosti&#8221; _builder_version=&#8221;4.16&#8243; global_colors_info=&#8221;{}&#8221;]<\/p>\n<p><em><a href=\"https:\/\/www.hgi-cgs.hr\/osnovna-geoloska-karta-republike-hrvatske-np-kornati-m-150-000-na-medunarodnoj-kartografskoj-izlozbi-u-tokiju\/\">Osnovna geolo\u0161ka karta Republike Hrvatske NP Kornati M 1:50 000 na me\u0111unarodnoj kartografskoj izlo\u017ebi u Tokiju<\/a><\/em><\/p>\n<p><em><a href=\"https:\/\/www.hgi-cgs.hr\/ogk-np-kornati\/\">OGK NP Kornati<\/a><\/em><\/p>\n<p style=\"color: #1e5096; text-align: left;\"><a href=\"https:\/\/www.hgi-cgs.hr\/tvrtko-korbar-znanstveni-savjetnik-hgi-izabran-za-clana-suradnika-hazu\/\">Tvrtko Korbar, znanstveni savjetnik HGI-a izabran za \u010dlana suradnika HAZU<\/a><\/p>\n<p><a href=\"https:\/\/www.hgi-cgs.hr\/wp-content\/uploads\/2020\/11\/2017_PREZENTACIJA_OGKRH.pdf\">Prezentacija Osnovne geolo\u0161ke karte Republike Hrvatske mjerila 1:50 000 &#8211; \u0160OLTA, \u010cIOVO, DRVENIK<\/a><\/p>\n<p><a href=\"https:\/\/www.hgi-cgs.hr\/nova-geoloska-karta-otoka-cresa-i-losinja\/\">Nova geolo\u0161ka karta otoka Cresa i Lo\u0161inja<\/a><\/p>\n<p><em><a href=\"https:\/\/www.hgi-cgs.hr\/nova-osnovna-geoloska-karta-otoka-braca\/\">Nova Osnovna geolo\u0161ka karta otoka Bra\u010da<\/a><\/em><\/p>\n<p><em><a href=\"https:\/\/www.hgi-cgs.hr\/prezentacija-geoturistickog-potencijala-na-otoku-visu-potencijalni-geopark-viski-arhipelag\/\">Prezentacija geoturisti\u010dkog potencijala na otoku Visu &#8211; potencijalni geopark Vi\u0161ki arhipelag<\/a><\/em><\/p>\n<p><em><a href=\"https:\/\/www.hgi-cgs.hr\/katastrofalni-tsunami-pogodio-jadransko-podrucje-prije-66-milijuna-godina\/\">Katastrofalni tsunami pogodio jadransko podru\u010dje prije 66 milijuna godina<\/a><\/em><\/p>\n<p><em><a href=\"https:\/\/www.hgi-cgs.hr\/prezentacija-rezultata-geoloskih-istrazivanja-plocastih-vapnenaca-i-odabranih-vrsta-ag-kamena-na-podrucju-zadarske-zupanije\/\">Prezentacija rezultata geolo\u0161kih istra\u017eivanja plo\u010dastih vapnenaca i odabranih vrsta ag-kamena na podru\u010dju Zadarske \u017eupanije<\/a><\/em><\/p>\n<p><em><a href=\"https:\/\/www.hgi-cgs.hr\/nova-geoloska-karta-otoka-hvara\/\">Nova geolo\u0161ka karta otoka Hvara<\/a><\/em><\/p>\n<p><em><a href=\"https:\/\/www.hgi-cgs.hr\/prezentacija-nove-osnovne-geoloske-karte-republike-hrvatske-150-000-ogk-rh-list-vis-3-i-bisevo-1\/\">Prezentacija nove Osnovne geolo\u0161ke karte Republike Hrvatske 1:50 000 (OGK RH) \u2013 List Vis 3 i Bi\u0161evo 1<\/a><\/em><\/p>\n<p><em><a href=\"https:\/\/www.hgi-cgs.hr\/prvi-listovi-osnovne-geoloske-karte-republike-hrvatske-mjerila-150-000\/\">Prvi listovi Osnovne geolo\u0161ke karte Republike Hrvatske mjerila 1:50.000<\/a><\/em><\/p>\n<p>&nbsp;<\/p>\n<p>[\/et_pb_tab][\/et_pb_tabs][\/et_pb_column][\/et_pb_row][\/et_pb_section]<\/p>\n","protected":false},"excerpt":{"rendered":"<p>ZAVOD ZA GEOLOGIJUPredstojnik Zavoda: dr.sc. Adriano Banak Tel: +385 1 6160 782 E-mail: abanak@hgi-cgs.hr &nbsp;Tajnica Zavoda: Nikolina Sablji\u0107 Tel: +385 1 6160 710 E-mail: nsabljic@hgi-cgs.hrOsnovna djelatnost Zavoda za geologiju je provo\u0111enje multidisciplinarnih geolo\u0161kih istra\u017eivanja s ciljem prikupljanja podataka i nadogra\u0111ivanja spoznaja o geolo\u0161koj gra\u0111i teritorija Republike Hrvatske. Vi\u0161e.. Paleontologija i stratigrafija Sedimentologija, mineralogija i petrologija [&hellip;]<\/p>\n","protected":false},"author":1,"featured_media":0,"parent":0,"menu_order":0,"comment_status":"closed","ping_status":"closed","template":"","meta":{"_et_pb_use_builder":"on","_et_pb_old_content":"","_et_gb_content_width":"","footnotes":""},"class_list":["post-28931","page","type-page","status-publish","hentry"],"aioseo_notices":[],"_links":{"self":[{"href":"https:\/\/www.hgi-cgs.hr\/en\/wp-json\/wp\/v2\/pages\/28931","targetHints":{"allow":["GET"]}}],"collection":[{"href":"https:\/\/www.hgi-cgs.hr\/en\/wp-json\/wp\/v2\/pages"}],"about":[{"href":"https:\/\/www.hgi-cgs.hr\/en\/wp-json\/wp\/v2\/types\/page"}],"author":[{"embeddable":true,"href":"https:\/\/www.hgi-cgs.hr\/en\/wp-json\/wp\/v2\/users\/1"}],"replies":[{"embeddable":true,"href":"https:\/\/www.hgi-cgs.hr\/en\/wp-json\/wp\/v2\/comments?post=28931"}],"version-history":[{"count":74,"href":"https:\/\/www.hgi-cgs.hr\/en\/wp-json\/wp\/v2\/pages\/28931\/revisions"}],"predecessor-version":[{"id":47898,"href":"https:\/\/www.hgi-cgs.hr\/en\/wp-json\/wp\/v2\/pages\/28931\/revisions\/47898"}],"wp:attachment":[{"href":"https:\/\/www.hgi-cgs.hr\/en\/wp-json\/wp\/v2\/media?parent=28931"}],"curies":[{"name":"wp","href":"https:\/\/api.w.org\/{rel}","templated":true}]}}