{"id":28916,"date":"2020-04-03T10:26:30","date_gmt":"2020-04-03T10:26:30","guid":{"rendered":"http:\/\/www.hgi-cgs.hr\/?page_id=28916"},"modified":"2026-04-17T09:33:58","modified_gmt":"2026-04-17T09:33:58","slug":"ustroj","status":"publish","type":"page","link":"https:\/\/www.hgi-cgs.hr\/en\/ustroj\/","title":{"rendered":"Organization"},"content":{"rendered":"<p>[et_pb_section fb_built=&#8221;1&#8243; fullwidth=&#8221;on&#8221; _builder_version=&#8221;4.16&#8243; custom_padding=&#8221;0px||0px|||&#8221; global_colors_info=&#8221;{}&#8221;][et_pb_fullwidth_slider _builder_version=&#8221;4.16&#8243; min_height=&#8221;112px&#8221; height=&#8221;400px&#8221; custom_margin=&#8221;0px||||false|false&#8221; custom_padding=&#8221;0px||18px||false|false&#8221; auto=&#8221;on&#8221; auto_ignore_hover=&#8221;on&#8221; locked=&#8221;off&#8221; global_colors_info=&#8221;{}&#8221;][et_pb_slide heading=&#8221;Hrvatski geolo\u0161ki institut&#8221; _builder_version=&#8221;4.16&#8243; header_font=&#8221;|||on|||||&#8221; background_image=&#8221;https:\/\/www.hgi-cgs.hr\/wp-content\/uploads\/2020\/03\/Br\u010di\u0107_Drvenik02-scaled.jpg&#8221; background_enable_image=&#8221;on&#8221; locked=&#8221;off&#8221; global_colors_info=&#8221;{}&#8221; sticky_transition=&#8221;on&#8221;][\/et_pb_slide][et_pb_slide heading=&#8221;Hrvatski geolo\u0161ki institut&#8221; _builder_version=&#8221;4.16&#8243; header_font=&#8221;|||on|||||&#8221; background_image=&#8221;https:\/\/www.hgi-cgs.hr\/wp-content\/uploads\/2020\/03\/ban2-scaled.jpg&#8221; background_enable_image=&#8221;on&#8221; locked=&#8221;off&#8221; global_colors_info=&#8221;{}&#8221; sticky_transition=&#8221;on&#8221;][\/et_pb_slide][et_pb_slide heading=&#8221;Hrvatski geolo\u0161ki institut&#8221; _builder_version=&#8221;4.16&#8243; header_font=&#8221;|||on|||||&#8221; background_image=&#8221;https:\/\/www.hgi-cgs.hr\/wp-content\/uploads\/2020\/03\/20190228_094232-scaled.jpg&#8221; background_enable_image=&#8221;on&#8221; locked=&#8221;off&#8221; global_colors_info=&#8221;{}&#8221; sticky_transition=&#8221;on&#8221;][\/et_pb_slide][et_pb_slide heading=&#8221;Hrvatski geolo\u0161ki institut&#8221; _builder_version=&#8221;4.16&#8243; header_font=&#8221;|||on|||||&#8221; background_image=&#8221;https:\/\/www.hgi-cgs.hr\/wp-content\/uploads\/2020\/03\/ban3-scaled.jpg&#8221; background_enable_image=&#8221;on&#8221; locked=&#8221;off&#8221; global_colors_info=&#8221;{}&#8221; sticky_transition=&#8221;on&#8221;][\/et_pb_slide][et_pb_slide heading=&#8221;Hrvatski geolo\u0161ki institut&#8221; _builder_version=&#8221;4.16&#8243; header_font=&#8221;|||on|||||&#8221; background_image=&#8221;https:\/\/www.hgi-cgs.hr\/wp-content\/uploads\/2020\/03\/Bijele_stijene-Gorski_kotar-scaled.jpg&#8221; background_enable_image=&#8221;on&#8221; locked=&#8221;off&#8221; global_colors_info=&#8221;{}&#8221; sticky_transition=&#8221;on&#8221;][\/et_pb_slide][et_pb_slide heading=&#8221;Hrvatski geolo\u0161ki institut&#8221; _builder_version=&#8221;4.16&#8243; header_font=&#8221;|||on|||||&#8221; background_image=&#8221;https:\/\/www.hgi-cgs.hr\/wp-content\/uploads\/2020\/03\/ban4-scaled.jpg&#8221; background_enable_image=&#8221;on&#8221; locked=&#8221;off&#8221; global_colors_info=&#8221;{}&#8221; sticky_transition=&#8221;on&#8221;][\/et_pb_slide][et_pb_slide heading=&#8221;Hrvatski geolo\u0161ki institut&#8221; _builder_version=&#8221;4.16&#8243; header_font=&#8221;|||on|||||&#8221; background_image=&#8221;https:\/\/www.hgi-cgs.hr\/wp-content\/uploads\/2020\/03\/ban5-scaled.jpg&#8221; background_enable_image=&#8221;on&#8221; locked=&#8221;off&#8221; global_colors_info=&#8221;{}&#8221; sticky_transition=&#8221;on&#8221;][\/et_pb_slide][\/et_pb_fullwidth_slider][\/et_pb_section][et_pb_section fb_built=&#8221;1&#8243; _builder_version=&#8221;4.16&#8243; global_colors_info=&#8221;{}&#8221;][et_pb_row _builder_version=&#8221;4.16&#8243; global_colors_info=&#8221;{}&#8221;][et_pb_column type=&#8221;4_4&#8243; _builder_version=&#8221;4.16&#8243; global_colors_info=&#8221;{}&#8221;][et_pb_text _builder_version=&#8221;4.16&#8243; text_font_size=&#8221;32px&#8221; header_2_text_color=&#8221;#1e5096&#8243; global_colors_info=&#8221;{}&#8221;]<\/p>\n<h2 style=\"text-align: center; color: #1e5096;\"><strong>USTROJ<\/strong><\/h2>\n<p>[\/et_pb_text][\/et_pb_column][\/et_pb_row][\/et_pb_section][et_pb_section fb_built=&#8221;1&#8243; _builder_version=&#8221;4.16&#8243; custom_padding=&#8221;20px||41px|||&#8221; global_colors_info=&#8221;{}&#8221;][et_pb_row column_structure=&#8221;1_2,1_2&#8243; _builder_version=&#8221;4.16&#8243; global_colors_info=&#8221;{}&#8221;][et_pb_column type=&#8221;1_2&#8243; _builder_version=&#8221;4.16&#8243; global_colors_info=&#8221;{}&#8221;][et_pb_text _builder_version=&#8221;4.27.6&#8243; width=&#8221;94%&#8221; module_alignment=&#8221;right&#8221; custom_padding=&#8221;|10px||10px|false|false&#8221; global_colors_info=&#8221;{}&#8221;]<\/p>\n<p style=\"text-align: left;\"><strong>UPRAVNO VIJE\u0106E<\/strong><\/p>\n<p style=\"text-align: left;\">Ana Varja\u010di\u0107, Ministarstvo znanosti i obrazovanja <strong>(predsjednica)<\/strong><\/p>\n<p style=\"text-align: left;\">Tomislav Fiket, Prirodoslovno matemati\u010dki fakultet Sveu\u010dili\u0161ta u Zagrebu<strong> (zamjenik predsjednice)<\/strong><\/p>\n<p style=\"text-align: left;\">mr. sc. Ana Mi\u0161evi\u0107, Tehni\u010dko veleu\u010dili\u0161te u Zagrebu<\/p>\n<p style=\"text-align: left;\">dr.sc.\u00a0 Vlatko Br\u010di\u0107, znanstveni suradnik, \u00a0Hrvatski geolo\u0161ki institut<\/p>\n<p style=\"text-align: left;\">dr.sc. Tvrtko Korbar, znanstveni savjetnik u trajnom zvanju, Hrvatski geolo\u0161ki institut<\/p>\n<p style=\"text-align: left;\"><span><\/span><\/p>\n<p style=\"text-align: left;\"><strong>RAVNATELJICA<\/strong><\/p>\n<p style=\"text-align: left;\">dr.sc. Sta\u0161a Borovi\u0107, vi\u0161a znanstvena suradnica<\/p>\n<p style=\"text-align: left;\"><strong>POMO\u0106NICI RAVNATELJICE<\/strong><\/p>\n<p style=\"text-align: left;\">dr.sc. Duje Kuko\u010d, vi\u0161i znanstveni suradnik, pomo\u0107nik ravnateljice za financije i infrastrukturu<\/p>\n<p style=\"text-align: left;\">dr.sc. Josip Terzi\u0107, znanstveni savjetnik u trajnom izboru, pomo\u0107nik ravnateljice za projekte i me\u0111unarodnu suradnju<\/p>\n<p style=\"text-align: left;\"><strong>ZNANSTVENO VIJE\u0106E INSTITUTA<\/strong><\/p>\n<p style=\"text-align: left;\">dr.sc. Tamara Markovi\u0107, znanstvena savjetnica u trajnom zvanju<span><br \/><\/span><\/p>\n<p style=\"text-align: left;\"><strong>ZAVODI INSTITUTA<\/strong><\/p>\n<p style=\"text-align: left;\"><a href=\"https:\/\/www.hgi-cgs.hr\/zavod-za-geologiju\/\">Zavod\u00a0 za geologiju<\/a><span> (predstojnik dr.sc. Adriano Banak)<\/span><\/p>\n<p style=\"text-align: left;\"><a href=\"https:\/\/www.hgi-cgs.hr\/zavod-za-hidrogeologiju-i-inzenjersku-geologiju\/\">Zavod za hidrogeologiju i in\u017eenjersku geologiju<\/a><span> (predstojnik dr.sc. Kosta Urumovi\u0107)<\/span><\/p>\n<p style=\"text-align: left;\"><a href=\"https:\/\/www.hgi-cgs.hr\/zavod-za-mineralne-sirovine\/\">Zavod za mineralne sirovine i marinsku geologiju <\/a><span>(predstojnica dr.sc. Nikolina Ilijani\u0107)<\/span><\/p>\n<p style=\"text-align: left;\"><strong>Predsjednica eti\u010dkog povjerenstva<\/strong><\/p>\n<p style=\"text-align: left;\">dr.sc. Lara Wacha<\/p>\n<p style=\"text-align: left;\">\n<p style=\"text-align: left;\"><strong>\u00a0<\/strong><\/p>\n<p style=\"text-align: left;\"><strong>\u00a0<\/strong><\/p>\n<p>[\/et_pb_text][\/et_pb_column][et_pb_column type=&#8221;1_2&#8243; _builder_version=&#8221;4.16&#8243; global_colors_info=&#8221;{}&#8221;][et_pb_text _builder_version=&#8221;4.27.6&#8243; width=&#8221;94%&#8221; module_alignment=&#8221;left&#8221; hover_enabled=&#8221;0&#8243; global_colors_info=&#8221;{}&#8221; sticky_enabled=&#8221;0&#8243;]<\/p>\n<p style=\"text-align: left;\"><strong>Slu\u017ebenik za pristup informacijama i Slu\u017ebenik za za\u0161titu osobnih podataka <\/strong><\/p>\n<p style=\"text-align: left;\">Meri Mari\u0107, mag.iur, <a href=\"mailto:mmaric@hgi-cgs.hr\"><em>mmaric@hgi-cgs.hr<\/em><\/a><\/p>\n<p style=\"text-align: left;\"><strong><\/strong><\/p>\n<p style=\"text-align: left;\"><strong>Pravni, kadrovski, administrativni i op\u0107i poslovi<\/strong><\/p>\n<p style=\"text-align: left;\">Meri Mari\u0107, mag.iur, <a href=\"mailto:mmaric@hgi-cgs.hr\"><em>mmaric@hgi-cgs.hr<\/em><\/a><em><\/em><\/p>\n<p style=\"text-align: left;\">Suzana Vitas, <a href=\"mailto:ured@hgi-cgs.hr\"><em>ured@hgi-cgs.hr<\/em><\/a><\/p>\n<p style=\"text-align: left;\"><strong><\/strong><\/p>\n<p style=\"text-align: left;\"><strong>Knji\u017enica Instituta<\/strong><\/p>\n<p style=\"text-align: left;\">Tea Fluksi, knji\u017eni\u010dar, <a href=\"mailto:tea.fluksi@hgi-cgs.hr\"><em>tfluksi@hgi-cgs.hr<\/em><\/a><\/p>\n<p style=\"text-align: left;\"><strong>Fond stru\u010dne dokumentacije<br \/>\n<\/strong><\/p>\n<p style=\"text-align: left;\">Jasminka Martinjak, <a href=\"mailto:jasminka.martinjak@hgi-cgs.hr\"><em>jmartinjak@hgi-cgs.hr<\/em><\/a><span>\u00a0<\/span><\/p>\n<p style=\"text-align: left;\"><strong><\/strong><\/p>\n<p style=\"text-align: left;\"><strong>Ra\u010dunovodstvo i financije<\/strong><\/p>\n<p style=\"text-align: left;\">Bo\u017eica Habek, <em><a href=\"mailto:bozica.habek@ghi-cgs.hr\">bhabek@hgi-cgs.hr<\/a><\/em><\/p>\n<p style=\"text-align: left;\">\u0110ur\u0111ica Kraljevi\u0107,<em> <a href=\"dkraljevic@hgi-cgs.hr\">dkraljevic@hgi-cgs.hr<\/a><\/em><\/p>\n<p style=\"text-align: left;\"><em>Karlo Konji\u0107,<a href=\"mailto:kkonjic@hgi-cgs.hr\"> kkonjic@hgi-cgs.hr<\/a><\/em><\/p>\n<p style=\"text-align: left;\"><em>Ana Lu\u010di\u0107 <a href=\"mailto:alucic@hgi-cgs.hr\">alucic@hgi-cgs.hr<\/a><\/em><\/p>\n<p style=\"text-align: left;\"><strong><\/strong><\/p>\n<p style=\"text-align: left;\"><strong>Ra\u010dunalna podr\u0161ka<\/strong><\/p>\n<p style=\"text-align: left;\">Ivan Soka\u010d, <em><a href=\"ivan.sokac@hgi-cgs.hr\">isokac@hgi-cgs.hr<\/a><\/em><\/p>\n<p style=\"text-align: left;\">Igor Butorac, <em><a href=\"mailto:igor.butorac@hgi-cgs.hr\">ibutorac@hgi-cgs.hr<\/a><\/em><\/p>\n<p style=\"text-align: left;\">Kristijan Colussi,<em> <a href=\"mailto:kristijan.colussi@hgi-cgs.hr\">kcolussi@hgi-cgs.hr<\/a><\/em><\/p>\n<p style=\"text-align: left;\"><strong><\/strong><\/p>\n<p style=\"text-align: left;\"><strong>Mre\u017ene stranice<\/strong><\/p>\n<p style=\"text-align: left;\">Jasminka Martinjak,<em> <a href=\"mailto:jasminka.martinjak@hgi-cgs.hr\">jmartinjak@hgi-cgs.hr<\/a><\/em><\/p>\n<p>[\/et_pb_text][\/et_pb_column][\/et_pb_row][\/et_pb_section]<\/p>\n","protected":false},"excerpt":{"rendered":"<p>USTROJUPRAVNO VIJE\u0106E Ana Varja\u010di\u0107, Ministarstvo znanosti i obrazovanja (predsjednica) Tomislav Fiket, Prirodoslovno matemati\u010dki fakultet Sveu\u010dili\u0161ta u Zagrebu (zamjenik predsjednice) mr. sc. Ana Mi\u0161evi\u0107, Tehni\u010dko veleu\u010dili\u0161te u Zagrebu dr.sc.\u00a0 Vlatko Br\u010di\u0107, znanstveni suradnik, \u00a0Hrvatski geolo\u0161ki institut dr.sc. Tvrtko Korbar, znanstveni savjetnik u trajnom zvanju, Hrvatski geolo\u0161ki institut RAVNATELJICA dr.sc. Sta\u0161a Borovi\u0107, vi\u0161a znanstvena suradnica POMO\u0106NICI RAVNATELJICE [&hellip;]<\/p>\n","protected":false},"author":1,"featured_media":0,"parent":0,"menu_order":0,"comment_status":"closed","ping_status":"closed","template":"","meta":{"_et_pb_use_builder":"on","_et_pb_old_content":"","_et_gb_content_width":"","footnotes":""},"class_list":["post-28916","page","type-page","status-publish","hentry"],"aioseo_notices":[],"_links":{"self":[{"href":"https:\/\/www.hgi-cgs.hr\/en\/wp-json\/wp\/v2\/pages\/28916","targetHints":{"allow":["GET"]}}],"collection":[{"href":"https:\/\/www.hgi-cgs.hr\/en\/wp-json\/wp\/v2\/pages"}],"about":[{"href":"https:\/\/www.hgi-cgs.hr\/en\/wp-json\/wp\/v2\/types\/page"}],"author":[{"embeddable":true,"href":"https:\/\/www.hgi-cgs.hr\/en\/wp-json\/wp\/v2\/users\/1"}],"replies":[{"embeddable":true,"href":"https:\/\/www.hgi-cgs.hr\/en\/wp-json\/wp\/v2\/comments?post=28916"}],"version-history":[{"count":53,"href":"https:\/\/www.hgi-cgs.hr\/en\/wp-json\/wp\/v2\/pages\/28916\/revisions"}],"predecessor-version":[{"id":47896,"href":"https:\/\/www.hgi-cgs.hr\/en\/wp-json\/wp\/v2\/pages\/28916\/revisions\/47896"}],"wp:attachment":[{"href":"https:\/\/www.hgi-cgs.hr\/en\/wp-json\/wp\/v2\/media?parent=28916"}],"curies":[{"name":"wp","href":"https:\/\/api.w.org\/{rel}","templated":true}]}}