{"id":26367,"date":"2018-09-18T10:24:30","date_gmt":"2018-09-18T10:24:30","guid":{"rendered":"http:\/\/www.hgi-cgs.hr\/?page_id=26367"},"modified":"2018-09-18T10:24:30","modified_gmt":"2018-09-18T10:24:30","slug":"mineralogija","status":"publish","type":"page","link":"https:\/\/www.hgi-cgs.hr\/en\/mineralogija\/","title":{"rendered":"mineralogija"},"content":{"rendered":"<p>[et_pb_section bb_built=&#8221;1&#8243; next_background_color=&#8221;#000000&#8243;][et_pb_row][\/et_pb_row][\/et_pb_section][et_pb_section bb_built=&#8221;1&#8243; _builder_version=&#8221;3.15&#8243; background_image=&#8221;http:\/\/www.hgi-cgs.hr\/wp-content\/uploads\/2018\/09\/Ilijanic.jpg&#8221; parallax=&#8221;on&#8221; parallax_method=&#8221;off&#8221; bottom_divider_style=&#8221;arrow2&#8243; bottom_divider_color=&#8221;#ffffff&#8221; bottom_divider_height_phone=&#8221;63px&#8221; bottom_divider_height_last_edited=&#8221;on|phone&#8221; prev_background_color=&#8221;#ffffff&#8221; next_background_color=&#8221;#ffffff&#8221;][et_pb_row custom_padding=&#8221;50px|0px|60px|0px&#8221; _builder_version=&#8221;3.0.101&#8243; background_size=&#8221;initial&#8221; background_position=&#8221;top_left&#8221; background_repeat=&#8221;repeat&#8221;][et_pb_column type=&#8221;4_4&#8243;][et_pb_text disabled_on=&#8221;on|on|off&#8221; _builder_version=&#8221;3.0.101&#8243; text_font=&#8221;|800||on|||||&#8221; text_text_color=&#8221;rgba(127,175,208,0.25)&#8221; text_font_size=&#8221;100px&#8221; header_font=&#8221;||||||||&#8221; background_size=&#8221;initial&#8221; background_position=&#8221;top_left&#8221; background_repeat=&#8221;repeat&#8221; text_orientation=&#8221;center&#8221; custom_margin=&#8221;||-7px|&#8221; animation_style=&#8221;zoom&#8221; \/][\/et_pb_column][\/et_pb_row][\/et_pb_section][et_pb_section bb_built=&#8221;1&#8243; _builder_version=&#8221;3.0.47&#8243; prev_background_color=&#8221;#000000&#8243; next_background_color=&#8221;#000000&#8243;][et_pb_row use_custom_width=&#8221;on&#8221; width_unit=&#8221;off&#8221; custom_width_percent=&#8221;100%&#8221; custom_padding=&#8221;50px|0px|27px|0px|false|false&#8221; custom_padding_phone=&#8221;25px|||&#8221; custom_padding_last_edited=&#8221;on|phone&#8221; _builder_version=&#8221;3.9&#8243; background_color=&#8221;#ffffff&#8221; background_size=&#8221;initial&#8221; background_position=&#8221;top_left&#8221; background_repeat=&#8221;repeat&#8221;][et_pb_column type=&#8221;4_4&#8243;][et_pb_text _builder_version=&#8221;3.15&#8243; text_font=&#8221;||||||||&#8221; header_font=&#8221;||||||||&#8221; header_2_font=&#8221;|800|||||||&#8221; header_2_text_align=&#8221;center&#8221; header_2_text_color=&#8221;#1e5096&#8243; header_2_font_size=&#8221;54px&#8221; header_2_font_size_phone=&#8221;30px&#8221; header_2_font_size_last_edited=&#8221;on|phone&#8221; header_2_text_shadow_style=&#8221;preset1&#8243; header_2_text_shadow_horizontal_length=&#8221;0.03em&#8221; header_2_text_shadow_vertical_length=&#8221;0.03em&#8221; header_2_text_shadow_blur_strength=&#8221;0.05em&#8221; header_2_text_shadow_color=&#8221;rgba(0,0,0,0.3)&#8221; custom_margin=&#8221;||20px|&#8221; animation_direction=&#8221;bottom&#8221;]<\/p>\n<h2>Zavod za mineralne sirovine<\/h2>\n<p>[\/et_pb_text][et_pb_divider color=&#8221;#e0cd00&#8243; divider_position=&#8221;center&#8221; divider_weight=&#8221;7px&#8221; height=&#8221;40px&#8221; _builder_version=&#8221;3.15&#8243; max_width=&#8221;8%&#8221; module_alignment=&#8221;center&#8221; \/][\/et_pb_column][\/et_pb_row][\/et_pb_section][et_pb_section bb_built=&#8221;1&#8243; _builder_version=&#8221;3.14&#8243; custom_padding=&#8221;60px|0px|72px|0px|false|false&#8221; prev_background_color=&#8221;#000000&#8243;][et_pb_row use_custom_gutter=&#8221;on&#8221; gutter_width=&#8221;1&#8243; custom_padding=&#8221;0px|0px|0|0px|false|false&#8221; make_equal=&#8221;on&#8221; bg_img_1=&#8221;http:\/\/www.hgi-cgs.hr\/wp-content\/uploads\/2017\/11\/nikolina-1.jpg&#8221; padding_top_1=&#8221;75px&#8221; padding_right_1=&#8221;75px&#8221; padding_bottom_1=&#8221;75px&#8221; padding_left_1=&#8221;75px&#8221; padding_1_phone=&#8221;25px|25px|25px|25px&#8221; padding_1_last_edited=&#8221;on|phone&#8221; _builder_version=&#8221;3.15&#8243; background_color=&#8221;#f5f5f5&#8243; background_size=&#8221;initial&#8221; background_position=&#8221;top_left&#8221; background_repeat=&#8221;repeat&#8221; animation_direction=&#8221;left&#8221;][et_pb_column type=&#8221;1_3&#8243;][\/et_pb_column][et_pb_column type=&#8221;1_3&#8243;][et_pb_text _builder_version=&#8221;3.15&#8243; text_font=&#8221;||||||||&#8221; header_font=&#8221;||||||||&#8221; header_2_font=&#8221;|800|||||||&#8221; header_2_text_align=&#8221;left&#8221; header_2_text_color=&#8221;#1e5096&#8243; header_2_font_size=&#8221;36px&#8221; header_2_font_size_phone=&#8221;30px&#8221; header_2_font_size_last_edited=&#8221;on|phone&#8221; custom_margin=&#8221;20px|||50px&#8221; animation_direction=&#8221;bottom&#8221; inline_fonts=&#8221;Georgia&#8221;]<\/p>\n<h2><\/h2>\n<p><strong><span style=\"font-family: Georgia;\">Predstojnica: Dr.Sc. Nikolina Ilijani\u0107, dipl.ing geol.<br \/> <\/span><\/strong><\/p>\n<p>[\/et_pb_text][et_pb_divider color=&#8221;#e0cd00&#8243; divider_position=&#8221;center&#8221; divider_weight=&#8221;7px&#8221; height=&#8221;40px&#8221; _builder_version=&#8221;3.14&#8243; max_width=&#8221;25%&#8221; module_alignment=&#8221;left&#8221; custom_margin=&#8221;|||50px&#8221; custom_padding=&#8221;|||50px&#8221; animation_direction=&#8221;left&#8221; \/][et_pb_text _builder_version=&#8221;3.15&#8243; text_font=&#8221;||||||||&#8221; text_line_height=&#8221;1.9em&#8221; link_font=&#8221;||||||||&#8221; link_text_color=&#8221;#e09900&#8243; custom_margin=&#8221;35px|||50px&#8221;]<\/p>\n<p><strong>Tel:<\/strong> +385 1 6160 744<em><br \/>\n<\/em><strong> E-mail:<\/strong> <a href=\"mailto:nikolina.ilijanic@hgi-cgs.hr\">nilijanic@hgi-cgs.hr<\/a><\/p>\n<p>&nbsp;<\/p>\n<p>&nbsp;<\/p>\n<p>&nbsp;<\/p>\n<p>[\/et_pb_text][\/et_pb_column][et_pb_column type=&#8221;1_3&#8243;][et_pb_text _builder_version=&#8221;3.15&#8243; text_font=&#8221;||||||||&#8221; header_font=&#8221;||||||||&#8221; header_2_font=&#8221;|800|||||||&#8221; header_2_text_align=&#8221;left&#8221; header_2_text_color=&#8221;#1e5096&#8243; header_2_font_size=&#8221;36px&#8221; header_2_font_size_phone=&#8221;30px&#8221; header_2_font_size_last_edited=&#8221;on|phone&#8221; custom_margin=&#8221;20px|||50px&#8221; animation_direction=&#8221;bottom&#8221; inline_fonts=&#8221;Georgia&#8221;]<\/p>\n<h2><\/h2>\n<p><strong><span style=\"font-family: Georgia;\">Tajnica zavoda: Mirela \u017dic<br \/>\n<\/span><\/strong><\/p>\n<p>[\/et_pb_text][et_pb_divider color=&#8221;#e0cd00&#8243; divider_position=&#8221;center&#8221; divider_weight=&#8221;7px&#8221; height=&#8221;40px&#8221; _builder_version=&#8221;3.14&#8243; max_width=&#8221;25%&#8221; module_alignment=&#8221;left&#8221; custom_margin=&#8221;|||50px&#8221; custom_padding=&#8221;|||50px&#8221; animation_direction=&#8221;left&#8221; \/][et_pb_text _builder_version=&#8221;3.15&#8243; text_font=&#8221;||||||||&#8221; text_line_height=&#8221;1.9em&#8221; link_font=&#8221;||||||||&#8221; link_text_color=&#8221;#e09900&#8243; custom_margin=&#8221;35px|||50px&#8221;]<\/p>\n<p><strong>Tel:<\/strong> +385 1 6160 744<em><br \/>\n<\/em><strong> E-mail:<\/strong> <a href=\"mailto:mirela.zic@hgi-cgs.hr\">mzic@hgi-cgs.hr<\/a><\/p>\n<p>&nbsp;<\/p>\n<p>&nbsp;<\/p>\n<p>[\/et_pb_text][\/et_pb_column][\/et_pb_row][et_pb_row use_custom_gutter=&#8221;on&#8221; gutter_width=&#8221;1&#8243; custom_padding=&#8221;92px|0px|0px|0px|false|false&#8221; make_equal=&#8221;on&#8221; background_color_1=&#8221;#ffffff&#8221; padding_top_2=&#8221;75px&#8221; padding_right_2=&#8221;75px&#8221; padding_bottom_2=&#8221;75px&#8221; padding_left_2=&#8221;75px&#8221; padding_2_phone=&#8221;25px|25px|25px|25px&#8221; padding_2_last_edited=&#8221;on|phone&#8221; disabled_on=&#8221;off|off|off&#8221; _builder_version=&#8221;3.15&#8243; background_color=&#8221;#ffffff&#8221; background_size=&#8221;initial&#8221; background_position=&#8221;top_left&#8221; background_repeat=&#8221;repeat&#8221; animation_direction=&#8221;right&#8221;][et_pb_column type=&#8221;4_4&#8243;][et_pb_tabs _builder_version=&#8221;3.15&#8243;][et_pb_tab title=&#8221;O nama&#8221; _builder_version=&#8221;3.15&#8243;]Zavod za mineralne sirovine provodi istra\u017eivanja u podru\u010dju mineralnih sirovina i geokemije okoli\u0161a, te paleolimnologije i geologije podmorja. Istra\u017eujemo potencijalnost mineralnih resursa i utvr\u0111ujemo postojanje i karakteristike le\u017ei\u0161ta mineralnih sirovina u RH te njihovu genezu. Istra\u017eujemo geokemijska svojstva tala, kr\u0161kih polja, jezerskih i plitkomorskih sedimenata, te rekonstruiramo paleookoli\u0161ne promjene tijekom kvartara u teresti\u010dkim (jezera, treseti\u0161ta) i morskim okoli\u0161ima. Istra\u017eujemo promjene morske razine i prou\u010davamo migraciju obalne linije i transgresije mora tijekom kvartara, karakteriziramo morsko dno s geolo\u0161kog stajali\u0161ta i utvr\u0111ujemo debljine pojedinih geolo\u0161kih naslaga.   <\/p>\n<p><a style=\"color: #e09900;\" href=\"http:\/\/www.hgi-cgs.hr\/?page_id=26314&#038;preview=true\">Vi\u0161e.. <\/a>[\/et_pb_tab][et_pb_tab title=&#8221;Istra\u017eivanja&#8221; _builder_version=&#8221;3.15&#8243;][\/et_pb_tab][et_pb_tab title=&#8221;Laboratoriji&#8221; _builder_version=&#8221;3.15&#8243;]Istra\u017eivanja se provode terenskim i laboratorijskim istra\u017eivanjima. <strong>Terenska oprema<\/strong> obuhva\u0107a opremu za va\u0111enje neporeme\u0107enog slijeda rastresitih sedimenata i tala, sklopivu platformu, panoramske i vi\u0161esnopne dubinomjere te gumenjake i motore. Unutar Zavoda djeluju <strong>Geokemijski laboratorij<\/strong> i <strong>Sedimentolo\u0161ko-mineralo\u0161ki laboratorij<\/strong>, te <strong>Laboratorij za pripremu i skladi\u0161tenje uzoraka i jezgri sedimenata<\/strong> (rashladna komora).<\/p>\n<p><a style=\"color: #e09900;\" href=\"http:\/\/www.hgi-cgs.hr\/o-nama-zavod-za-mineralne-sirovine\/geokemijski-laboratorij\/\">Geokemijski laboratorij<\/a><\/p>\n<p><a style=\"color: #e09900;\" href=\"http:\/\/www.hgi-cgs.hr\/o-nama-zavod-za-mineralne-sirovine\/sedimentolosko-mineraloski-laboratorij\/\">Sedimentolo\u0161ko-mineralo\u0161ki laboratorij\u00a0<\/a><\/p>\n<p>Laboratorij za pripremu i skladi\u0161tenje uzoraka i jezgri sedimenata<\/p>\n<p><a style=\"color: #e09900;\" href=\"http:\/\/www.hgi-cgs.hr\/o-nama-zavod-za-mineralne-sirovine\/terenska-oprema\/\">Terenska oprema<\/a>[\/et_pb_tab][et_pb_tab title=&#8221;Projekti&#8221; _builder_version=&#8221;3.14&#8243;]Program geolo\u0161kih karata<\/p>\n<p>Projekti Hrvatske zaklade za znanost<\/p>\n<p>EU INTERREG projekti<\/p>\n<p>Ostali projekti[\/et_pb_tab][et_pb_tab title=&#8221;Zaposlenici&#8221; _builder_version=&#8221;3.14&#8243;][\/et_pb_tab][\/et_pb_tabs][\/et_pb_column][\/et_pb_row][\/et_pb_section]<\/p>\n","protected":false},"excerpt":{"rendered":"<p><div class=\"et_pb_row et_pb_row_0 et_pb_row_empty\">\n\t\t\t\t\n\t\t\t\t\n\t\t\t\t\n\t\t\t\t\n\t\t\t\t\n\t\t\t<\/div> Zavod za mineralne sirovine Predstojnica: Dr.Sc. Nikolina Ilijani\u0107, dipl.ing geol. Tel: +385 1 6160 744 E-mail: nilijanic@hgi-cgs.hr &nbsp; &nbsp; &nbsp; Tajnica zavoda: Mirela \u017dic Tel: +385 1 6160 744 E-mail: mzic@hgi-cgs.hr &nbsp; &nbsp; Zavod za mineralne sirovine provodi istra\u017eivanja u podru\u010dju mineralnih sirovina i geokemije okoli\u0161a, te paleolimnologije i geologije podmorja. Istra\u017eujemo potencijalnost mineralnih [&hellip;]<\/p>\n","protected":false},"author":1,"featured_media":0,"parent":0,"menu_order":0,"comment_status":"closed","ping_status":"closed","template":"","meta":{"_et_pb_use_builder":"on","_et_pb_old_content":"","_et_gb_content_width":"","footnotes":""},"class_list":["post-26367","page","type-page","status-publish","hentry"],"aioseo_notices":[],"_links":{"self":[{"href":"https:\/\/www.hgi-cgs.hr\/en\/wp-json\/wp\/v2\/pages\/26367","targetHints":{"allow":["GET"]}}],"collection":[{"href":"https:\/\/www.hgi-cgs.hr\/en\/wp-json\/wp\/v2\/pages"}],"about":[{"href":"https:\/\/www.hgi-cgs.hr\/en\/wp-json\/wp\/v2\/types\/page"}],"author":[{"embeddable":true,"href":"https:\/\/www.hgi-cgs.hr\/en\/wp-json\/wp\/v2\/users\/1"}],"replies":[{"embeddable":true,"href":"https:\/\/www.hgi-cgs.hr\/en\/wp-json\/wp\/v2\/comments?post=26367"}],"version-history":[{"count":2,"href":"https:\/\/www.hgi-cgs.hr\/en\/wp-json\/wp\/v2\/pages\/26367\/revisions"}],"predecessor-version":[{"id":26371,"href":"https:\/\/www.hgi-cgs.hr\/en\/wp-json\/wp\/v2\/pages\/26367\/revisions\/26371"}],"wp:attachment":[{"href":"https:\/\/www.hgi-cgs.hr\/en\/wp-json\/wp\/v2\/media?parent=26367"}],"curies":[{"name":"wp","href":"https:\/\/api.w.org\/{rel}","templated":true}]}}